{"id":1021,"date":"2021-04-15T11:20:23","date_gmt":"2021-04-15T09:20:23","guid":{"rendered":"https:\/\/ifan.ifa-dev.com\/?page_id=1021"},"modified":"2022-02-21T17:08:56","modified_gmt":"2022-02-21T16:08:56","slug":"archive","status":"publish","type":"page","link":"https:\/\/ifan.ucad.sn\/en\/information-scientifique\/archive\/","title":{"rendered":"Service des Archives"},"content":{"rendered":"\n<div class=\"wp-block-columns is-layout-flex wp-container-core-columns-is-layout-9d6595d7 wp-block-columns-is-layout-flex\">\n<div class=\"wp-block-column is-layout-flow wp-block-column-is-layout-flow\" style=\"flex-basis:66.66%\">\n<p>Chef du service:&nbsp;<strong>&nbsp;M. Souleymane GAYE<\/strong><br>Adresse mail :&nbsp;<em><strong>archives.ifan@ucad.edu.sn<\/strong><\/em><br>T\u00e9l\u00e9phone :&nbsp;<strong>+221 33 824 16 52<\/strong><br>D\u00e9partement :&nbsp;<strong><em>Information Scientifique<\/em><\/strong><\/p>\n\n\n\n<p>Le <strong>service des Archives<\/strong> de l\u2019IFAN Ch. A. Diop est plac\u00e9 sous la tutelle du <strong>D\u00e9partement de l\u2019Information Scientifique<\/strong> o\u00f9 il forme avec le service audiovisuel, le service de la documentation et le service des publications un v\u00e9ritable complexe documentaire au profit de la recherche scientifique. Apr\u00e8s avoir h\u00e9rit\u00e9 de la gestion des archives du Gouvernement g\u00e9n\u00e9ral de l&#8217;AOF (1942- 1954), l&#8217;IFAN s&#8217;est dot\u00e9 d&#8217;un <strong>service des Archives en 2004<\/strong>. Depuis mars 2020, le service englobe la section des manuscrits de l&#8217;IFAN. Le Service des Archives de l\u2019IFAN conserve un riche patrimoine documentaire d\u2019une haute valeur historique, scientifique et culturelle. <\/p>\n\n\n\n<p>Estim\u00e9 \u00e0 plus de 40 m\u00e8tres lin\u00e9aires, les archives historiques de l\u2019IFAN sont conserv\u00e9es dans un d\u00e9p\u00f4t d\u2019environ 10 m2. Le Fonds historique des archives de l\u2019IFAN est subdivis\u00e9 en cinq (05) s\u00e9ries r\u00e9parties en sous-s\u00e9ries. Il s\u2019agit de :<\/p>\n\n\n\n<ol class=\"wp-block-list\"><li><strong>La s\u00e9rie A : <em>Organisation et fonctionnement de l\u2019Institut<\/em><\/strong><\/li><li><strong>La s\u00e9rie B : <em>Affaires du Personnel<\/em><\/strong><\/li><li><strong>La s\u00e9rie C : <em>Correspondances<\/em><\/strong><\/li><li><strong>La s\u00e9rie D : <em>Congr\u00e8s et rencontres diverses<\/em><\/strong><\/li><li><strong>La s\u00e9rie E : <em>Missions et travaux de recherche<\/em><\/strong><\/li><\/ol>\n\n\n\n<p>Quant aux manuscrits leur nombre est estim\u00e9 \u00e0 2570 documents. Ils sont constitu\u00e9s de manuscrits arabo-islamiques et d\u2019autres \u00e9crits en caract\u00e8res latins (fran\u00e7ais ou langues locales) conserv\u00e9s dans neuf fonds.<\/p>\n<\/div>\n\n\n\n<div class=\"wp-block-column is-layout-flow wp-block-column-is-layout-flow\" style=\"flex-basis:33.33%\">\n<div>\n  <ul class=\"menu-menu-principal sommaire-ifan\">\n       <li><a href=\"https:\/\/ifan.ucad.sn\/information-scientifique\/\">Pr\u00e9sentation<\/a><\/li>\n<li><a href=\"#\" class=\"active\">Archives<\/a>\n<ul>\n<li><a href=\"https:\/\/ifan.ucad.sn\/archives-fonds-documentaires\">Fonds documentaires<\/a><\/li>\n<li>Membres<\/li>\n<\/ul>\n<\/li>\n<li><a href=\"https:\/\/ifan.ucad.sn\/audiovisuel\/\">Audiovisuel<\/a>\n<ul>\n<li><a href=\"https:\/\/ifan.ucad.sn\/service-audiovisuel-horaires\/\">Horaires<\/a><\/li>\n<li>Membres<\/li>\n<\/ul>\n<\/li>\n<li><a href=\"https:\/\/ifan.ucad.sn\/documentations\/\">Documentations<\/a>\n<ul>\n<li><a href=\"https:\/\/ifan.ucad.sn\/service-de-la-documentation-fonds-documentaires\/\">Fonds documentaires<\/a><\/li>\n<li><a href=\"https:\/\/ifan.ucad.sn\/service-de-la-documentation\/\">Horaires<\/a><\/li><li>Membres<\/li>\n<\/ul>\n<\/li>\n<li><a href=\"https:\/\/ifan.ucad.sn\/publications\/\">Publications<\/a>\n<ul>\n<li>Publications<\/li>\n<li>Membres<\/li>\n<\/ul><\/li>\n\n<\/ul>\n<\/div>\n<\/div>\n<\/div>\n","protected":false},"excerpt":{"rendered":"<p>Chef du service:&nbsp;&nbsp;M. Souleymane GAYEAdresse mail :&nbsp;archives.ifan@ucad.edu.snT\u00e9l\u00e9phone :&nbsp;+221 33 824 16 52D\u00e9partement :&nbsp;Information Scientifique Le service des Archives de l\u2019IFAN Ch. A. Diop est plac\u00e9 sous la tutelle du D\u00e9partement de l\u2019Information Scientifique o\u00f9 il forme avec le service audiovisuel, le service de la documentation et le service des publications un v\u00e9ritable complexe documentaire au [&hellip;]<\/p>\n","protected":false},"author":1,"featured_media":0,"parent":60,"menu_order":0,"comment_status":"closed","ping_status":"closed","template":"templates\/template-page-full-width.php","meta":{"_monsterinsights_skip_tracking":false,"_monsterinsights_sitenote_active":false,"_monsterinsights_sitenote_note":"","_monsterinsights_sitenote_category":0,"footnotes":""},"class_list":["post-1021","page","type-page","status-publish","hentry"],"_links":{"self":[{"href":"https:\/\/ifan.ucad.sn\/en\/wp-json\/wp\/v2\/pages\/1021","targetHints":{"allow":["GET"]}}],"collection":[{"href":"https:\/\/ifan.ucad.sn\/en\/wp-json\/wp\/v2\/pages"}],"about":[{"href":"https:\/\/ifan.ucad.sn\/en\/wp-json\/wp\/v2\/types\/page"}],"author":[{"embeddable":true,"href":"https:\/\/ifan.ucad.sn\/en\/wp-json\/wp\/v2\/users\/1"}],"replies":[{"embeddable":true,"href":"https:\/\/ifan.ucad.sn\/en\/wp-json\/wp\/v2\/comments?post=1021"}],"version-history":[{"count":13,"href":"https:\/\/ifan.ucad.sn\/en\/wp-json\/wp\/v2\/pages\/1021\/revisions"}],"predecessor-version":[{"id":1961,"href":"https:\/\/ifan.ucad.sn\/en\/wp-json\/wp\/v2\/pages\/1021\/revisions\/1961"}],"up":[{"embeddable":true,"href":"https:\/\/ifan.ucad.sn\/en\/wp-json\/wp\/v2\/pages\/60"}],"wp:attachment":[{"href":"https:\/\/ifan.ucad.sn\/en\/wp-json\/wp\/v2\/media?parent=1021"}],"curies":[{"name":"wp","href":"https:\/\/api.w.org\/{rel}","templated":true}]}}