{"id":114,"date":"2021-01-11T15:50:15","date_gmt":"2021-01-11T14:50:15","guid":{"rendered":"http:\/\/testsites.ucad.sn\/?page_id=114"},"modified":"2022-02-04T10:07:13","modified_gmt":"2022-02-04T09:07:13","slug":"laboratoire-linguistique","status":"publish","type":"page","link":"https:\/\/ifan.ucad.sn\/en\/laboratoire-linguistique\/","title":{"rendered":"Laboratoire Linguistique"},"content":{"rendered":"\n<div class=\"wp-block-columns is-layout-flex wp-container-core-columns-is-layout-9d6595d7 wp-block-columns-is-layout-flex\">\n<div class=\"wp-block-column is-layout-flow wp-block-column-is-layout-flow\" style=\"flex-basis:66.66%\">\n<p><meta charset=\"utf-8\"><strong>Chef du Laboratoire <\/strong>:\u00a0<a href=\"https:\/\/ifan.ucad.sn\/docteur-adjaratou-oumar-sall\/\" data-type=\"page\" data-id=\"1603\">Dr. Adjaroutou Oumar SALL<\/a><br><strong>Adresse email<\/strong> : <a href=\"mailto:langues-civilisations.ifan@ucad.edu.sn\">langues-civilisations.ifan@ucad.edu.sn<\/a><br><strong>T\u00e9l\u00e9phone<\/strong>  :\u00a0 +221 33 824 16 52<\/p>\n\n\n\n<p class=\"justify-text\">La mission du laboratoire de linguistique de l\u2019IFAN Ch. A. Diop, des origines \u00e0 nos jours, est de contribuer \u00e0 la production de connaissances scientifiques sur les langues africaines \u00e0 partir d\u2019une perspective de recherche fondamentale et \u00ab inter-langues \u00bb. <\/p>\n\n\n\n<p class=\"justify-text\">De grands chercheurs ont marqu\u00e9 de leur empreinte la marche de l\u2019institution et du laboratoire de linguistique. Il faut noter que l\u2019IFAN accueille des linguistes depuis 1948 (Maurice Houis) et a vu passer des g\u00e9n\u00e9rations de chercheurs tels que Serge Sauvageot, Arame Fal Diop, Path\u00e9 Diagne, Jeanne Lopis Sylla, Y\u00e9ro Sylla, Fary Silate Ka, et plus r\u00e9cemment Anna Marie Diagne, Adjaratou Oumar Sall, Mouhamed Abdallah Ly et Mamarame Seck. Un tout nouveau Mamour Dram\u00e9 chercheur a \u00e9t\u00e9 recrut\u00e9 en janvier 2022. Tous ces chercheurs ont contribu\u00e9 et continuent de le faire, par leur production scientifique, mais aussi leurs initiatives personnelles et collectives, au rayonnement du laboratoire de linguistique et \u00e0 la promotion des langues nationales au S\u00e9n\u00e9gal et en Afrique. <\/p>\n\n\n\n<p class=\"justify-text\">La recherche s\u2019est d\u2019abord d\u00e9velopp\u00e9e dans ce laboratoire autour de centres d\u2019int\u00e9r\u00eat tels que la grammaire de quelques langues du groupe Niger-Congo, notamment sa branche nord-atlantique avec des langues comme le Seereer, le Pulaar, le Sonink\u00e9, et le Wolof, et la promotion d\u2019outils d\u2019apprentissage, de vulgarisation, d\u2019alphab\u00e9tisation en langues nationales parmi lesquels des glossaires, des dictionnaires, des pr\u00e9cis de grammaire, des manuels de didactique, des documents audiovisuels. Les chercheurs ont en plus coop\u00e9r\u00e9 au travail de codification des syst\u00e8mes orthographiques de nombreuses langues africaines. Aujourd\u2019hui, le laboratoire a \u00e9largi son champ avec la venue de nouveaux chercheurs pour s\u2019int\u00e9resser \u00e0 des domaines aussi divers que la didactique des langues, l\u2019analyse du discours, la pragmatique, l\u2019anthropologie du langage, la sociolinguistique, et la communication entre autres. <\/p>\n\n\n\n<p class=\"justify-text\">L\u2019\u00e9quipe de recherche actuelle joue \u00e9galement un r\u00f4le important dans la discussion et la diffusion des savoirs sur les langues africaines en organisant de nombreuses rencontres scientifiques dont Les Causeries du laboratoire de linguistique et les RELACS qui ont accueilli ces quatre derni\u00e8res ann\u00e9es une quarantaine de s\u00e9minaires. Le fonds documentaire du laboratoire de linguistique est compos\u00e9 des monographies et th\u00e8ses r\u00e9alis\u00e9es par les chercheurs, des ouvrages et articles scientifiques qu\u2019ils ont fait paraitre, des p\u00e9riodiques et des actes de rencontre scientifiques publi\u00e9s sous l\u2019\u00e9gide du laboratoire, enfin des m\u00e9moires et th\u00e8ses soutenus par des \u00e9tudiants et doctorants dont ils ont encadr\u00e9 les recherches et des documents audiovisuels sur certaines langues \u00e9tudi\u00e9es. <\/p>\n\n\n\n<p class=\"justify-text\">Parmi les programmes de recherche institutionnels pr\u00e9sentement men\u00e9s au sein du laboratoire l\u2019on compte la confection d\u2019un atlas de sociolinguistique des langues du S\u00e9n\u00e9gal \u00e9tude des id\u00e9ophones dans les langues africaines, des dictionnaires mono et multilingues, des cours de wolof lecture et \u00e9criture, des rencontres litt\u00e9raires en wolof avec collaboration avec d\u2019autres associations et militants des langues nationales. <\/p>\n\n\n\n<p class=\"justify-text\">Enfin, \u00e0 titre individuel ou en \u00e9quipe, les chercheurs du laboratoire participent \u00e0 de nombreux partenariats scientifiques nationaux et internationaux.<\/p>\n<\/div>\n\n\n\n<div class=\"wp-block-column is-layout-flow wp-block-column-is-layout-flow\" style=\"flex-basis:33.33%\">\n<div>\n  <ul class=\"menu-menu-principal sommaire-ifan\">\n       <li><a href=\"https:\/\/ifan.ucad.sn\/langues-civilisations\/\">Pr\u00e9sentation<\/a><\/li>\n<li><a class=\"active\" href=\"#\">Linguistique<\/a>\n<ul>\n<li><a href=\"https:\/\/ifan.ucad.sn\/membres-laboratoire-lingustique\/\">Membres<\/a><\/li>\n<li>Publications<\/li>\n<\/ul><\/li>\n<li><a href=\"https:\/\/ifan.ucad.sn\/islamologie\/\">Islamologie<\/a>\n<ul>\n<li><a href=\"https:\/\/ifan.ucad.sn\/islam-membres\/\">Membres<\/a><\/li>\n<li>Publications<\/li>\n<\/ul>\n<\/li>\n<li><a href=\"https:\/\/ifan.ucad.sn\/litterature-orale\/\">Litt\u00e9rature orale<\/a>\n<ul>\n<li>Membres<\/li>\n<li>Publications<\/li>\n<\/ul>\n<\/li>\n<li><a href=\"https:\/\/ifan.ucad.sn\/antropologie-culturelle\/\">Anthropologie culturelle<\/a>\n<ul>\n<li>Membres<\/li>\n<li>Publications<\/li>\n<\/ul>\n<\/li>\n\n<\/ul>\n<\/div>\n<\/div>\n<\/div>\n","protected":false},"excerpt":{"rendered":"<p>Chef du Laboratoire :\u00a0Dr. Adjaroutou Oumar SALLAdresse email : langues-civilisations.ifan@ucad.edu.snT\u00e9l\u00e9phone :\u00a0 +221 33 824 16 52 La mission du laboratoire de linguistique de l\u2019IFAN Ch. A. Diop, des origines \u00e0 nos jours, est de contribuer \u00e0 la production de connaissances scientifiques sur les langues africaines \u00e0 partir d\u2019une perspective de recherche fondamentale et \u00ab inter-langues [&hellip;]<\/p>\n","protected":false},"author":1,"featured_media":0,"parent":0,"menu_order":0,"comment_status":"closed","ping_status":"closed","template":"templates\/template-page-full-width.php","meta":{"_monsterinsights_skip_tracking":false,"_monsterinsights_sitenote_active":false,"_monsterinsights_sitenote_note":"","_monsterinsights_sitenote_category":0,"footnotes":""},"class_list":["post-114","page","type-page","status-publish","hentry"],"_links":{"self":[{"href":"https:\/\/ifan.ucad.sn\/en\/wp-json\/wp\/v2\/pages\/114","targetHints":{"allow":["GET"]}}],"collection":[{"href":"https:\/\/ifan.ucad.sn\/en\/wp-json\/wp\/v2\/pages"}],"about":[{"href":"https:\/\/ifan.ucad.sn\/en\/wp-json\/wp\/v2\/types\/page"}],"author":[{"embeddable":true,"href":"https:\/\/ifan.ucad.sn\/en\/wp-json\/wp\/v2\/users\/1"}],"replies":[{"embeddable":true,"href":"https:\/\/ifan.ucad.sn\/en\/wp-json\/wp\/v2\/comments?post=114"}],"version-history":[{"count":13,"href":"https:\/\/ifan.ucad.sn\/en\/wp-json\/wp\/v2\/pages\/114\/revisions"}],"predecessor-version":[{"id":1627,"href":"https:\/\/ifan.ucad.sn\/en\/wp-json\/wp\/v2\/pages\/114\/revisions\/1627"}],"wp:attachment":[{"href":"https:\/\/ifan.ucad.sn\/en\/wp-json\/wp\/v2\/media?parent=114"}],"curies":[{"name":"wp","href":"https:\/\/api.w.org\/{rel}","templated":true}]}}