{"id":1150,"date":"2021-05-07T11:35:01","date_gmt":"2021-05-07T09:35:01","guid":{"rendered":"https:\/\/ifan.ifa-dev.com\/?page_id=1150"},"modified":"2023-07-17T11:09:57","modified_gmt":"2023-07-17T09:09:57","slug":"etudes-sociales","status":"publish","type":"page","link":"https:\/\/ifan.ucad.sn\/en\/etudes-sociales\/","title":{"rendered":"Laboratoire Etudes Sociales"},"content":{"rendered":"\n<div class=\"wp-block-columns is-layout-flex wp-container-core-columns-is-layout-9d6595d7 wp-block-columns-is-layout-flex\">\n<div class=\"wp-block-column is-vertically-aligned-top is-layout-flow wp-block-column-is-layout-flow\" style=\"flex-basis:66.66%\">\n<p>Chef de labo :\u00a0<strong>Mouhamed Abdallah Ly<\/strong><br>Adresse mail :\u00a0<strong><em>mouhamed.ly@ucad.edu.sn<\/em><\/strong><br>T\u00e9l\u00e9phone :\u00a0(<strong>221) 33 825 98 90 \/ 33 824 16 52<\/strong><br>D\u00e9partement :\u00a0<strong>Sciences Humaines<\/strong><\/p>\n\n\n\n<p>Titre :&nbsp;<strong><em>P\u00f4le d\u2019Observation et d\u2019\u00c9tudes sur la Migration et l\u2019Environnement<\/em><\/strong>&nbsp;<\/p>\n\n\n\n<p>Responsable :&nbsp;Mouhamed&nbsp;A. Ly&nbsp;<\/p>\n\n\n\n<p>Pr\u00e9sentation des objectifs&nbsp;:&nbsp;<\/p>\n\n\n\n<p class=\"justify-text\">Le P\u00f4le d\u2019Observation et d\u2019\u00c9tude sur la Migration et l\u2019Environnement (POEME-IFAN) est un des deux p\u00f4les de recherche du Laboratoire des \u00c9tudes sociales de l\u2019IFAN Ch. A. Diop institu\u00e9s en f\u00e9vrier 2022. Son objectif scientifique est de faire coexister, \u00e0&nbsp;c\u00f4t\u00e9 des recherches classiques en sociologie, en anthropologie, en g\u00e9ographie, sur la migration et l\u2019environnement, des pistes de recherche compl\u00e9mentaires qui, \u00e0 partir des approches externes et internes des sciences du langage, \u00e9tudient la migration et l\u2019environnement, \u00e0 la lumi\u00e8re des mots, des langues, des discours, des pratiques langagi\u00e8res et des litt\u00e9ratures orales sp\u00e9cifiques de l\u2019univers culturel ouest-africain afin de r\u00e9v\u00e9ler autrement les repr\u00e9sentations et les dynamiques sociales relatives \u00e0 ces ph\u00e9nom\u00e8nes.&nbsp;<\/p>\n\n\n\n<p><strong>Titre :&nbsp;<\/strong><strong><em>P\u00f4le Religion, Politique et S\u00e9curit\u00e9<\/em><\/strong><\/p>\n\n\n\n<p>Responsable : Mamadou Bodian<\/p>\n\n\n\n<p>Pr\u00e9sentation des objectifs :<\/p>\n\n\n\n<p class=\"justify-text\">Le P\u00f4le Religion, Politique et S\u00e9curit\u00e9 (REPOSE-IFAN) est une unit\u00e9 de recherche du Laboratoire d&#8217;\u00e9tudes sociales Ch. A. Diop de l&#8217;IFAN. Cr\u00e9\u00e9 en f\u00e9vrier 2022, son objectif est de comprendre les dynamiques religieuses, politiques et s\u00e9curitaires dans les pays du Sahel ouest-africain. Ses recherches privil\u00e9gient les analyses sociologiques et politiques et recourent \u00e0 une m\u00e9thodologie mixte (quantitative et qualitative) pour comprendre comment les acteurs, les structures et les processus contribuent \u00e0 fa\u00e7onner ces dynamiques.<\/p>\n<\/div>\n\n\n\n<div class=\"wp-block-column is-layout-flow wp-block-column-is-layout-flow\" style=\"flex-basis:33.33%\">\n<div>\n    <ul class=\"menu-menu-principal sommaire-ifan\">\n        <li><a href=\"https:\/\/ifan.ucad.sn\/sciences-humaines\/\">Pr\u00e9sentation<\/a><\/li>\n        <li><a href=\"https:\/\/ifan.ucad.sn\/archeologie\/\">Arch\u00e9ologie<\/a>\n            <ul>\n                <li><a href=\"https:\/\/ifan.ucad.sn\/archeologie-membres\/\">Membres<\/a><\/li>\n            <\/ul>\n        <\/li>\n        <li><a href=\"https:\/\/ifan.ucad.sn\/histoire\/\">Histoire<\/a>\n            <ul>\n                <li><a href=\"https:\/\/ifan.ucad.sn\/sciences-humaines-histoire-membres\/\">Membres<\/a><\/li>\n            <\/ul>\n        <\/li>\n        <li><a href=\"https:\/\/ifan.ucad.sn\/geographie\/\">G\u00e9ographie<\/a>\n            <ul>\n                <li><a href=\"https:\/\/ifan.ucad.sn\/sciences-humaine-geographie-membres\/\">Membres<\/a><\/li>\n            <\/ul>\n        <\/li>\n        <li><a href=\"https:\/\/ifan.ucad.sn\/sociologie\/\">Sociologie<\/a>\n            <ul>\n                <li>Membres<\/li>\n            <\/ul>\n        <\/li>\n        <li><a class=\"active\" href=\"https:\/\/ifan.ucad.sn\/etudes-sociales\/\">Etudes Sociales<\/a>\n            <ul>\n                <li> <a href=\"https:\/\/ifan.ucad.sn\/sciences-humaines-etudes-sociales-membres\/\">Membres<\/a><\/li>\n            <\/ul>\n        <\/li>\n    <\/ul>\n<\/div>\n<\/div>\n<\/div>\n","protected":false},"excerpt":{"rendered":"<p>Chef de labo :\u00a0Mouhamed Abdallah LyAdresse mail :\u00a0mouhamed.ly@ucad.edu.snT\u00e9l\u00e9phone :\u00a0(221) 33 825 98 90 \/ 33 824 16 52D\u00e9partement :\u00a0Sciences Humaines Titre :&nbsp;P\u00f4le d\u2019Observation et d\u2019\u00c9tudes sur la Migration et l\u2019Environnement&nbsp; Responsable :&nbsp;Mouhamed&nbsp;A. Ly&nbsp; Pr\u00e9sentation des objectifs&nbsp;:&nbsp; Le P\u00f4le d\u2019Observation et d\u2019\u00c9tude sur la Migration et l\u2019Environnement (POEME-IFAN) est un des deux p\u00f4les de recherche du [&hellip;]<\/p>\n","protected":false},"author":1,"featured_media":0,"parent":0,"menu_order":0,"comment_status":"closed","ping_status":"closed","template":"templates\/template-page-full-width.php","meta":{"_monsterinsights_skip_tracking":false,"_monsterinsights_sitenote_active":false,"_monsterinsights_sitenote_note":"","_monsterinsights_sitenote_category":0,"footnotes":""},"class_list":["post-1150","page","type-page","status-publish","hentry"],"_links":{"self":[{"href":"https:\/\/ifan.ucad.sn\/en\/wp-json\/wp\/v2\/pages\/1150","targetHints":{"allow":["GET"]}}],"collection":[{"href":"https:\/\/ifan.ucad.sn\/en\/wp-json\/wp\/v2\/pages"}],"about":[{"href":"https:\/\/ifan.ucad.sn\/en\/wp-json\/wp\/v2\/types\/page"}],"author":[{"embeddable":true,"href":"https:\/\/ifan.ucad.sn\/en\/wp-json\/wp\/v2\/users\/1"}],"replies":[{"embeddable":true,"href":"https:\/\/ifan.ucad.sn\/en\/wp-json\/wp\/v2\/comments?post=1150"}],"version-history":[{"count":22,"href":"https:\/\/ifan.ucad.sn\/en\/wp-json\/wp\/v2\/pages\/1150\/revisions"}],"predecessor-version":[{"id":7482,"href":"https:\/\/ifan.ucad.sn\/en\/wp-json\/wp\/v2\/pages\/1150\/revisions\/7482"}],"wp:attachment":[{"href":"https:\/\/ifan.ucad.sn\/en\/wp-json\/wp\/v2\/media?parent=1150"}],"curies":[{"name":"wp","href":"https:\/\/api.w.org\/{rel}","templated":true}]}}