{"id":1172,"date":"2021-05-17T13:02:38","date_gmt":"2021-05-17T11:02:38","guid":{"rendered":"https:\/\/ifan.ifa-dev.com\/?page_id=1172"},"modified":"2023-03-28T11:01:19","modified_gmt":"2023-03-28T09:01:19","slug":"biologie-animale-le-laboratoire-de-traitement-des-eaux-usees","status":"publish","type":"page","link":"https:\/\/ifan.ucad.sn\/en\/biologie-animale-le-laboratoire-de-traitement-des-eaux-usees\/","title":{"rendered":"Biologie Animale &#8211; Le laboratoire de Traitement des eaux us\u00e9es"},"content":{"rendered":"\n<div class=\"wp-block-columns is-layout-flex wp-container-core-columns-is-layout-9d6595d7 wp-block-columns-is-layout-flex\">\n<div class=\"wp-block-column is-layout-flow wp-block-column-is-layout-flow\" style=\"flex-basis:66.66%\">\n<p><meta charset=\"utf-8\">Chef du Laboratoire :&nbsp;<a href=\"https:\/\/ifan.ucad.sn\/nouhou-diaby\/\" data-type=\"page\" data-id=\"1351\">Dr Nouhou DIABY<\/a><\/p>\n\n\n\n<p>D\u00e9partement: <a href=\"https:\/\/ifan.ucad.sn\/biologie-animale\/\" data-type=\"page\" data-id=\"54\">Biologie animale<\/a><br>Adresse mail : <strong><a href=\"mailto:biologie-animale.ifan@ucad.edu.sn\">lateu@ucad.edu.sn<\/a><\/strong><br>T\u00e9l\u00e9phone :\u00a0 +221 33 824 16 52<\/p>\n\n\n\n<p>Le Laboratoire de Traitement des Eaux Us\u00e9es (LATEU) a \u00e9t\u00e9 cr\u00e9\u00e9 en 1998 avec la collaboration de l\u2019\u00e9quipe \u00ab&nbsp;Relais Urbain pour le d\u00e9veloppement Particip\u00e9 (RUP)&nbsp;\u00bb de l\u2019ONG Enda Tiers Monde. Sa cr\u00e9ation a \u00e9t\u00e9 rendue possible gr\u00e2ce \u00e0 l\u2019engagement institutionnel de l\u2019IFAN et l\u2019appui financier du Centre Recherche pour le D\u00e9veloppement International (CRDI) et de l\u2019Agence Canadien pour le D\u00e9veloppement International (ACDI). En 2003, il a \u00e9t\u00e9 int\u00e9gr\u00e9 par le conseil d\u2019administration de l\u2019IFAN dans l\u2019organigramme de l\u2019institut.<\/p>\n\n\n\n<p>En 2006, le LATEU a \u00e9t\u00e9 s\u00e9lectionn\u00e9 par l\u2019Organisation Mondiale de la Sant\u00e9 (OMS) et le CRDI comme Centre R\u00e9gional d\u2019Excellence sur les questions li\u00e9es \u00e0 la valorisation des eaux us\u00e9es dans l\u2019agriculture en m\u00eame temps que l\u2019International Water Management Institute (IWMI) au Ghana, l\u2019ex-Centre R\u00e9gional pour l\u2019Eau Potable et l\u2019Assainissement (CREPA) au Burkina Faso et le Centre Suisse de Recherche en C\u00f4te d\u2019Ivoire.<\/p>\n\n\n\n<p>Le LATEU dispose d\u2019un plateau technique compos\u00e9 de deux salles \u00e9quip\u00e9es pour les analyses microbiologiques (bact\u00e9riologie et parasitologie) et physico-chimiques, d\u2019une station pilote de traitement des eaux us\u00e9es et d\u2019une station m\u00e9t\u00e9o.<\/p>\n<\/div>\n\n\n\n<div class=\"wp-block-column is-layout-flow wp-block-column-is-layout-flow\" style=\"flex-basis:33.33%\">\n<div>\n  <ul class=\"menu-menu-principal sommaire-ifan\">\n       <li><a href=\"https:\/\/ifan.ucad.sn\/biologie-animale\/\">Pr\u00e9sentation<\/a><\/li>\n<li><a href=\"#\">Biologie marine<\/a>\n<ul>\n<li><a href=\"https:\/\/ifan.ucad.sn\/biologie-marine-membres-2\/\">Membres<\/a><\/li>\n<\/ul><\/li>\n<li><a href=\"#\">Zoologie  des Vert\u00e9br\u00e9s Terrestres <\/a>\n<ul>\n<li><a href=\"https:\/\/ifan.ucad.sn\/zoologie-des-vertebres-terrestres-membres\/\">Membres<\/a><\/li>\n<\/ul>\n<\/li>\n<li><a href=\"#\">Zoologie  des Invert\u00e9br\u00e9s Terrestres <\/a>\n<ul>\n<li><a href=\"https:\/\/ifan.ucad.sn\/zoologie-des-invertebres-terrestres-membres\/\">Membres<\/a><\/li>\n<\/ul>\n<\/li>\n<li><a class=\"active\" href=\"https:\/\/ifan.ucad.sn\/biologie-animale-le-laboratoire-de-traitement-des-eaux-usees\/\">Traitement des Eaux Us\u00e9es<\/a>\n<ul>\n<li><a href=\"https:\/\/ifan.ucad.sn\/lateu-membres\">Membres<\/a><\/li>\n<\/ul>\n<\/li>\n\n<\/ul>\n<\/div>\n<\/div>\n<\/div>\n\n\n\n<p><\/p>\n","protected":false},"excerpt":{"rendered":"<p>Chef du Laboratoire :&nbsp;Dr Nouhou DIABY D\u00e9partement: Biologie animaleAdresse mail : lateu@ucad.edu.snT\u00e9l\u00e9phone :\u00a0 +221 33 824 16 52 Le Laboratoire de Traitement des Eaux Us\u00e9es (LATEU) a \u00e9t\u00e9 cr\u00e9\u00e9 en 1998 avec la collaboration de l\u2019\u00e9quipe \u00ab&nbsp;Relais Urbain pour le d\u00e9veloppement Particip\u00e9 (RUP)&nbsp;\u00bb de l\u2019ONG Enda Tiers Monde. Sa cr\u00e9ation a \u00e9t\u00e9 rendue possible gr\u00e2ce [&hellip;]<\/p>\n","protected":false},"author":1,"featured_media":0,"parent":0,"menu_order":0,"comment_status":"closed","ping_status":"closed","template":"templates\/template-page-full-width.php","meta":{"_monsterinsights_skip_tracking":false,"_monsterinsights_sitenote_active":false,"_monsterinsights_sitenote_note":"","_monsterinsights_sitenote_category":0,"footnotes":""},"class_list":["post-1172","page","type-page","status-publish","hentry"],"_links":{"self":[{"href":"https:\/\/ifan.ucad.sn\/en\/wp-json\/wp\/v2\/pages\/1172","targetHints":{"allow":["GET"]}}],"collection":[{"href":"https:\/\/ifan.ucad.sn\/en\/wp-json\/wp\/v2\/pages"}],"about":[{"href":"https:\/\/ifan.ucad.sn\/en\/wp-json\/wp\/v2\/types\/page"}],"author":[{"embeddable":true,"href":"https:\/\/ifan.ucad.sn\/en\/wp-json\/wp\/v2\/users\/1"}],"replies":[{"embeddable":true,"href":"https:\/\/ifan.ucad.sn\/en\/wp-json\/wp\/v2\/comments?post=1172"}],"version-history":[{"count":15,"href":"https:\/\/ifan.ucad.sn\/en\/wp-json\/wp\/v2\/pages\/1172\/revisions"}],"predecessor-version":[{"id":6335,"href":"https:\/\/ifan.ucad.sn\/en\/wp-json\/wp\/v2\/pages\/1172\/revisions\/6335"}],"wp:attachment":[{"href":"https:\/\/ifan.ucad.sn\/en\/wp-json\/wp\/v2\/media?parent=1172"}],"curies":[{"name":"wp","href":"https:\/\/api.w.org\/{rel}","templated":true}]}}