{"id":1311,"date":"2022-01-22T01:04:33","date_gmt":"2022-01-22T00:04:33","guid":{"rendered":"https:\/\/ifan.ucad.sn\/?page_id=1311"},"modified":"2026-02-16T13:24:47","modified_gmt":"2026-02-16T12:24:47","slug":"pr-matar-ndiaye","status":"publish","type":"page","link":"https:\/\/ifan.ucad.sn\/en\/pr-matar-ndiaye\/","title":{"rendered":"Pr. Matar Ndiaye"},"content":{"rendered":"\t\t<div data-elementor-type=\"wp-page\" data-elementor-id=\"1311\" class=\"elementor elementor-1311\">\n\t\t\t\t\t\t\t\t\t<section class=\"elementor-section elementor-top-section elementor-element elementor-element-c57a912 elementor-section-boxed elementor-section-height-default elementor-section-height-default\" data-id=\"c57a912\" data-element_type=\"section\">\n\t\t\t\t\t\t<div class=\"elementor-container elementor-column-gap-default\">\n\t\t\t\t\t<div class=\"elementor-column elementor-col-100 elementor-top-column elementor-element elementor-element-487b788\" data-id=\"487b788\" data-element_type=\"column\">\n\t\t\t<div class=\"elementor-widget-wrap elementor-element-populated\">\n\t\t\t\t\t\t\t\t<div class=\"elementor-element elementor-element-546543b elementor-widget elementor-widget-heading\" data-id=\"546543b\" data-element_type=\"widget\" data-widget_type=\"heading.default\">\n\t\t\t\t<div class=\"elementor-widget-container\">\n\t\t\t<h2 class=\"elementor-heading-title elementor-size-default\">Matar NDIAYE<\/h2>\t\t<\/div>\n\t\t\t\t<\/div>\n\t\t\t\t\t<\/div>\n\t\t<\/div>\n\t\t\t\t\t\t\t<\/div>\n\t\t<\/section>\n\t\t\t\t<section class=\"elementor-section elementor-top-section elementor-element elementor-element-a81e316 elementor-section-boxed elementor-section-height-default elementor-section-height-default\" data-id=\"a81e316\" data-element_type=\"section\">\n\t\t\t\t\t\t<div class=\"elementor-container elementor-column-gap-default\">\n\t\t\t\t\t<div class=\"elementor-column elementor-col-100 elementor-top-column elementor-element elementor-element-47b1917\" data-id=\"47b1917\" data-element_type=\"column\">\n\t\t\t<div class=\"elementor-widget-wrap\">\n\t\t\t\t\t\t\t\t\t<\/div>\n\t\t<\/div>\n\t\t\t\t\t\t\t<\/div>\n\t\t<\/section>\n\t\t\t\t<section class=\"elementor-section elementor-top-section elementor-element elementor-element-1931470 elementor-section-boxed elementor-section-height-default elementor-section-height-default\" data-id=\"1931470\" data-element_type=\"section\">\n\t\t\t\t\t\t<div class=\"elementor-container elementor-column-gap-default\">\n\t\t\t\t\t<div class=\"elementor-column elementor-col-33 elementor-top-column elementor-element elementor-element-65d6e34\" data-id=\"65d6e34\" data-element_type=\"column\">\n\t\t\t<div class=\"elementor-widget-wrap elementor-element-populated\">\n\t\t\t\t\t\t\t\t<div class=\"elementor-element elementor-element-360e109 elementor-widget elementor-widget-image\" data-id=\"360e109\" data-element_type=\"widget\" data-widget_type=\"image.default\">\n\t\t\t\t<div class=\"elementor-widget-container\">\n\t\t\t\t\t\t\t\t\t\t\t\t\t\t\t<img loading=\"lazy\" decoding=\"async\" width=\"287\" height=\"379\" src=\"https:\/\/ifan.ucad.sn\/wp-content\/uploads\/2025\/03\/dr-matar-ndiaye.png\" class=\"attachment-full size-full wp-image-8310\" alt=\"\" srcset=\"https:\/\/ifan.ucad.sn\/wp-content\/uploads\/2025\/03\/dr-matar-ndiaye.png 287w, https:\/\/ifan.ucad.sn\/wp-content\/uploads\/2025\/03\/dr-matar-ndiaye-227x300.png 227w\" sizes=\"auto, (max-width: 287px) 100vw, 287px\" \/>\t\t\t\t\t\t\t\t\t\t\t\t\t\t\t<\/div>\n\t\t\t\t<\/div>\n\t\t\t\t\t<\/div>\n\t\t<\/div>\n\t\t\t\t<div class=\"elementor-column elementor-col-33 elementor-top-column elementor-element elementor-element-fd49d35\" data-id=\"fd49d35\" data-element_type=\"column\">\n\t\t\t<div class=\"elementor-widget-wrap\">\n\t\t\t\t\t\t\t\t\t<\/div>\n\t\t<\/div>\n\t\t\t\t<div class=\"elementor-column elementor-col-33 elementor-top-column elementor-element elementor-element-b7a5caf\" data-id=\"b7a5caf\" data-element_type=\"column\">\n\t\t\t<div class=\"elementor-widget-wrap elementor-element-populated\">\n\t\t\t\t\t\t\t\t<div class=\"elementor-element elementor-element-9ecbdfa elementor-widget elementor-widget-text-editor\" data-id=\"9ecbdfa\" data-element_type=\"widget\" data-widget_type=\"text-editor.default\">\n\t\t\t\t<div class=\"elementor-widget-container\">\n\t\t\t\t\t\t\t<p><span style=\"color: #000000;\">Directeur de Recherche Assimil\u00e9 en Arch\u00e9ologie et Pr\u00e9histoire<\/span><\/p><p><span style=\"color: #000000;\"><strong>Directeur de l\u2019IFAN<\/strong> <strong>Ch. A.<\/strong><b> Diop de Dakar.<\/b><\/span><\/p><p><span style=\"color: #000000;\">Laboratoire : Pr\u00e9histoire et protohistoire \/ Arch\u00e9ologie.<\/span><\/p><p style=\"font-weight: 400;\"><span style=\"color: #000000;\">R\u00e9dacteur en Chef du Bulletin B (BIFAN-B)<\/span><\/p><p><span style=\"text-decoration: underline;\"><strong><span style=\"color: #000000; text-decoration: underline;\">Domaines de Recherches<\/span><\/strong><\/span><\/p><ul><li><span style=\"color: #000000;\">Pal\u00e9olithique moyen et sup\u00e9rieur au S\u00e9n\u00e9gal et en Afrique de l\u2019Ouest<\/span><\/li><li><span style=\"color: #000000;\">Les Monuments M\u00e9galithiques du S\u00e9n\u00e9gal et de la Gambie<\/span><\/li><li><span style=\"color: #000000;\">Patrimoine culturel immat\u00e9riel, mat\u00e9riel et religieux ouest africain<\/span><\/li><\/ul><p><span style=\"color: #000000;\">Mes recherches portent sur les \u00e9volutions et les adaptations culturelles des hommes du Pal\u00e9olithique moyen et sup\u00e9rieur en Afrique de l&#8217;Ouest \u00e0 travers l&#8217;\u00e9tude de la technologie lithique. Je m\u00e8ne aussi des recherches sur les pratiques et rituels fun\u00e9raires observ\u00e9s dans les monuments m\u00e9galithiques du S\u00e9n\u00e9gal et de la Gambie. J&#8217;enseigne l&#8217;arch\u00e9ologie des comportements techniques et le patrimoine culturel ouest africain \u00e0 l&#8217;Universit\u00e9 Cheikh Anta Diop de Dakar.<\/span><\/p>\t\t\t\t\t\t<\/div>\n\t\t\t\t<\/div>\n\t\t\t\t\t<\/div>\n\t\t<\/div>\n\t\t\t\t\t\t\t<\/div>\n\t\t<\/section>\n\t\t\t\t<section class=\"elementor-section elementor-top-section elementor-element elementor-element-e922058 elementor-section-boxed elementor-section-height-default elementor-section-height-default\" data-id=\"e922058\" data-element_type=\"section\">\n\t\t\t\t\t\t<div class=\"elementor-container elementor-column-gap-default\">\n\t\t\t\t\t<div class=\"elementor-column elementor-col-100 elementor-top-column elementor-element elementor-element-9a5fbfd\" data-id=\"9a5fbfd\" data-element_type=\"column\">\n\t\t\t<div class=\"elementor-widget-wrap\">\n\t\t\t\t\t\t\t\t\t<\/div>\n\t\t<\/div>\n\t\t\t\t\t\t\t<\/div>\n\t\t<\/section>\n\t\t\t\t<section class=\"elementor-section elementor-top-section elementor-element elementor-element-75cac19 elementor-section-boxed elementor-section-height-default elementor-section-height-default\" data-id=\"75cac19\" data-element_type=\"section\">\n\t\t\t\t\t\t<div class=\"elementor-container elementor-column-gap-default\">\n\t\t\t\t\t<div class=\"elementor-column elementor-col-100 elementor-top-column elementor-element elementor-element-03d39ea\" data-id=\"03d39ea\" data-element_type=\"column\">\n\t\t\t<div class=\"elementor-widget-wrap elementor-element-populated\">\n\t\t\t\t\t\t\t\t<div class=\"elementor-element elementor-element-39f78e9 elementor-widget elementor-widget-accordion\" data-id=\"39f78e9\" data-element_type=\"widget\" data-widget_type=\"accordion.default\">\n\t\t\t\t<div class=\"elementor-widget-container\">\n\t\t\t\t\t<div class=\"elementor-accordion\">\n\t\t\t\t\t\t\t<div class=\"elementor-accordion-item\">\n\t\t\t\t\t<div id=\"elementor-tab-title-6071\" class=\"elementor-tab-title\" data-tab=\"1\" role=\"button\" aria-controls=\"elementor-tab-content-6071\" aria-expanded=\"false\">\n\t\t\t\t\t\t\t\t\t\t\t\t\t<span class=\"elementor-accordion-icon elementor-accordion-icon-left\" aria-hidden=\"true\">\n\t\t\t\t\t\t\t\t\t\t\t\t\t\t\t<span class=\"elementor-accordion-icon-closed\"><i class=\"fas fa-plus\"><\/i><\/span>\n\t\t\t\t\t\t\t\t<span class=\"elementor-accordion-icon-opened\"><i class=\"fas fa-minus\"><\/i><\/span>\n\t\t\t\t\t\t\t\t\t\t\t\t\t\t<\/span>\n\t\t\t\t\t\t\t\t\t\t\t\t<a class=\"elementor-accordion-title\" tabindex=\"0\">Projets  de recherches<\/a>\n\t\t\t\t\t<\/div>\n\t\t\t\t\t<div id=\"elementor-tab-content-6071\" class=\"elementor-tab-content elementor-clearfix\" data-tab=\"1\" role=\"region\" aria-labelledby=\"elementor-tab-title-6071\"><ul><li><span style=\"color: #000000;\">Peuplement humain et pal\u00e9oenvironnement en Afrique &#8211; projet Fal\u00e9m\u00e9 &amp; Parc National de Niokolo koba (PNK)<\/span><\/li><li><span style=\"color: #000000;\">Projet de recherche arch\u00e9ologique SEPSEN (S\u00e9n\u00e9gal) : M\u00e9galithes du S\u00e9n\u00e9gal et de la Gambie.<\/span><\/li><li><span style=\"color: #000000;\">Project HOME &#8211; Housing in the Margins of Empires : Archaeology and Ethnohistory of settlements in the Megalithic Region of Senegal and The Gambia<\/span><\/li><\/ul><p style=\"font-weight: 400;\">\u00a0<\/p><\/div>\n\t\t\t\t<\/div>\n\t\t\t\t\t\t\t<div class=\"elementor-accordion-item\">\n\t\t\t\t\t<div id=\"elementor-tab-title-6072\" class=\"elementor-tab-title\" data-tab=\"2\" role=\"button\" aria-controls=\"elementor-tab-content-6072\" aria-expanded=\"false\">\n\t\t\t\t\t\t\t\t\t\t\t\t\t<span class=\"elementor-accordion-icon elementor-accordion-icon-left\" aria-hidden=\"true\">\n\t\t\t\t\t\t\t\t\t\t\t\t\t\t\t<span class=\"elementor-accordion-icon-closed\"><i class=\"fas fa-plus\"><\/i><\/span>\n\t\t\t\t\t\t\t\t<span class=\"elementor-accordion-icon-opened\"><i class=\"fas fa-minus\"><\/i><\/span>\n\t\t\t\t\t\t\t\t\t\t\t\t\t\t<\/span>\n\t\t\t\t\t\t\t\t\t\t\t\t<a class=\"elementor-accordion-title\" tabindex=\"0\">Publications<\/a>\n\t\t\t\t\t<\/div>\n\t\t\t\t\t<div id=\"elementor-tab-content-6072\" class=\"elementor-tab-content elementor-clearfix\" data-tab=\"2\" role=\"region\" aria-labelledby=\"elementor-tab-title-6072\"><div><span lang=\"FR-SN\"><span style=\"color: #000000;\">Consulter ce lien :\u00a0<\/span> <\/span><\/div><div><span lang=\"FR-SN\"><a href=\"https:\/\/www.researchgate.net\/profile\/Matar-Ndiaye-4?ev=hdr_xprf\">https:\/\/www.researchgate.net\/profile\/Matar-Ndiaye-4?ev=hdr_xprf<\/a><\/span><\/div><\/div>\n\t\t\t\t<\/div>\n\t\t\t\t\t\t\t\t<\/div>\n\t\t\t\t<\/div>\n\t\t\t\t<\/div>\n\t\t\t\t\t<\/div>\n\t\t<\/div>\n\t\t\t\t\t\t\t<\/div>\n\t\t<\/section>\n\t\t\t\t\t\t\t<\/div>\n\t\t","protected":false},"excerpt":{"rendered":"<p>Matar NDIAYE Directeur de Recherche Assimil\u00e9 en Arch\u00e9ologie et Pr\u00e9histoire Directeur de l\u2019IFAN Ch. A. Diop de Dakar. Laboratoire : Pr\u00e9histoire et protohistoire \/ Arch\u00e9ologie. R\u00e9dacteur en Chef du Bulletin B (BIFAN-B) Domaines de Recherches Pal\u00e9olithique moyen et sup\u00e9rieur au S\u00e9n\u00e9gal et en Afrique de l\u2019Ouest Les Monuments M\u00e9galithiques du S\u00e9n\u00e9gal et de la Gambie [&hellip;]<\/p>\n","protected":false},"author":1,"featured_media":0,"parent":0,"menu_order":0,"comment_status":"closed","ping_status":"closed","template":"elementor_header_footer","meta":{"_monsterinsights_skip_tracking":false,"_monsterinsights_sitenote_active":false,"_monsterinsights_sitenote_note":"","_monsterinsights_sitenote_category":0,"footnotes":""},"class_list":["post-1311","page","type-page","status-publish","hentry"],"_links":{"self":[{"href":"https:\/\/ifan.ucad.sn\/en\/wp-json\/wp\/v2\/pages\/1311","targetHints":{"allow":["GET"]}}],"collection":[{"href":"https:\/\/ifan.ucad.sn\/en\/wp-json\/wp\/v2\/pages"}],"about":[{"href":"https:\/\/ifan.ucad.sn\/en\/wp-json\/wp\/v2\/types\/page"}],"author":[{"embeddable":true,"href":"https:\/\/ifan.ucad.sn\/en\/wp-json\/wp\/v2\/users\/1"}],"replies":[{"embeddable":true,"href":"https:\/\/ifan.ucad.sn\/en\/wp-json\/wp\/v2\/comments?post=1311"}],"version-history":[{"count":22,"href":"https:\/\/ifan.ucad.sn\/en\/wp-json\/wp\/v2\/pages\/1311\/revisions"}],"predecessor-version":[{"id":8739,"href":"https:\/\/ifan.ucad.sn\/en\/wp-json\/wp\/v2\/pages\/1311\/revisions\/8739"}],"wp:attachment":[{"href":"https:\/\/ifan.ucad.sn\/en\/wp-json\/wp\/v2\/media?parent=1311"}],"curies":[{"name":"wp","href":"https:\/\/api.w.org\/{rel}","templated":true}]}}