{"id":1326,"date":"2022-01-22T15:11:50","date_gmt":"2022-01-22T14:11:50","guid":{"rendered":"https:\/\/ifan.ucad.sn\/?page_id=1326"},"modified":"2022-08-11T11:19:09","modified_gmt":"2022-08-11T09:19:09","slug":"lateu-membres","status":"publish","type":"page","link":"https:\/\/ifan.ucad.sn\/en\/lateu-membres\/","title":{"rendered":"LATEU &#8211; Membres"},"content":{"rendered":"\n<div class=\"wp-block-columns is-layout-flex wp-container-core-columns-is-layout-9d6595d7 wp-block-columns-is-layout-flex\">\n<div class=\"wp-block-column is-layout-flow wp-block-column-is-layout-flow\" style=\"flex-basis:66.66%\">\n<div class=\"tmm tmm_biologie-animale-lartes\"><div class=\"tmm_3_columns tmm_wrap tmm_theme_f\"><span class=\"tmm_two_containers_tablet\"><\/span><div class=\"tmm_container\"><div class=\"tmm_member\" style=\"border-top:#003e74 solid 5px;\"><a target=\"_blank\" href=\"https:\/\/ifan.ucad.sn\/nouhou-diaby\/\" title=\"Nouhou DIABY\"><div class=\"tmm_photo tmm_pic_biologie-animale-lartes_0\" style=\"background: url(https:\/\/ifan.ucad.sn\/wp-content\/uploads\/2022\/01\/nouhou_diaby.png); margin-left: auto; margin-right:auto; background-size:cover !important;\"><\/div><\/a><div class=\"tmm_textblock\"><div class=\"tmm_names\"><span class=\"tmm_fname\">Nouhou<\/span> <span class=\"tmm_lname\">DIABY<\/span><\/div><div class=\"tmm_job\">Charg\u00e9 de Recherche titulaire<br \/><\/div><div class=\"tmm_scblock\"><a target=\"_blank\" class=\"tmm_sociallink\" href=\"https:\/\/ifan.ucad.sn\/nouhou-diaby\" title=\"\"><img decoding=\"async\" alt=\"\" src=\"https:\/\/ifan.ucad.sn\/wp-content\/plugins\/team-members\/inc\/img\/links\/website.png\"\/><\/a><\/div><\/div><\/div><div class=\"tmm_member\" style=\"border-top:#003e74 solid 5px;\"><a target=\"_blank\" href=\"#\" title=\"Seydou NIANG\"><div class=\"tmm_photo tmm_pic_biologie-animale-lartes_1\" style=\"background: url(https:\/\/ifan.ucad.sn\/wp-content\/uploads\/2021\/03\/dr-Seydou-Niang.jpg); margin-left: auto; margin-right:auto; background-size:cover !important;\"><\/div><\/a><div class=\"tmm_textblock\"><div class=\"tmm_names\"><span class=\"tmm_fname\">Seydou<\/span> <span class=\"tmm_lname\">NIANG<\/span><\/div><div class=\"tmm_job\">Charg\u00e9 de Recherche titulaire<br \/><br \/><br \/><\/div><div class=\"tmm_scblock\"><\/div><\/div><\/div><div style=\"clear:both;\"><\/div><\/div><\/div><\/div>\n<\/div>\n\n\n\n<div class=\"wp-block-column is-layout-flow wp-block-column-is-layout-flow\" style=\"flex-basis:33.33%\">\n<div>\n  <ul class=\"menu-menu-principal sommaire-ifan\">\n       <li><a href=\"https:\/\/ifan.ucad.sn\/biologie-animale\/\">Pr\u00e9sentation<\/a><\/li>\n<li><a href=\"https:\/\/ifan.ucad.sn\/biologie-marine\/\">Biologie marine<\/a>\n<ul>\n<li>Publications<\/li>\n<li><a href=\"https:\/\/ifan.ucad.sn\/biologie-marine-membres\/\">Membres<\/a><\/li>\n<\/ul><\/li>\n<li><a href=\"#\">Zoologie  des Vert\u00e9br\u00e9s Terrestres <\/a>\n<ul>\n<li><a href=\"https:\/\/ifan.ucad.sn\/zoologie-des-vertebres-terrestres-membres\/\">Membres<\/a><\/li>\n<\/ul>\n<\/li>\n<li><a href=\"#\">Zoologie  des Invert\u00e9br\u00e9s Terrestres <\/a>\n<ul>\n<li><a href=\"https:\/\/ifan.ucad.sn\/zoologie-des-invertebres-terrestres-membres\/\">Membres<\/a><\/li>\n<\/ul>\n<\/li>\n<li><a href=\"https:\/\/ifan.ucad.sn\/biologie-animale-le-laboratoire-de-traitement-des-eaux-usees\/\">Traitement des Eaux Us\u00e9es<\/a>\n<ul>\n<li><a href=\"#\" class=\"active\">Membres<\/a><\/li>\n<\/ul>\n<\/li>\n\n<\/ul>\n<\/div>\n<\/div>\n<\/div>\n\n\n\n<p><\/p>\n","protected":false},"excerpt":{"rendered":"<p>Pr\u00e9sentation Biologie marine Publications Membres Zoologie des Vert\u00e9br\u00e9s Terrestres Membres Zoologie des Invert\u00e9br\u00e9s Terrestres Membres Traitement des Eaux Us\u00e9es Membres<\/p>\n","protected":false},"author":1,"featured_media":0,"parent":0,"menu_order":0,"comment_status":"closed","ping_status":"closed","template":"templates\/template-page-full-width.php","meta":{"_monsterinsights_skip_tracking":false,"_monsterinsights_sitenote_active":false,"_monsterinsights_sitenote_note":"","_monsterinsights_sitenote_category":0,"footnotes":""},"class_list":["post-1326","page","type-page","status-publish","hentry"],"_links":{"self":[{"href":"https:\/\/ifan.ucad.sn\/en\/wp-json\/wp\/v2\/pages\/1326","targetHints":{"allow":["GET"]}}],"collection":[{"href":"https:\/\/ifan.ucad.sn\/en\/wp-json\/wp\/v2\/pages"}],"about":[{"href":"https:\/\/ifan.ucad.sn\/en\/wp-json\/wp\/v2\/types\/page"}],"author":[{"embeddable":true,"href":"https:\/\/ifan.ucad.sn\/en\/wp-json\/wp\/v2\/users\/1"}],"replies":[{"embeddable":true,"href":"https:\/\/ifan.ucad.sn\/en\/wp-json\/wp\/v2\/comments?post=1326"}],"version-history":[{"count":9,"href":"https:\/\/ifan.ucad.sn\/en\/wp-json\/wp\/v2\/pages\/1326\/revisions"}],"predecessor-version":[{"id":3940,"href":"https:\/\/ifan.ucad.sn\/en\/wp-json\/wp\/v2\/pages\/1326\/revisions\/3940"}],"wp:attachment":[{"href":"https:\/\/ifan.ucad.sn\/en\/wp-json\/wp\/v2\/media?parent=1326"}],"curies":[{"name":"wp","href":"https:\/\/api.w.org\/{rel}","templated":true}]}}