{"id":1367,"date":"2022-01-24T10:46:24","date_gmt":"2022-01-24T09:46:24","guid":{"rendered":"https:\/\/ifan.ucad.sn\/?page_id=1367"},"modified":"2022-02-18T10:56:48","modified_gmt":"2022-02-18T09:56:48","slug":"lartes-membres-2","status":"publish","type":"page","link":"https:\/\/ifan.ucad.sn\/en\/lartes-membres-2\/","title":{"rendered":"LARTES &#8211; Membres"},"content":{"rendered":"\n<div class=\"wp-block-columns is-layout-flex wp-container-core-columns-is-layout-9d6595d7 wp-block-columns-is-layout-flex\">\n<div class=\"wp-block-column is-layout-flow wp-block-column-is-layout-flow\" style=\"flex-basis:66.66%\">\n<div class=\"tmm tmm_sciences-humaines-lartes\"><div class=\"tmm_3_columns tmm_wrap tmm_plugin_f\"><span class=\"tmm_two_containers_tablet\"><\/span><div class=\"tmm_container\"><div class=\"tmm_member\" style=\"border-top:#1e73be solid 5px;\"><a target=\"_blank\" href=\"https:\/\/ifan.ucad.sn\/dr-mouhamed-seye\/\" title=\"Mouhamed  SEYE\"><div class=\"tmm_photo tmm_pic_sciences-humaines-lartes_0\" style=\"background: url(https:\/\/ifan.ucad.sn\/wp-content\/uploads\/2021\/01\/cropped-cropped-logo-3.png); margin-left: auto; margin-right:auto; background-size:cover !important;\"><\/div><\/a><div class=\"tmm_textblock\"><div class=\"tmm_names\"><span class=\"tmm_fname\">Mouhamed <\/span> <span class=\"tmm_lname\">SEYE<\/span><\/div><div class=\"tmm_job\">Charg\u00e9 de recherche titulaire<\/div><div class=\"tmm_scblock\"><a class=\"tmm_sociallink\" href=\"mailto:\" title=\"\"><img decoding=\"async\" alt=\"\" src=\"https:\/\/ifan.ucad.sn\/wp-content\/plugins\/team-members\/inc\/img\/links\/email.png\"\/><\/a><a target=\"_blank\" class=\"tmm_sociallink\" href=\"https:\/\/ifan.ucad.sn\/dr-mouhamed-seye\/\" title=\"\"><img decoding=\"async\" alt=\"\" src=\"https:\/\/ifan.ucad.sn\/wp-content\/plugins\/team-members\/inc\/img\/links\/website.png\"\/><\/a><\/div><\/div><\/div><div class=\"tmm_member\" style=\"border-top:#1e73be solid 5px;\"><div class=\"tmm_photo tmm_pic_sciences-humaines-lartes_1\" style=\"background: url(https:\/\/ifan.ucad.sn\/wp-content\/uploads\/2021\/01\/cropped-cropped-logo-3.png); margin-left: auto; margin-right:auto; background-size:cover !important;\"><\/div><div class=\"tmm_textblock\"><div class=\"tmm_names\"><span class=\"tmm_fname\">Masokhna S\u00e8ne<\/span> <span class=\"tmm_lname\">MBAYE<\/span><\/div><div class=\"tmm_job\">Assistante administrative<\/div><div class=\"tmm_scblock\"><\/div><\/div><\/div><div style=\"clear:both;\"><\/div><\/div><\/div><\/div>\n<\/div>\n\n\n\n<div class=\"wp-block-column is-layout-flow wp-block-column-is-layout-flow\" style=\"flex-basis:33.33%\">\n<div>\n  <ul class=\"menu-menu-principal sommaire-ifan\">\n       <li><a href=\"https:\/\/ifan.ucad.sn\/sciences-humaines\/\">Pr\u00e9sentation<\/a><\/li>\n<li><a href=\"https:\/\/ifan.ucad.sn\/archeologie\/\">Arch\u00e9ologie<\/a>\n<ul>\n<li><a href=\"https:\/\/ifan.ucad.sn\/archeologie-membres\/\">Membres<\/a><\/li>\n<\/ul>\n<\/li>\n<li><a href=\"https:\/\/ifan.ucad.sn\/geographie\/\">G\u00e9ographie<\/a>\n<ul>\n<li><a href=\"https:\/\/ifan.ucad.sn\/sciences-humaine-geographie-membres\/\">Membres<\/a><\/li>\n<li>Publications<\/li>\n<\/ul><\/li>\n<li><a href=\"https:\/\/ifan.ucad.sn\/etudes-sociales\/\">Etudes Sociales<\/a>\n<ul>\n<li>Membres<\/li>\n<\/ul>\n<\/li>\n<li><a href=\"https:\/\/ifan.ucad.sn\/histoire\/\">Histoire<\/a>\n<ul>\n<li>Membres<\/li>\n<\/ul>\n<\/li>\n<li><a href=\"https:\/\/ifan.ucad.sn\/sociologie\/\">Sociologie<\/a>\n<ul>\n<li>Membres<\/li>\n<\/ul>\n<\/li>\n<li><a href=\"https:\/\/ifan.ucad.sn\/sciences-humaines-lartes\/\">LARTES<\/a>\n<ul>\n<li><a class=\"active\" href=\"#\">Membres<\/a><\/li>\n<\/ul>\n<\/li>\n\n<\/ul>\n<\/div>\n<\/div>\n<\/div>\n","protected":false},"excerpt":{"rendered":"<p>Pr\u00e9sentation Arch\u00e9ologie Membres G\u00e9ographie Membres Publications Etudes Sociales Membres Histoire Membres Sociologie Membres LARTES Membres<\/p>\n","protected":false},"author":1,"featured_media":0,"parent":0,"menu_order":0,"comment_status":"closed","ping_status":"closed","template":"templates\/template-page-full-width.php","meta":{"_monsterinsights_skip_tracking":false,"_monsterinsights_sitenote_active":false,"_monsterinsights_sitenote_note":"","_monsterinsights_sitenote_category":0,"footnotes":""},"class_list":["post-1367","page","type-page","status-publish","hentry"],"_links":{"self":[{"href":"https:\/\/ifan.ucad.sn\/en\/wp-json\/wp\/v2\/pages\/1367","targetHints":{"allow":["GET"]}}],"collection":[{"href":"https:\/\/ifan.ucad.sn\/en\/wp-json\/wp\/v2\/pages"}],"about":[{"href":"https:\/\/ifan.ucad.sn\/en\/wp-json\/wp\/v2\/types\/page"}],"author":[{"embeddable":true,"href":"https:\/\/ifan.ucad.sn\/en\/wp-json\/wp\/v2\/users\/1"}],"replies":[{"embeddable":true,"href":"https:\/\/ifan.ucad.sn\/en\/wp-json\/wp\/v2\/comments?post=1367"}],"version-history":[{"count":4,"href":"https:\/\/ifan.ucad.sn\/en\/wp-json\/wp\/v2\/pages\/1367\/revisions"}],"predecessor-version":[{"id":1918,"href":"https:\/\/ifan.ucad.sn\/en\/wp-json\/wp\/v2\/pages\/1367\/revisions\/1918"}],"wp:attachment":[{"href":"https:\/\/ifan.ucad.sn\/en\/wp-json\/wp\/v2\/media?parent=1367"}],"curies":[{"name":"wp","href":"https:\/\/api.w.org\/{rel}","templated":true}]}}