{"id":137,"date":"2021-01-11T16:07:09","date_gmt":"2021-01-11T15:07:09","guid":{"rendered":"http:\/\/testsites.ucad.sn\/?page_id=137"},"modified":"2022-03-15T08:59:58","modified_gmt":"2022-03-15T07:59:58","slug":"documentations","status":"publish","type":"page","link":"https:\/\/ifan.ucad.sn\/en\/information-scientifique\/documentations\/","title":{"rendered":"Documentations"},"content":{"rendered":"\n<p><\/p>\n\n\n\n<h3 class=\"wp-block-heading\"><strong>Service de la Documentation de l\u2019IFAN Ch. A. Diop<\/strong><\/h3>\n\n\n\n<hr class=\"wp-block-separator\"\/>\n\n\n\n<div class=\"wp-block-columns justify-text is-layout-flex wp-container-core-columns-is-layout-9d6595d7 wp-block-columns-is-layout-flex\">\n<div class=\"wp-block-column is-layout-flow wp-block-column-is-layout-flow\" style=\"flex-basis:66.66%\">\n<p>Pour d\u00e9crire le <strong>Service de la Documentation<\/strong> de l\u2019IFAN, commun\u00e9ment appel\u00e9 <strong>Biblioth\u00e8que<\/strong>, il suffit de remonter aux sources de sa cr\u00e9ation et de citer <strong>Th\u00e9odore Monod<\/strong>, premier Directeur de l\u2019IFAN, o\u00f9 il le d\u00e9crit, dans le Rapport annuel de 1949&nbsp;: \u00ab&nbsp;<em>La Biblioth\u00e8que de l\u2019IFAN est de beaucoup la plus importante de l\u2019Afrique noire, et l\u2019une des plus riches de l\u2019Afrique intertropicale<\/em>&nbsp;\u00bb.&nbsp; Cette particularit\u00e9 est li\u00e9e d\u2019une part au fait qu\u2019elle ait h\u00e9rit\u00e9 de la Biblioth\u00e8que du Gouverneur g\u00e9n\u00e9ral de l\u2019AOF, et d\u2019autre part \u00e0 sa mission premi\u00e8re de collecte et de conservation, conform\u00e9ment \u00e0 <strong>l\u2019Arr\u00eat\u00e9 n\u00b01945 du 19 ao\u00fbt 1936<\/strong> o\u00f9 il est dit que l\u2019IFAN \u00e9tait charg\u00e9 <em>\u00ab&nbsp;de constituer dans ses Mus\u00e9es, ses Archives, et sa Biblioth\u00e8que, les collections et la documentation n\u00e9cessaires \u00e0 l\u2019\u00e9tude scientifique de l\u2019Afrique noire, et d\u2019assurer la publication des travaux scientifiques<\/em>&nbsp;\u00bb. En plus, en l\u2019absence d\u2019une Biblioth\u00e8que nationale, le Service de la Documentation de l\u2019IFAN a \u00e9t\u00e9 R\u00e9gie du D\u00e9p\u00f4t l\u00e9gal par D\u00e9cret n\u00b046 -1644 du 17 juillet 1946, avant que cette fonction ne soit transf\u00e9r\u00e9e aux Archives nationales. Toutes ces caract\u00e9ristiques&nbsp;font que l\u2019essentiel de ses collections ont une forte valeur ajout\u00e9e sur le plan scientifique, historique, religieux et culturel. Elles constituent, \u00e0 l\u2019instar des autres collections des diff\u00e9rents laboratoires de l\u2019Institut, un patrimoine commun. La principale mission de la Biblioth\u00e8que est de fournir aux chercheurs, aux enseignants, aux \u00e9tudiants, et \u00e0 des lecteurs autoris\u00e9s (public scolaire, cadres de l\u2019Administration, individus ou personnes morales) qui la sollicitent de la documentation dans diff\u00e9rents domaines d\u2019\u00e9tudes sur l\u2019Afrique en g\u00e9n\u00e9ral et l\u2019Afrique noire en particulier.<\/p>\n\n\n\n<p>Chef de service:\u00a0<strong>Nafissatou BAKHOUM<\/strong><br>Adresse mail :\u00a0<strong>documentation.ifan@ucad.edu.sn<\/strong><br>T\u00e9l\u00e9phone :\u00a0(<strong>221) 33 825 98 90 \/ 33 824 16 52<\/strong><br><\/p>\n<\/div>\n\n\n\n<div class=\"wp-block-column is-layout-flow wp-block-column-is-layout-flow\" style=\"flex-basis:33.33%\">\n<div>\n  <ul class=\"menu-menu-principal sommaire-ifan\">\n       <li><a href=\"https:\/\/ifan.ucad.sn\/information-scientifique\/\">Pr\u00e9sentation<\/a><\/li>\n<li><a href=\"https:\/\/ifan.ucad.sn\/archives\/\">Archives<\/a>\n<ul>\n<li><a href=\"https:\/\/ifan.ucad.sn\/archives-fonds-documentaires\">Fonds documentaires<\/a><\/li><li>Membres<\/li>\n<\/ul>\n<\/li>\n<li><a href=\"https:\/\/ifan.ucad.sn\/audiovisuel\/\">Audiovisuel<\/a>\n<ul>\n<li>Membres<\/li>\n<li>Publications<\/li>\n<\/ul>\n<\/li>\n<li><a class=\"active\" href=\"#\">Documentations<\/a>\n<ul>\n<li>Membres<\/li>\n<li><a href=\"https:\/\/ifan.ucad.sn\/service-de-la-documentation-fonds-documentaires\/\">Fonds documentaires<\/a><\/li>\n<li><a href=\"https:\/\/ifan.ucad.sn\/service-de-la-documentation\/\">Horaires<\/a><\/li>\n<\/ul>\n<\/li>\n<li><a href=\"https:\/\/ifan.ucad.sn\/publications\/\">Publications<\/a>\n<ul>\n<li>Membres<\/li>\n<li>Publications<\/li>\n<\/ul><\/li>\n\n<\/ul>\n<\/div>\n\n\n\n<p><\/p>\n<\/div>\n<\/div>\n\n\n\n<p><\/p>\n","protected":false},"excerpt":{"rendered":"<p>Service de la Documentation de l\u2019IFAN Ch. A. Diop Pour d\u00e9crire le Service de la Documentation de l\u2019IFAN, commun\u00e9ment appel\u00e9 Biblioth\u00e8que, il suffit de remonter aux sources de sa cr\u00e9ation et de citer Th\u00e9odore Monod, premier Directeur de l\u2019IFAN, o\u00f9 il le d\u00e9crit, dans le Rapport annuel de 1949&nbsp;: \u00ab&nbsp;La Biblioth\u00e8que de l\u2019IFAN est de [&hellip;]<\/p>\n","protected":false},"author":1,"featured_media":0,"parent":60,"menu_order":0,"comment_status":"closed","ping_status":"closed","template":"templates\/template-page-full-width.php","meta":{"_monsterinsights_skip_tracking":false,"_monsterinsights_sitenote_active":false,"_monsterinsights_sitenote_note":"","_monsterinsights_sitenote_category":0,"footnotes":""},"class_list":["post-137","page","type-page","status-publish","hentry"],"_links":{"self":[{"href":"https:\/\/ifan.ucad.sn\/en\/wp-json\/wp\/v2\/pages\/137","targetHints":{"allow":["GET"]}}],"collection":[{"href":"https:\/\/ifan.ucad.sn\/en\/wp-json\/wp\/v2\/pages"}],"about":[{"href":"https:\/\/ifan.ucad.sn\/en\/wp-json\/wp\/v2\/types\/page"}],"author":[{"embeddable":true,"href":"https:\/\/ifan.ucad.sn\/en\/wp-json\/wp\/v2\/users\/1"}],"replies":[{"embeddable":true,"href":"https:\/\/ifan.ucad.sn\/en\/wp-json\/wp\/v2\/comments?post=137"}],"version-history":[{"count":16,"href":"https:\/\/ifan.ucad.sn\/en\/wp-json\/wp\/v2\/pages\/137\/revisions"}],"predecessor-version":[{"id":2269,"href":"https:\/\/ifan.ucad.sn\/en\/wp-json\/wp\/v2\/pages\/137\/revisions\/2269"}],"up":[{"embeddable":true,"href":"https:\/\/ifan.ucad.sn\/en\/wp-json\/wp\/v2\/pages\/60"}],"wp:attachment":[{"href":"https:\/\/ifan.ucad.sn\/en\/wp-json\/wp\/v2\/media?parent=137"}],"curies":[{"name":"wp","href":"https:\/\/api.w.org\/{rel}","templated":true}]}}