{"id":149,"date":"2021-01-11T16:09:42","date_gmt":"2021-01-11T15:09:42","guid":{"rendered":"http:\/\/testsites.ucad.sn\/?page_id=149"},"modified":"2022-01-24T11:20:52","modified_gmt":"2022-01-24T10:20:52","slug":"geographie","status":"publish","type":"page","link":"https:\/\/ifan.ucad.sn\/en\/geographie\/","title":{"rendered":"G\u00e9ographie"},"content":{"rendered":"\n<div class=\"wp-block-columns is-layout-flex wp-container-core-columns-is-layout-9d6595d7 wp-block-columns-is-layout-flex\">\n<div class=\"wp-block-column is-layout-flow wp-block-column-is-layout-flow\" style=\"flex-basis:66.66%\">\n<p><meta charset=\"utf-8\"><meta charset=\"utf-8\"><strong>Chef du Laboratoire <\/strong>:\u00a0Dr. Alla MANGA<br><strong>Adresse institutionnelle<\/strong> : <a href=\"mailto:sciences-humaines.ifan@ucad.edu.sn\">sciences-humaines.ifan@ucad.edu.sn<\/a><br><strong>T\u00e9l\u00e9phone<\/strong>  :\u00a0 +221 33 824 16 52<\/p>\n\n\n\n<p class=\"justify-text\">Mis en service depuis la cr\u00e9ation de L\u2019IFAN en 1938, le laboratoire de G\u00e9ographie, autrefois D\u00e9partement, a \u00e9t\u00e9 un pionnier majeur dans la connaissance du S\u00e9n\u00e9gal tant \u00e0 l\u2019\u00e9poque coloniale que postind\u00e9pendance. Il est marqu\u00e9 par le passage d\u2019\u00e9minents chercheurs qui se sont distingu\u00e9s dans le d\u00e9veloppement de la g\u00e9ographie au S\u00e9n\u00e9gal et ont, \u00e0 des moments diff\u00e9rents et dans des disciplines diverses, fa\u00e7onn\u00e9 des traditions de recherches encore pr\u00e9cieuses. Ils nous ont, ainsi, laiss\u00e9 un outillage technique ou m\u00e9thodologique toujours pertinent. Aujourd\u2019hui, il est compos\u00e9 de quatre Chercheurs et d\u2019un Technicien Sup\u00e9rieur, dans un mixte g\u00e9n\u00e9rationnel int\u00e9ressant qui offre un \u00e9quilibre entre la sagesse des anciens et le dynamisme incarn\u00e9 par une jeunesse en phase aux mutations dict\u00e9es par les contours d\u2019un monde en \u00e9volution.<br>Les activit\u00e9s du laboratoire se r\u00e9sument \u00e0 la recherche, \u00e0 l\u2019encadrement et la formation. La recherche est orient\u00e9e vers de grands axes qui explorent des th\u00e9matiques tr\u00e8s vari\u00e9es :<br>\u2022 Environnement<br>\u2022 Espaces et risques<br>\u2022 G\u00e9omatique et dynamique de l\u2019espace<br>\u2022 Gestion des ressources naturelles<br>\u2022 Migration et Mobilit\u00e9s<br>Ainsi, Le laboratoire de G\u00e9ographie s\u2019est, positionn\u00e9 au centre des grandes questions soulev\u00e9es \u00e0 l\u2019ordre du jour des d\u00e9bats actuels dans le monde. La caract\u00e9risation des recherches est donc de nature diversifi\u00e9e. Les th\u00e9matiques d\u00e9velopp\u00e9es se positionnent entre les deux grandes branches de la discipline que sont la g\u00e9ographie physique et la g\u00e9ographie humaine.<br>Les travaux men\u00e9s s\u2019articulent, par ailleurs, autour d\u2019une mise en relation de ces deux segments et s\u2019emploient dans une d\u00e9marche innovante qui fait, aussi, appel \u00e0 d\u2019autres disciplines comme l\u2019histoire, l\u2019arch\u00e9ologie, les sciences naturelles, entre autres. Cette transdisciplinarit\u00e9 qui est, en partie, caract\u00e9ristique de la g\u00e9ographie donne une ouverture aux travaux d\u00e9velopp\u00e9s.<br><\/p>\n<\/div>\n\n\n\n<div class=\"wp-block-column is-layout-flow wp-block-column-is-layout-flow\" style=\"flex-basis:33.33%\">\n<div>\n  <ul class=\"menu-menu-principal sommaire-ifan\">\n       <li><a href=\"https:\/\/ifan.ucad.sn\/sciences-humaines\/\">Pr\u00e9sentation<\/a><\/li>\n<li><a href=\"https:\/\/ifan.ucad.sn\/antropologie-physique\/\">Anthropologie physique<\/a>\n<ul>\n<li>Membres<\/li>\n<li>Publications<\/li>\n<\/ul>\n<\/li>\n<li><a href=\"https:\/\/ifan.ucad.sn\/archeologie\/\">Arch\u00e9ologie<\/a><\/li>\n<li><a href=\"https:\/\/ifan.ifa-dev.com\/geographie\/\" class=\"active\">G\u00e9ographie<\/a>\n<ul>\n<li><a href=\"https:\/\/ifan.ucad.sn\/sciences-humaine-geographie-membres\/\">Membres<\/a><\/li>\n<li>Publications<\/li>\n<\/ul><\/li>\n<li><a href=\"https:\/\/ifan.ucad.sn\/histoire\/\">Histoire<\/a>\n<ul>\n<li>Membres<\/li>\n<li>Publications<\/li>\n<\/ul>\n<\/li>\n<li><a href=\"https:\/\/ifan.ucad.sn\/sociologie\/\">Sociologie<\/a>\n<ul>\n<li>Membres<\/li>\n<li>Publications<\/li>\n<\/ul>\n<\/li>\n<li><a href=\"https:\/\/ifan.ucad.sn\/etudes-sociales\/\">Etudes Sociales<\/a>\n<ul>\n<li>Membres<\/li>\n<li>Publications<\/li>\n<\/ul>\n<\/li>\n<li><a href=\"https:\/\/ifan.ucad.sn\/sciences-humaines-lartes\/\">LARTES<\/a>\n<ul>\n<li><a href=\"https:\/\/ifan.ucad.sn\/lartes-membres-2\/\">Membres<\/a><\/li>\n<li>Publications<\/li>\n<\/ul>\n<\/li>\n<\/ul>\n<\/div>\n<\/div>\n<\/div>\n","protected":false},"excerpt":{"rendered":"<p>Chef du Laboratoire :\u00a0Dr. Alla MANGAAdresse institutionnelle : sciences-humaines.ifan@ucad.edu.snT\u00e9l\u00e9phone :\u00a0 +221 33 824 16 52 Mis en service depuis la cr\u00e9ation de L\u2019IFAN en 1938, le laboratoire de G\u00e9ographie, autrefois D\u00e9partement, a \u00e9t\u00e9 un pionnier majeur dans la connaissance du S\u00e9n\u00e9gal tant \u00e0 l\u2019\u00e9poque coloniale que postind\u00e9pendance. Il est marqu\u00e9 par le passage d\u2019\u00e9minents chercheurs [&hellip;]<\/p>\n","protected":false},"author":1,"featured_media":0,"parent":0,"menu_order":0,"comment_status":"closed","ping_status":"closed","template":"templates\/template-page-full-width.php","meta":{"_monsterinsights_skip_tracking":false,"_monsterinsights_sitenote_active":false,"_monsterinsights_sitenote_note":"","_monsterinsights_sitenote_category":0,"footnotes":""},"class_list":["post-149","page","type-page","status-publish","hentry"],"_links":{"self":[{"href":"https:\/\/ifan.ucad.sn\/en\/wp-json\/wp\/v2\/pages\/149","targetHints":{"allow":["GET"]}}],"collection":[{"href":"https:\/\/ifan.ucad.sn\/en\/wp-json\/wp\/v2\/pages"}],"about":[{"href":"https:\/\/ifan.ucad.sn\/en\/wp-json\/wp\/v2\/types\/page"}],"author":[{"embeddable":true,"href":"https:\/\/ifan.ucad.sn\/en\/wp-json\/wp\/v2\/users\/1"}],"replies":[{"embeddable":true,"href":"https:\/\/ifan.ucad.sn\/en\/wp-json\/wp\/v2\/comments?post=149"}],"version-history":[{"count":14,"href":"https:\/\/ifan.ucad.sn\/en\/wp-json\/wp\/v2\/pages\/149\/revisions"}],"predecessor-version":[{"id":1402,"href":"https:\/\/ifan.ucad.sn\/en\/wp-json\/wp\/v2\/pages\/149\/revisions\/1402"}],"wp:attachment":[{"href":"https:\/\/ifan.ucad.sn\/en\/wp-json\/wp\/v2\/media?parent=149"}],"curies":[{"name":"wp","href":"https:\/\/api.w.org\/{rel}","templated":true}]}}