{"id":153,"date":"2021-01-11T16:10:27","date_gmt":"2021-01-11T15:10:27","guid":{"rendered":"http:\/\/testsites.ucad.sn\/?page_id=153"},"modified":"2022-01-24T11:03:42","modified_gmt":"2022-01-24T10:03:42","slug":"histoire","status":"publish","type":"page","link":"https:\/\/ifan.ucad.sn\/en\/histoire\/","title":{"rendered":"Histoire"},"content":{"rendered":"\n<div class=\"wp-block-columns is-layout-flex wp-container-core-columns-is-layout-9d6595d7 wp-block-columns-is-layout-flex\">\n<div class=\"wp-block-column is-layout-flow wp-block-column-is-layout-flow\" style=\"flex-basis:66.66%\"><\/div>\n\n\n\n<div class=\"wp-block-column is-layout-flow wp-block-column-is-layout-flow\" style=\"flex-basis:33.33%\">\n<div>\n  <ul class=\"menu-menu-principal sommaire-ifan\">\n       <li><a href=\"https:\/\/ifan.ucad.sn\/sciences-humaines\/\">Pr\u00e9sentation<\/a><\/li>\n<li><a href=\"https:\/\/ifan.ucad.sn\/geographie\/\">G\u00e9ographie<\/a>\n<ul>\n<li>Membres<\/li>\n<li>Publications<\/li>\n<\/ul><\/li>\n<li><a href=\"https:\/\/ifan.ucad.sn\/archeologie\/\">Arch\u00e9ologie<\/a><\/li>\n<li><a class=\"active\" href=\"https:\/\/ifan.ucad.sn\/histoire\/\">Histoire<\/a>\n<ul>\n<li><a href=\"https:\/\/ifan.ucad.sn\/sciences-humaines-histoire-membres\/\">Membres<\/a><\/li>\n<li>Publications<\/li>\n<\/ul>\n<\/li>\n<li><a href=\"https:\/\/ifan.ucad.sn\/sociologie\/\">Sociologie<\/a>\n<ul>\n<li>Membres<\/li>\n<li>Publications<\/li>\n<\/ul>\n<\/li>\n<li><a href=\"https:\/\/ifan.ucad.sn\/antropologie-physique\/\">Anthropologie physique<\/a>\n<ul>\n<li>Membres<\/li>\n<li>Publications<\/li>\n<\/ul>\n<\/li>\n<li><a href=\"https:\/\/ifan.ucad.sn\/sciences-humaines-lartes\/\">LARTES<\/a>\n<ul>\n<li><a href=\"https:\/\/ifan.ucad.sn\/lartes-membres-2\/\">Membres<\/a><\/li>\n<li>Publications<\/li>\n<\/ul>\n<\/li>\n<\/ul>\n<\/div>\n<\/div>\n<\/div>\n","protected":false},"excerpt":{"rendered":"<p>Pr\u00e9sentation G\u00e9ographie Membres Publications Arch\u00e9ologie Histoire Membres Publications Sociologie Membres Publications Anthropologie physique Membres Publications LARTES Membres Publications<\/p>\n","protected":false},"author":1,"featured_media":0,"parent":0,"menu_order":0,"comment_status":"closed","ping_status":"closed","template":"templates\/template-page-full-width.php","meta":{"_monsterinsights_skip_tracking":false,"_monsterinsights_sitenote_active":false,"_monsterinsights_sitenote_note":"","_monsterinsights_sitenote_category":0,"footnotes":""},"class_list":["post-153","page","type-page","status-publish","hentry"],"_links":{"self":[{"href":"https:\/\/ifan.ucad.sn\/en\/wp-json\/wp\/v2\/pages\/153","targetHints":{"allow":["GET"]}}],"collection":[{"href":"https:\/\/ifan.ucad.sn\/en\/wp-json\/wp\/v2\/pages"}],"about":[{"href":"https:\/\/ifan.ucad.sn\/en\/wp-json\/wp\/v2\/types\/page"}],"author":[{"embeddable":true,"href":"https:\/\/ifan.ucad.sn\/en\/wp-json\/wp\/v2\/users\/1"}],"replies":[{"embeddable":true,"href":"https:\/\/ifan.ucad.sn\/en\/wp-json\/wp\/v2\/comments?post=153"}],"version-history":[{"count":7,"href":"https:\/\/ifan.ucad.sn\/en\/wp-json\/wp\/v2\/pages\/153\/revisions"}],"predecessor-version":[{"id":1383,"href":"https:\/\/ifan.ucad.sn\/en\/wp-json\/wp\/v2\/pages\/153\/revisions\/1383"}],"wp:attachment":[{"href":"https:\/\/ifan.ucad.sn\/en\/wp-json\/wp\/v2\/media?parent=153"}],"curies":[{"name":"wp","href":"https:\/\/api.w.org\/{rel}","templated":true}]}}