{"id":1779,"date":"2022-02-15T12:16:50","date_gmt":"2022-02-15T11:16:50","guid":{"rendered":"https:\/\/ifan.ucad.sn\/?page_id=1779"},"modified":"2022-02-15T16:46:01","modified_gmt":"2022-02-15T15:46:01","slug":"mme-diouma-faye","status":"publish","type":"page","link":"https:\/\/ifan.ucad.sn\/en\/mme-diouma-faye\/","title":{"rendered":"Mme Diouma FAYE"},"content":{"rendered":"\t\t<div data-elementor-type=\"wp-page\" data-elementor-id=\"1779\" class=\"elementor elementor-1779\">\n\t\t\t\t\t\t\t\t\t<section class=\"elementor-section elementor-top-section elementor-element elementor-element-0a12816 elementor-section-boxed elementor-section-height-default elementor-section-height-default\" data-id=\"0a12816\" data-element_type=\"section\">\n\t\t\t\t\t\t<div class=\"elementor-container elementor-column-gap-default\">\n\t\t\t\t\t<div class=\"elementor-column elementor-col-100 elementor-top-column elementor-element elementor-element-df0e403\" data-id=\"df0e403\" data-element_type=\"column\">\n\t\t\t<div class=\"elementor-widget-wrap elementor-element-populated\">\n\t\t\t\t\t\t\t\t<div class=\"elementor-element elementor-element-ab8e7af elementor-widget elementor-widget-heading\" data-id=\"ab8e7af\" data-element_type=\"widget\" data-widget_type=\"heading.default\">\n\t\t\t\t<div class=\"elementor-widget-container\">\n\t\t\t<h2 class=\"elementor-heading-title elementor-size-default\">Docteur Diouma FAYE<\/h2>\t\t<\/div>\n\t\t\t\t<\/div>\n\t\t\t\t\t<\/div>\n\t\t<\/div>\n\t\t\t\t\t\t\t<\/div>\n\t\t<\/section>\n\t\t\t\t<section class=\"elementor-section elementor-top-section elementor-element elementor-element-ceeef2f elementor-section-boxed elementor-section-height-default elementor-section-height-default\" data-id=\"ceeef2f\" data-element_type=\"section\">\n\t\t\t\t\t\t<div class=\"elementor-container elementor-column-gap-default\">\n\t\t\t\t\t<div class=\"elementor-column elementor-col-33 elementor-top-column elementor-element elementor-element-f597d8e\" data-id=\"f597d8e\" data-element_type=\"column\">\n\t\t\t<div class=\"elementor-widget-wrap elementor-element-populated\">\n\t\t\t\t\t\t\t\t<div class=\"elementor-element elementor-element-7748da9 elementor-invisible elementor-widget elementor-widget-image\" data-id=\"7748da9\" data-element_type=\"widget\" data-settings=\"{&quot;_animation&quot;:&quot;fadeIn&quot;}\" data-widget_type=\"image.default\">\n\t\t\t\t<div class=\"elementor-widget-container\">\n\t\t\t\t\t\t\t\t\t\t\t\t\t\t\t<img loading=\"lazy\" decoding=\"async\" width=\"150\" height=\"150\" src=\"https:\/\/ifan.ucad.sn\/wp-content\/uploads\/2021\/01\/cropped-cropped-logo-3-150x150.png\" class=\"attachment-thumbnail size-thumbnail wp-image-1221\" alt=\"\" srcset=\"https:\/\/ifan.ucad.sn\/wp-content\/uploads\/2021\/01\/cropped-cropped-logo-3-150x150.png 150w, https:\/\/ifan.ucad.sn\/wp-content\/uploads\/2021\/01\/cropped-cropped-logo-3-300x300.png 300w, https:\/\/ifan.ucad.sn\/wp-content\/uploads\/2021\/01\/cropped-cropped-logo-3-600x602.png 600w, https:\/\/ifan.ucad.sn\/wp-content\/uploads\/2021\/01\/cropped-cropped-logo-3-100x100.png 100w, https:\/\/ifan.ucad.sn\/wp-content\/uploads\/2021\/01\/cropped-cropped-logo-3.png 737w\" sizes=\"auto, (max-width: 150px) 100vw, 150px\" \/>\t\t\t\t\t\t\t\t\t\t\t\t\t\t\t<\/div>\n\t\t\t\t<\/div>\n\t\t\t\t\t<\/div>\n\t\t<\/div>\n\t\t\t\t<div class=\"elementor-column elementor-col-33 elementor-top-column elementor-element elementor-element-27e0214\" data-id=\"27e0214\" data-element_type=\"column\">\n\t\t\t<div class=\"elementor-widget-wrap\">\n\t\t\t\t\t\t\t\t\t<\/div>\n\t\t<\/div>\n\t\t\t\t<div class=\"elementor-column elementor-col-33 elementor-top-column elementor-element elementor-element-d021bb0\" data-id=\"d021bb0\" data-element_type=\"column\">\n\t\t\t<div class=\"elementor-widget-wrap elementor-element-populated\">\n\t\t\t\t\t\t\t\t<div class=\"elementor-element elementor-element-18fb3bd elementor-drop-cap-yes elementor-drop-cap-view-default elementor-widget elementor-widget-text-editor\" data-id=\"18fb3bd\" data-element_type=\"widget\" data-settings=\"{&quot;drop_cap&quot;:&quot;yes&quot;}\" data-widget_type=\"text-editor.default\">\n\t\t\t\t<div class=\"elementor-widget-container\">\n\t\t\t\t\t\t\t<div class=\"analyze-view-detail-text-lines\" aria-hidden=\"true\"><span style=\"color: #000000;\"><strong>Attach\u00e9e d\u2019administration universitair<\/strong>e au Service des Publications de l\u2019Institut Fondamental d\u2019Afrique Noire Cheikh Anta Diop (IFAN CAD).<\/span><\/div><div aria-hidden=\"true\"><span style=\"color: #000000;\"><strong>Docteur en Lettres Modernes<\/strong> (Option : \u00c9tudes Africaines et francophones)<\/span><\/div>\t\t\t\t\t\t<\/div>\n\t\t\t\t<\/div>\n\t\t\t\t\t<\/div>\n\t\t<\/div>\n\t\t\t\t\t\t\t<\/div>\n\t\t<\/section>\n\t\t\t\t<section class=\"elementor-section elementor-top-section elementor-element elementor-element-72bb6bb elementor-section-boxed elementor-section-height-default elementor-section-height-default\" data-id=\"72bb6bb\" data-element_type=\"section\">\n\t\t\t\t\t\t<div class=\"elementor-container elementor-column-gap-default\">\n\t\t\t\t\t<div class=\"elementor-column elementor-col-100 elementor-top-column elementor-element elementor-element-d4ed4f6\" data-id=\"d4ed4f6\" data-element_type=\"column\">\n\t\t\t<div class=\"elementor-widget-wrap elementor-element-populated\">\n\t\t\t\t\t\t\t\t<div class=\"elementor-element elementor-element-70e2c3a elementor-invisible elementor-widget elementor-widget-accordion\" data-id=\"70e2c3a\" data-element_type=\"widget\" data-settings=\"{&quot;_animation&quot;:&quot;fadeIn&quot;}\" data-widget_type=\"accordion.default\">\n\t\t\t\t<div class=\"elementor-widget-container\">\n\t\t\t\t\t<div class=\"elementor-accordion\">\n\t\t\t\t\t\t\t<div class=\"elementor-accordion-item\">\n\t\t\t\t\t<div id=\"elementor-tab-title-1181\" class=\"elementor-tab-title\" data-tab=\"1\" role=\"button\" aria-controls=\"elementor-tab-content-1181\" aria-expanded=\"false\">\n\t\t\t\t\t\t\t\t\t\t\t\t\t<span class=\"elementor-accordion-icon elementor-accordion-icon-left\" aria-hidden=\"true\">\n\t\t\t\t\t\t\t\t\t\t\t\t\t\t\t<span class=\"elementor-accordion-icon-closed\"><i class=\"fas fa-plus\"><\/i><\/span>\n\t\t\t\t\t\t\t\t<span class=\"elementor-accordion-icon-opened\"><i class=\"fas fa-minus\"><\/i><\/span>\n\t\t\t\t\t\t\t\t\t\t\t\t\t\t<\/span>\n\t\t\t\t\t\t\t\t\t\t\t\t<a class=\"elementor-accordion-title\" tabindex=\"0\">Exp\u00e9riences professionnelles<\/a>\n\t\t\t\t\t<\/div>\n\t\t\t\t\t<div id=\"elementor-tab-content-1181\" class=\"elementor-tab-content elementor-clearfix\" data-tab=\"1\" role=\"region\" aria-labelledby=\"elementor-tab-title-1181\"><ul><li><span style=\"color: #000000;\">Janvier 2021, <strong>Attach\u00e9e d\u2019administration universitaire au Service des Publications de l\u2019Institut Fondamental d\u2019Afrique Noire Cheikh Anta Diop (IFAN CAD)<\/strong>.\u00a0<\/span><\/li><li><span style=\"color: #000000;\">Novembre 2019-Janvier 2021, <strong>Consultante au Mus\u00e9e de la Femme Henriette Bathily (MUFEM)<\/strong>, Dakar, S\u00e9n\u00e9gal. <\/span><\/li><li><span style=\"color: #000000;\">Juin-Septembre 2020, <strong>R\u00e9dactrice Web \u00e0 B2oweb<\/strong>, Dakar, S\u00e9n\u00e9gal. Avril-Ao\u00fbt 2015, R\u00e9dactrice Web \u00e0 Natcom, Dakar, S\u00e9n\u00e9gal.<\/span><\/li><\/ul><p style=\"text-align: center;\"><span style=\"color: #000000;\"><strong>Distinctions :<\/strong> <\/span><\/p><ul><li><span style=\"color: #000000;\"><strong>Prix de dict\u00e9e ou de culture g\u00e9n\u00e9rale<\/strong> (quatre ann\u00e9es successives au Coll\u00e8ge Mbour II, (Thi\u00e8s, 2003-2007). 2\u00e8me Prix de Po\u00e9sie lors d\u2019un hommage \u00e0 Aim\u00e9 C\u00e9saire, Lyc\u00e9e El H.Malick Sy (Thi\u00e8s, 2008). <\/span><\/li><li><span style=\"color: #000000;\"><strong>1er Prix de Nouvelle, Quinzaine de la Francophonie, Ucad (Mars 2015)<\/strong>. 2\u00e8me Prix de Nouvelle de la premi\u00e8re \u00e9dition du concours d\u2019\u00e9criture : LES GRAINES DE L\u2019EXCELLENCE, les Ateliers d\u2019\u00e9criture REPROF-EFFA \/ Fondation Sonatel, 2015\/2016. <\/span><\/li><\/ul><\/div>\n\t\t\t\t<\/div>\n\t\t\t\t\t\t\t<div class=\"elementor-accordion-item\">\n\t\t\t\t\t<div id=\"elementor-tab-title-1182\" class=\"elementor-tab-title\" data-tab=\"2\" role=\"button\" aria-controls=\"elementor-tab-content-1182\" aria-expanded=\"false\">\n\t\t\t\t\t\t\t\t\t\t\t\t\t<span class=\"elementor-accordion-icon elementor-accordion-icon-left\" aria-hidden=\"true\">\n\t\t\t\t\t\t\t\t\t\t\t\t\t\t\t<span class=\"elementor-accordion-icon-closed\"><i class=\"fas fa-plus\"><\/i><\/span>\n\t\t\t\t\t\t\t\t<span class=\"elementor-accordion-icon-opened\"><i class=\"fas fa-minus\"><\/i><\/span>\n\t\t\t\t\t\t\t\t\t\t\t\t\t\t<\/span>\n\t\t\t\t\t\t\t\t\t\t\t\t<a class=\"elementor-accordion-title\" tabindex=\"0\">Communications<\/a>\n\t\t\t\t\t<\/div>\n\t\t\t\t\t<div id=\"elementor-tab-content-1182\" class=\"elementor-tab-content elementor-clearfix\" data-tab=\"2\" role=\"region\" aria-labelledby=\"elementor-tab-title-1182\"><ul><li><span style=\"color: #000000;\">Participation aux<strong> journ\u00e9es Suisses d\u2019\u00c9tudes Africaines<\/strong>, 26-27 octobre 2018, Universit\u00e9 de Berne, Panel 4: Sous le signe du retour : migration et migrance litt\u00e9raire. Titre de la communication: \u00ab <em>Migrance et &#8221; fabrique des identit\u00e9s&#8221;\u02bcdans le roman africain francophone<\/em> \u00bb.<\/span><\/li><li><span style=\"color: #000000;\"><strong>Journ\u00e9es de la Francophoni<\/strong>e (20 et 21 Mars 2017), th\u00e8me: F<em>rancophonie et production litt\u00e9raire f\u00e9minine, titre de la communication : Senteurs d\u2019Hivernage de Khadi Fall<\/em>. Colloque international, \u00ab Cultures m\u00e9diatiques globalis\u00e9es et litt\u00e9ratures s\u00e9n\u00e9galaises. Dimensions interm\u00e9diatiques, de l\u2019\u00e9poque coloniale \u00e0 la postmodernit\u00e9 \u00bb, 2017, Universit\u00e9 de la Sarre (UDS), Allemagne. Titre de la communication : Pratique scripturale et port\u00e9e symbolique de l\u2019interm\u00e9dialit\u00e9 dans L\u2019appel des ar\u00e8nes et Festins de la d\u00e9tresse d\u2019Aminata Sow Fall.<\/span><\/li><\/ul><\/div>\n\t\t\t\t<\/div>\n\t\t\t\t\t\t\t<div class=\"elementor-accordion-item\">\n\t\t\t\t\t<div id=\"elementor-tab-title-1183\" class=\"elementor-tab-title\" data-tab=\"3\" role=\"button\" aria-controls=\"elementor-tab-content-1183\" aria-expanded=\"false\">\n\t\t\t\t\t\t\t\t\t\t\t\t\t<span class=\"elementor-accordion-icon elementor-accordion-icon-left\" aria-hidden=\"true\">\n\t\t\t\t\t\t\t\t\t\t\t\t\t\t\t<span class=\"elementor-accordion-icon-closed\"><i class=\"fas fa-plus\"><\/i><\/span>\n\t\t\t\t\t\t\t\t<span class=\"elementor-accordion-icon-opened\"><i class=\"fas fa-minus\"><\/i><\/span>\n\t\t\t\t\t\t\t\t\t\t\t\t\t\t<\/span>\n\t\t\t\t\t\t\t\t\t\t\t\t<a class=\"elementor-accordion-title\" tabindex=\"0\">Activit\u00e9s scientifiques<\/a>\n\t\t\t\t\t<\/div>\n\t\t\t\t\t<div id=\"elementor-tab-content-1183\" class=\"elementor-tab-content elementor-clearfix\" data-tab=\"3\" role=\"region\" aria-labelledby=\"elementor-tab-title-1183\"><p><span style=\"color: #000000;\">Diouma Faye et Viktoria L\u00fchr, constitution d\u2019une banque de donn\u00e9es sur l\u2019intertextualit\u00e9 et l\u2019interm\u00e9dialit\u00e9 des litt\u00e9ratures s\u00e9n\u00e9galaises, sous la direction des Professeurs Hans-Jurgen L\u00fcsebrink (UDS) et Ibrahima Diagne (UCAD). Projet soutenu par la Fondation Alexander von Humboldt(Allemagne), et regroupant l\u2019Institut d\u2019\u00c9tudes Romanes\/Chaire d\u2019\u00c9tudes Culturelles Romanes et de Communication Interculturelle de l\u2019Universit\u00e9 de la Sarre (UdS) (Allemagne), le D\u00e9partement de Lettres Modernes et le D\u00e9partement de Langues et Civilisations Germaniques de la Facult\u00e9 des Lettres et Sciences Humaines de l\u2019Universit\u00e9 Cheikh Anta DIOP(UCAD), S\u00e9n\u00e9gal.<\/span><\/p><\/div>\n\t\t\t\t<\/div>\n\t\t\t\t\t\t\t<div class=\"elementor-accordion-item\">\n\t\t\t\t\t<div id=\"elementor-tab-title-1184\" class=\"elementor-tab-title\" data-tab=\"4\" role=\"button\" aria-controls=\"elementor-tab-content-1184\" aria-expanded=\"false\">\n\t\t\t\t\t\t\t\t\t\t\t\t\t<span class=\"elementor-accordion-icon elementor-accordion-icon-left\" aria-hidden=\"true\">\n\t\t\t\t\t\t\t\t\t\t\t\t\t\t\t<span class=\"elementor-accordion-icon-closed\"><i class=\"fas fa-plus\"><\/i><\/span>\n\t\t\t\t\t\t\t\t<span class=\"elementor-accordion-icon-opened\"><i class=\"fas fa-minus\"><\/i><\/span>\n\t\t\t\t\t\t\t\t\t\t\t\t\t\t<\/span>\n\t\t\t\t\t\t\t\t\t\t\t\t<a class=\"elementor-accordion-title\" tabindex=\"0\">Activit\u00e9s d'enseignement<\/a>\n\t\t\t\t\t<\/div>\n\t\t\t\t\t<div id=\"elementor-tab-content-1184\" class=\"elementor-tab-content elementor-clearfix\" data-tab=\"4\" role=\"region\" aria-labelledby=\"elementor-tab-title-1184\"><p><span style=\"color: #000000;\">Enseignante vacataire depuis l\u2019ann\u00e9e acad\u00e9mique 2016- 2017, au d\u00e9partement de Lettres Modernes (Ucad).<\/span><\/p><\/div>\n\t\t\t\t<\/div>\n\t\t\t\t\t\t\t<div class=\"elementor-accordion-item\">\n\t\t\t\t\t<div id=\"elementor-tab-title-1185\" class=\"elementor-tab-title\" data-tab=\"5\" role=\"button\" aria-controls=\"elementor-tab-content-1185\" aria-expanded=\"false\">\n\t\t\t\t\t\t\t\t\t\t\t\t\t<span class=\"elementor-accordion-icon elementor-accordion-icon-left\" aria-hidden=\"true\">\n\t\t\t\t\t\t\t\t\t\t\t\t\t\t\t<span class=\"elementor-accordion-icon-closed\"><i class=\"fas fa-plus\"><\/i><\/span>\n\t\t\t\t\t\t\t\t<span class=\"elementor-accordion-icon-opened\"><i class=\"fas fa-minus\"><\/i><\/span>\n\t\t\t\t\t\t\t\t\t\t\t\t\t\t<\/span>\n\t\t\t\t\t\t\t\t\t\t\t\t<a class=\"elementor-accordion-title\" tabindex=\"0\">Publications<\/a>\n\t\t\t\t\t<\/div>\n\t\t\t\t\t<div id=\"elementor-tab-content-1185\" class=\"elementor-tab-content elementor-clearfix\" data-tab=\"5\" role=\"region\" aria-labelledby=\"elementor-tab-title-1185\"><ol><li><span style=\"color: #000000;\"><strong>FAYE, D.<\/strong>, \u00ab <em>Jeux et enjeux m\u00e9tatextuels dans Sabaru Jinne. Les tam-tams du diable de Pape Samba K\u00e2ne<\/em> \u00bb, dans Les Annales de l&#8217;Institut Sup\u00e9rieur des Sciences Humaines de M\u00e9denine, n\u00b01, Universit\u00e9 de Gab\u00e8s \u2013 Tunisie (en cours). <\/span><\/li><li><span style=\"color: #000000;\"><strong>FAYE, D.<\/strong>, \u00ab <em>Le tiers espace ou le territoire de l\u2019identit\u00e9 dans quelques romans de la migration<\/em> \u00bb dans Dialogue des cultures. Lumi\u00e8re des nations, \u00c9thiopiques, Revue N\u00e9groAfricaine de Litt\u00e9rature, de Philosophie, de Sociologie, d\u2019Anthropologie et d\u2019Art, n\u00b0106, 1er semestre 2021, pp. 7-20. <\/span><\/li><li><span style=\"color: #000000;\"><strong>FAYE, D.<\/strong>, \u00ab <em>De Niodior \u00e0 Pointe-Noire : alt\u00e9risation et alt\u00e9ration identitaires<\/em> \u00bb, dans Djiboul, Revue Scientifique des Arts-Communications, Lettres, Sciences Humaines et Sociales, n\u00b01, vol 3-Juillet 2021, pp. 269-286. <\/span><\/li><li><span style=\"color: #000000;\">FAYE, D., \u00ab <em>La fabrication des &#8221; \u00eatres transfrontaliers &#8221; dans quelques romans africains francophones de l\u2019extr\u00eame contemporain<\/em> \u00bb, dans Dialogues Francophones n\u00b0 24-2020, Repr\u00e9sentations du (non) d\u00e9placement dans les litt\u00e9ratures francophones, pp. 233-244. <\/span><\/li><li><span style=\"color: #000000;\">FAYE, D., \u00ab <em>Pratique scripturale et port\u00e9e symbolique de l\u2019interm\u00e9dialit\u00e9 dans L\u2019Appel des ar\u00e8nes et Festins de la d\u00e9tresse d\u2019Aminata Sow Fall<\/em> \u00bb, dans Diagne, I. L\u00fcsebrink, H.J. (dir.), Cultures m\u00e9diatiques et interm\u00e9dialit\u00e9 dans les litt\u00e9ratures s\u00e9n\u00e9galaises. Enjeux culturels et \u00e9critures litt\u00e9raires de l\u2019\u00e9poque coloniale \u00e0 la postmodernit\u00e9, 2020, Paris, L\u2019Harmattan, pp. 251-264. <\/span><\/li><li><span style=\"color: #000000;\"><strong>FAYE, D.<\/strong>, \u00ab <em>Migrance et identit\u00e9 dans le roman et le cin\u00e9ma africains francophones<\/em> \u00bb, dans Migrations, travers\u00e9es et int\u00e9grations, \u00c9thiopiques, Revue N\u00e9gro-Africaine deLitt\u00e9rature, de Philosophie, de Sociologie, d\u2019Anthropologie et d\u2019Art, n\u00b0 102 &#8211; 1er semestre 2019, pp.51-66. <\/span><\/li><li><span style=\"color: #000000;\"><strong>FAYE, D.<\/strong>, \u00ab <em>L\u2019habit fait le moine et le Moi : entre mascarade et prof\u00e9ration identitaire dans les romans de Mabanckou<\/em> \u00bb dans Regards crois\u00e9s sur le code vestimentaire : des pratiques sociolinguistiques aux repr\u00e9sentations litt\u00e9raires, 2019, Roumanie, Gala\u0163i University Press, Revue M\u00e9langes francophones, n\u00b0 17, pp.47-60. <\/span><\/li><li><span style=\"color: #000000;\">FAYE D., DRAM\u00c9 M., \u00ab <em>L\u2019interm\u00e9dialit\u00e9 dans La m\u00e9moire amput\u00e9e de Werewere Liking. Perspectives didactiques au secondaire<\/em> \u00bb, dans ANADISS, Revue du centre de recherche Analyse du discours, Imaginaire(s) et discours II, n\u00b024, 2017, Roumanie, Universit\u00e9 St\u00e9fan cel Mare de Suceava, pp.177-192. <\/span><\/li><li><span style=\"color: #000000;\"><strong>FAYE D.<\/strong>, \u00ab <em>A tire d\u2019elles de Pape Samba KANE<\/em> \u00bb, note de lecture, dans les journaux-quotidiens s\u00e9n\u00e9galais Lib\u00e9ration, du 11 ao\u00fbt 2018 et Le Soleil du 16 ao\u00fbt 2018, p.12.<\/span><\/li><\/ol><\/div>\n\t\t\t\t<\/div>\n\t\t\t\t\t\t\t\t<\/div>\n\t\t\t\t<\/div>\n\t\t\t\t<\/div>\n\t\t\t\t\t<\/div>\n\t\t<\/div>\n\t\t\t\t\t\t\t<\/div>\n\t\t<\/section>\n\t\t\t\t\t\t\t<\/div>\n\t\t","protected":false},"excerpt":{"rendered":"<p>Docteur Diouma FAYE Attach\u00e9e d\u2019administration universitaire au Service des Publications de l\u2019Institut Fondamental d\u2019Afrique Noire Cheikh Anta Diop (IFAN CAD).Docteur en Lettres Modernes (Option : \u00c9tudes Africaines et francophones) Exp\u00e9riences professionnelles Janvier 2021, Attach\u00e9e d\u2019administration universitaire au Service des Publications de l\u2019Institut Fondamental d\u2019Afrique Noire Cheikh Anta Diop (IFAN CAD).\u00a0 Novembre 2019-Janvier 2021, Consultante au [&hellip;]<\/p>\n","protected":false},"author":1,"featured_media":0,"parent":0,"menu_order":0,"comment_status":"closed","ping_status":"closed","template":"elementor_header_footer","meta":{"_monsterinsights_skip_tracking":false,"_monsterinsights_sitenote_active":false,"_monsterinsights_sitenote_note":"","_monsterinsights_sitenote_category":0,"footnotes":""},"class_list":["post-1779","page","type-page","status-publish","hentry"],"_links":{"self":[{"href":"https:\/\/ifan.ucad.sn\/en\/wp-json\/wp\/v2\/pages\/1779","targetHints":{"allow":["GET"]}}],"collection":[{"href":"https:\/\/ifan.ucad.sn\/en\/wp-json\/wp\/v2\/pages"}],"about":[{"href":"https:\/\/ifan.ucad.sn\/en\/wp-json\/wp\/v2\/types\/page"}],"author":[{"embeddable":true,"href":"https:\/\/ifan.ucad.sn\/en\/wp-json\/wp\/v2\/users\/1"}],"replies":[{"embeddable":true,"href":"https:\/\/ifan.ucad.sn\/en\/wp-json\/wp\/v2\/comments?post=1779"}],"version-history":[{"count":22,"href":"https:\/\/ifan.ucad.sn\/en\/wp-json\/wp\/v2\/pages\/1779\/revisions"}],"predecessor-version":[{"id":1813,"href":"https:\/\/ifan.ucad.sn\/en\/wp-json\/wp\/v2\/pages\/1779\/revisions\/1813"}],"wp:attachment":[{"href":"https:\/\/ifan.ucad.sn\/en\/wp-json\/wp\/v2\/media?parent=1779"}],"curies":[{"name":"wp","href":"https:\/\/api.w.org\/{rel}","templated":true}]}}