{"id":218,"date":"2021-01-12T17:00:30","date_gmt":"2021-01-12T16:00:30","guid":{"rendered":"http:\/\/testsites.ucad.sn\/?page_id=218"},"modified":"2022-01-21T11:28:43","modified_gmt":"2022-01-21T10:28:43","slug":"musee-historique","status":"publish","type":"page","link":"https:\/\/ifan.ucad.sn\/en\/musee-historique\/","title":{"rendered":"Mus\u00e9e Historique"},"content":{"rendered":"\n<div class=\"wp-block-columns is-layout-flex wp-container-core-columns-is-layout-9d6595d7 wp-block-columns-is-layout-flex\">\n<div class=\"wp-block-column is-layout-flow wp-block-column-is-layout-flow\" style=\"flex-basis:66.66%\"><\/div>\n\n\n\n<div class=\"wp-block-column is-layout-flow wp-block-column-is-layout-flow\" style=\"flex-basis:33.33%\">\n<div>\n  <ul class=\"menu-menu-principal sommaire-ifan\">\n       <li><a href=\"https:\/\/ifan.ucad.sn\/musees\/\">Pr\u00e9sentation<\/a><\/li>\n<li><a href=\"https:\/\/ifan.ucad.sn\/musees-musee-theodore-monod\/\">Mus\u00e9e Th\u00e9odore Monod<\/a><\/li>\n<li class=\"active\"><a href=\"https:\/\/ifan.ucad.sn\/musee-historique\/\">Mus\u00e9e Historique<\/a><\/li>\n<li><a href=\"https:\/\/ifan.ucad.sn\/musee-de-la-mer\/\">Mus\u00e9e de la mer<\/a><\/li>\n<\/ul>\n<\/div>\n<\/div>\n<\/div>\n","protected":false},"excerpt":{"rendered":"<p>Pr\u00e9sentation Mus\u00e9e Th\u00e9odore Monod Mus\u00e9e Historique Mus\u00e9e de la mer<\/p>\n","protected":false},"author":1,"featured_media":0,"parent":0,"menu_order":0,"comment_status":"closed","ping_status":"closed","template":"templates\/template-page-full-width.php","meta":{"_monsterinsights_skip_tracking":false,"_monsterinsights_sitenote_active":false,"_monsterinsights_sitenote_note":"","_monsterinsights_sitenote_category":0,"footnotes":""},"class_list":["post-218","page","type-page","status-publish","hentry"],"_links":{"self":[{"href":"https:\/\/ifan.ucad.sn\/en\/wp-json\/wp\/v2\/pages\/218","targetHints":{"allow":["GET"]}}],"collection":[{"href":"https:\/\/ifan.ucad.sn\/en\/wp-json\/wp\/v2\/pages"}],"about":[{"href":"https:\/\/ifan.ucad.sn\/en\/wp-json\/wp\/v2\/types\/page"}],"author":[{"embeddable":true,"href":"https:\/\/ifan.ucad.sn\/en\/wp-json\/wp\/v2\/users\/1"}],"replies":[{"embeddable":true,"href":"https:\/\/ifan.ucad.sn\/en\/wp-json\/wp\/v2\/comments?post=218"}],"version-history":[{"count":3,"href":"https:\/\/ifan.ucad.sn\/en\/wp-json\/wp\/v2\/pages\/218\/revisions"}],"predecessor-version":[{"id":1255,"href":"https:\/\/ifan.ucad.sn\/en\/wp-json\/wp\/v2\/pages\/218\/revisions\/1255"}],"wp:attachment":[{"href":"https:\/\/ifan.ucad.sn\/en\/wp-json\/wp\/v2\/media?parent=218"}],"curies":[{"name":"wp","href":"https:\/\/api.w.org\/{rel}","templated":true}]}}