{"id":22,"date":"2021-01-09T11:07:50","date_gmt":"2021-01-09T10:07:50","guid":{"rendered":"http:\/\/testsites.ucad.sn\/?page_id=22"},"modified":"2026-02-16T13:24:01","modified_gmt":"2026-02-16T12:24:01","slug":"presentation-de-lifan","status":"publish","type":"page","link":"https:\/\/ifan.ucad.sn\/en\/presentation-de-lifan\/","title":{"rendered":"Pr\u00e9sentation de l&#8217;IFAN"},"content":{"rendered":"\n<div class=\"wp-block-columns is-layout-flex wp-container-core-columns-is-layout-9d6595d7 wp-block-columns-is-layout-flex\">\n<div class=\"wp-block-column is-layout-flow wp-block-column-is-layout-flow\" style=\"flex-basis:66.66%\">\n<p class=\"has-drop-cap\">L\u2019Institut fondamental d\u2019Afrique noire (IFAN) est cr\u00e9\u00e9 en ao\u00fbt 1936, par arr\u00eat\u00e9 n\u00b0 1945\/E du Gouverneur g\u00e9n\u00e9ral de l\u2019Afrique occidentale fran\u00e7aise (AOF), Jules Brevi\u00e9, et le poste de Secr\u00e9taire g\u00e9n\u00e9ral fut occup\u00e9 par Th\u00e9odore Monod qui prend ses fonctions \u00e0 Dakar \u00e0 partir de juillet 1938.<br>Institut f\u00e9d\u00e9ral de recherche, il \u00e9tait implant\u00e9 \u00e0 Dakar (capitale de l\u2019AOF) avec des centres locaux dans les diff\u00e9rents territoires : Saint-Louis, Abidjan, Bamako, Cotonou, Niamey, Ouagadougou, des centres associ\u00e9s (Douala et Lom\u00e9) et des bases (Atar, Diafarb\u00e9, Mont-Nimba).<br>En 1960, l\u2019IFAN a \u00e9t\u00e9 int\u00e9gr\u00e9 \u00e0 l\u2019Universit\u00e9 de Dakar. D\u00e8s lors, les centres locaux et associ\u00e9s sont devenus autonomes.<br>En 1966, l\u2019IFAN, tout en gardant son sigle, est devenu Institut fondamental d\u2019Afrique noire.<\/p>\n\n\n\n<p>En 1986, il a pris son nom actuel IFAN Cheikh Anta Diop, apr\u00e8s le d\u00e9c\u00e8s du professeur Cheikh Anta Diop, l\u2019un de ses plus \u00e9minents chercheurs.<br>Ses principaux Directeurs ont \u00e9t\u00e9 successivement :<\/p>\n\n\n\n<ul class=\"wp-block-list\">\n<li>Th\u00e9odore MONOD (1938-1965), naturaliste ;<\/li>\n\n\n\n<li>Vincent MONTEIL (1965-1968), islamologue ;<\/li>\n\n\n\n<li>Pierre FOUGEYROLLAS (1968-1971), philosophe ;<\/li>\n\n\n\n<li>Amar SAMB (1971-1986), islamologue ;<\/li>\n\n\n\n<li>Abdoulaye Bara DIOP (1986-1995), sociologue ;<\/li>\n\n\n\n<li>Djibril SAMB (1995-2005), historien en philosophie ;<\/li>\n\n\n\n<li>Papa NDIAYE (2005-2011), biologiste ;<\/li>\n\n\n\n<li>Hamady BOCOUM (2011 \u00e0 2016), arch\u00e9ologue ;<\/li>\n\n\n\n<li>Abdoulaye TOUR\u00c9, (2017 \u00e0 2020), historien<\/li>\n\n\n\n<li>Abdoulaye Ba\u00efla NDIAYE, (2020 \u00e0 2026), Biologiste<\/li>\n\n\n\n<li><a href=\"https:\/\/ifan.ucad.sn\/pr-matar-ndiaye\/\" data-type=\"link\" data-id=\"https:\/\/ifan.ucad.sn\/pr-matar-ndiaye\/\">Matar Ndiaye, (depuis 2026), arch\u00e9ologue<\/a><\/li>\n<\/ul>\n\n\n\n<p>L&#8217;IFAN est compos\u00e9 de six d\u00e9partements:<\/p>\n\n\n\n<ol class=\"wp-block-list\">\n<li><a href=\"https:\/\/ifan.ucad.sn\/sciences-humaines\/\" data-type=\"page\" data-id=\"52\"><strong>Sciences humaines<\/strong><\/a><\/li>\n\n\n\n<li><a href=\"https:\/\/ifan.ucad.sn\/langues-civilisations\/\" data-type=\"page\" data-id=\"50\"><strong>Langues et civilisations<\/strong><\/a><\/li>\n\n\n\n<li><a href=\"https:\/\/ifan.ucad.sn\/biologie-animale\/\" data-type=\"page\" data-id=\"54\"><strong>Biologie animale<\/strong><\/a><\/li>\n\n\n\n<li><a href=\"https:\/\/ifan.ucad.sn\/botanique-presentation\/\" data-type=\"page\" data-id=\"232\"><strong>Botanique et g\u00e9ologie<\/strong><\/a><\/li>\n\n\n\n<li><a href=\"https:\/\/ifan.ucad.sn\/musees\/\" data-type=\"page\" data-id=\"58\"><strong>Mus\u00e9es<\/strong><\/a><\/li>\n\n\n\n<li><a href=\"https:\/\/ifan.ucad.sn\/information-scientifique\/\" data-type=\"page\" data-id=\"60\"><strong>Information scientifique<\/strong><\/a><\/li>\n<\/ol>\n\n\n\n<p>Les missions de l\u2019IFAN sont: <\/p>\n\n\n\n<ul class=\"wp-block-list\">\n<li>d\u2019effectuer, de susciter et de promouvoir des travaux scientifiques se rapportant \u00e0 l\u2019Afrique noire en g\u00e9n\u00e9ral et \u00e0 l\u2019Afrique de l\u2019Ouest en particulier ;<\/li>\n\n\n\n<li>d\u2019assurer la publication et la diffusion des \u00e9tudes et des travaux d\u2019ordre scientifique se rapportant \u00e0 sa mission ;<\/li>\n\n\n\n<li>de constituer dans ses mus\u00e9es, ses archives et sa biblioth\u00e8que les collections scientifiques et la documentation n\u00e9cessaire \u00e0 la connaissance et \u00e0 l\u2019\u00e9tude des questions int\u00e9ressant l\u2019Afrique noire ;<\/li>\n\n\n\n<li>de participer \u00e0 l\u2019application des r\u00e8glements concernant le classement des monuments historiques, les fouilles, l\u2019exploration des objets ethnographiques ou d\u2019art africain, la protection des sites naturels, de la faune et de la flore ;<\/li>\n\n\n\n<li>de collaborer \u00e0 l\u2019organisation de colloques et de congr\u00e8s internationaux et \u00e0 l\u2019\u00e9tablissement d\u2019une coop\u00e9ration et des \u00e9changes avec les instituts nationaux et internationaux similaires ;<\/li>\n<\/ul>\n\n\n\n<figure class=\"wp-block-embed is-type-video is-provider-youtube wp-block-embed-youtube wp-embed-aspect-16-9 wp-has-aspect-ratio\"><div class=\"wp-block-embed__wrapper\">\n<iframe loading=\"lazy\" title=\"Pr\u00e9sentation de l&#039;Institut Fondamental d&#039;Afrique Noire\" width=\"1170\" height=\"658\" src=\"https:\/\/www.youtube.com\/embed\/F1vKGcVv_t8?feature=oembed\" frameborder=\"0\" allow=\"accelerometer; autoplay; clipboard-write; encrypted-media; gyroscope; picture-in-picture\" allowfullscreen><\/iframe>\n<\/div><\/figure>\n<\/div>\n\n\n\n<div class=\"wp-block-column is-layout-flow wp-block-column-is-layout-flow\" style=\"flex-basis:33.33%\">\n<div>\n  <ul class=\"menu-menu-principal sommaire-ifan\">\n<li><a href=\"https:\/\/ifan.ucad.sn\/musees\/\">Mus\u00e9es<\/a>\n<\/li>\n       <li><a href=\"https:\/\/ifan.ucad.sn\/botanique-presentation\/\">Botanique &#038; G\u00e9ologie<\/a><\/li>\n\n<li><a href=\"https:\/\/ifan.ucad.sn\/biologie-animale\/\">Biologie animale<\/a>\n<\/li>\n<li><a href=\"https:\/\/ifan.ucad.sn\/sciences-humaines\/\">Sciences humaines<\/a>\n<\/li>\n<li><a href=\"https:\/\/ifan.ucad.sn\/langues-civilisations\/\">Langues et Civilisations<\/a>\n<\/li>\n<li><a href=\"https:\/\/ifan.ucad.sn\/information-scientifique\/\">Informatique scientifique<\/a>\n<\/li>\n<\/ul>\n<\/div>\n<\/div>\n<\/div>\n","protected":false},"excerpt":{"rendered":"<p>L\u2019Institut fondamental d\u2019Afrique noire (IFAN) est cr\u00e9\u00e9 en ao\u00fbt 1936, par arr\u00eat\u00e9 n\u00b0 1945\/E du Gouverneur g\u00e9n\u00e9ral de l\u2019Afrique occidentale fran\u00e7aise (AOF), Jules Brevi\u00e9, et le poste de Secr\u00e9taire g\u00e9n\u00e9ral fut occup\u00e9 par Th\u00e9odore Monod qui prend ses fonctions \u00e0 Dakar \u00e0 partir de juillet 1938.Institut f\u00e9d\u00e9ral de recherche, il \u00e9tait implant\u00e9 \u00e0 Dakar (capitale [&hellip;]<\/p>\n","protected":false},"author":1,"featured_media":0,"parent":0,"menu_order":0,"comment_status":"closed","ping_status":"closed","template":"templates\/template-page-full-width.php","meta":{"_monsterinsights_skip_tracking":false,"_monsterinsights_sitenote_active":false,"_monsterinsights_sitenote_note":"","_monsterinsights_sitenote_category":0,"footnotes":""},"class_list":["post-22","page","type-page","status-publish","hentry"],"_links":{"self":[{"href":"https:\/\/ifan.ucad.sn\/en\/wp-json\/wp\/v2\/pages\/22","targetHints":{"allow":["GET"]}}],"collection":[{"href":"https:\/\/ifan.ucad.sn\/en\/wp-json\/wp\/v2\/pages"}],"about":[{"href":"https:\/\/ifan.ucad.sn\/en\/wp-json\/wp\/v2\/types\/page"}],"author":[{"embeddable":true,"href":"https:\/\/ifan.ucad.sn\/en\/wp-json\/wp\/v2\/users\/1"}],"replies":[{"embeddable":true,"href":"https:\/\/ifan.ucad.sn\/en\/wp-json\/wp\/v2\/comments?post=22"}],"version-history":[{"count":13,"href":"https:\/\/ifan.ucad.sn\/en\/wp-json\/wp\/v2\/pages\/22\/revisions"}],"predecessor-version":[{"id":8736,"href":"https:\/\/ifan.ucad.sn\/en\/wp-json\/wp\/v2\/pages\/22\/revisions\/8736"}],"wp:attachment":[{"href":"https:\/\/ifan.ucad.sn\/en\/wp-json\/wp\/v2\/media?parent=22"}],"curies":[{"name":"wp","href":"https:\/\/api.w.org\/{rel}","templated":true}]}}