{"id":232,"date":"2021-01-13T13:56:33","date_gmt":"2021-01-13T12:56:33","guid":{"rendered":"http:\/\/testsites.ucad.sn\/?page_id=232"},"modified":"2025-10-27T11:03:41","modified_gmt":"2025-10-27T10:03:41","slug":"botanique-presentation","status":"publish","type":"page","link":"https:\/\/ifan.ucad.sn\/en\/botanique-presentation\/","title":{"rendered":"Botanique &#038; G\u00e9ologie &#8211; Pr\u00e9sentation"},"content":{"rendered":"\n<div class=\"wp-block-columns is-layout-flex wp-container-core-columns-is-layout-9d6595d7 wp-block-columns-is-layout-flex\">\n<div class=\"wp-block-column is-layout-flow wp-block-column-is-layout-flow\" style=\"flex-basis:66.66%\">\n<p>Chef de d\u00e9partement :\u00a0<strong>Maurice NDEYE<\/strong><br>Adresse mail :\u00a0<strong>botanique-geologie.ifan@ucad.edu.sn<\/strong><br>T\u00e9l\u00e9phone institutionnel :\u00a0<strong>+221 33 824 16 52<\/strong><br>Laboratoires affili\u00e9s :\u00a0<strong>Botanique, G\u00e9ologie et Carbone 14<\/strong><\/p>\n\n\n\n<p><\/p>\n\n\n\n<p class=\"justify-text\">Le D\u00e9partement de Botanique et G\u00e9ologie est constitu\u00e9 de<strong>&nbsp;trois laboratoires<\/strong>&nbsp;:&nbsp;<strong>la Botanique<\/strong>,&nbsp;<strong>la<\/strong>&nbsp;<strong>G\u00e9ologie<\/strong>&nbsp;et&nbsp;<strong>le Carbonne 14<\/strong>. Les programmes de recherche men\u00e9s dans ce d\u00e9partement sont divers et vari\u00e9s mais, ils visent tous une meilleure connaissance de notre environnement physique et biologique pour une utilisation durable des ressources.<br>En effet, l\u2019ethnobotanique, les inventaires floristiques, l\u2019\u00e9valuation des ressources en eau et de la pollution, la G\u00e9odynamique Ouest Africaine (GOA), la mise en place des diff\u00e9rentes \u00e9pisodes volcaniques et granito\u00efdiques et les politiques mini\u00e8res et p\u00e9troli\u00e8res \u00e0 l\u2019heure de la mondialisation sont autant de th\u00e8mes d\u2019importance majeure abord\u00e9s dans notre D\u00e9partement. Notons l\u2019\u00e9troite collaboration entre les laboratoires de G\u00e9ologie et de Carbonne 14 sur les \u00e9tudes g\u00e9ochronologiques.<\/p>\n\n\n\n<p class=\"justify-text\">Le&nbsp;<strong>l<\/strong><strong>aboratoire de Botanique<\/strong>&nbsp;a \u00e9t\u00e9 cr\u00e9\u00e9 en 1941 avec pour principal objectif la constitution d&#8217;une banque des esp\u00e8ces v\u00e9g\u00e9tales de l&#8217;Afrique Occidentale Fran\u00e7aise (AOF). Son Herbier repr\u00e9sentatif de l&#8217;Afrique continentale et insulaire est une collection \u00e0 la fois ancienne et contemporaine avec pr\u00e8s de 60 000 sp\u00e9cimens r\u00e9partis dans 353 Familles et 8 726 esp\u00e8ces. L\u2019ethnobotanique, la syst\u00e9matique taxonomie botanique, flore et v\u00e9g\u00e9tation constituent les principales activit\u00e9s de recherche.<\/p>\n\n\n\n<p class=\"justify-text\">Cr\u00e9\u00e9 en 1973, le&nbsp;<strong>laboratoire de G\u00e9ologie<\/strong>&nbsp;s\u2019est int\u00e9ress\u00e9 \u00e0 la s\u00e9dimentologie du bassin s\u00e9n\u00e9galo-mauritanien. Depuis 1988 les recherches entreprises s\u2019orientent sur la p\u00e9trologie et la g\u00e9ochimie des formations du socle. Les travaux sur le bassin ont repris avec le recrutement d\u2019un second g\u00e9ologue. Une lithot\u00e8que est mise en place en 2010 pour archiver les principales formations g\u00e9ologiques du S\u00e9n\u00e9gal et de la sous-r\u00e9gion.<\/p>\n\n\n\n<p class=\"justify-text\">Le&nbsp;<strong>laboratoire carbone 14<\/strong>&nbsp;de l\u2019IFAN a \u00e9t\u00e9 cr\u00e9\u00e9 en 1965 par le Professeur Cheikh Anta Diop. Les travaux de recherche effectu\u00e9s portent essentiellement sur la datation, d\u2019une part&nbsp;&nbsp; \u00e0 des fins d\u2019\u00e9tudes arch\u00e9ologiques, pr\u00e9historiques, g\u00e9omorphologiques, hydrochronologiques, g\u00e9ologiques, oc\u00e9anographiques, pal\u00e9oclimatologiques, g\u00e9ochimiques,&nbsp; cosmochimiques, etc\u2026 et d\u2019autre part \u00e0 des mesures de faibles activit\u00e9s en vue de d\u00e9terminer la pollution atmosph\u00e9rique, oc\u00e9anique, la contamination de la v\u00e9g\u00e9tation.<\/p>\n<\/div>\n\n\n\n<div class=\"wp-block-column is-layout-flow wp-block-column-is-layout-flow\" style=\"flex-basis:33.33%\">\n<div>\n  <ul class=\"menu-menu-principal sommaire-ifan\">\n       <li><a class=\"active\" href=\"https:\/\/ifan.ucad.sn\/botanique-presentation\/\">Pr\u00e9sentation<\/a><\/li>\n<li><a href=\"https:\/\/ifan.ucad.sn\/botanique-botanique\/\">Botanique<\/a>\n<ul>\n<li><a href=\"https:\/\/ifan.ucad.sn\/botanique-membres\/\">Membres<\/a><\/li>\n<\/ul><\/li>\n<li><a href=\"https:\/\/ifan.ucad.sn\/carbone-14\/\">Carbone 14<\/a>\n<ul>\n<li><a href=\"https:\/\/ifan.ucad.sn\/carbone-14-membres\/\">Membres<\/a><\/li>\n<\/ul>\n<\/li>\n<li><a href=\"#\">G\u00e9ologie<\/a>\n<ul>\n<li><a href=\"https:\/\/ifan.ucad.sn\/geologie-membres\/\">Membres<\/a><\/li>\n<\/ul>\n<\/li>\n<\/ul>\n<\/div>\n<\/div>\n<\/div>\n\n\n\n<h2 class=\"wp-block-heading\"><\/h2>\n","protected":false},"excerpt":{"rendered":"<p>Chef de d\u00e9partement :\u00a0Maurice NDEYEAdresse mail :\u00a0botanique-geologie.ifan@ucad.edu.snT\u00e9l\u00e9phone institutionnel :\u00a0+221 33 824 16 52Laboratoires affili\u00e9s :\u00a0Botanique, G\u00e9ologie et Carbone 14 Le D\u00e9partement de Botanique et G\u00e9ologie est constitu\u00e9 de&nbsp;trois laboratoires&nbsp;:&nbsp;la Botanique,&nbsp;la&nbsp;G\u00e9ologie&nbsp;et&nbsp;le Carbonne 14. Les programmes de recherche men\u00e9s dans ce d\u00e9partement sont divers et vari\u00e9s mais, ils visent tous une meilleure connaissance de notre environnement physique [&hellip;]<\/p>\n","protected":false},"author":1,"featured_media":0,"parent":0,"menu_order":0,"comment_status":"closed","ping_status":"closed","template":"templates\/template-page-full-width.php","meta":{"_monsterinsights_skip_tracking":false,"_monsterinsights_sitenote_active":false,"_monsterinsights_sitenote_note":"","_monsterinsights_sitenote_category":0,"footnotes":""},"class_list":["post-232","page","type-page","status-publish","hentry"],"_links":{"self":[{"href":"https:\/\/ifan.ucad.sn\/en\/wp-json\/wp\/v2\/pages\/232","targetHints":{"allow":["GET"]}}],"collection":[{"href":"https:\/\/ifan.ucad.sn\/en\/wp-json\/wp\/v2\/pages"}],"about":[{"href":"https:\/\/ifan.ucad.sn\/en\/wp-json\/wp\/v2\/types\/page"}],"author":[{"embeddable":true,"href":"https:\/\/ifan.ucad.sn\/en\/wp-json\/wp\/v2\/users\/1"}],"replies":[{"embeddable":true,"href":"https:\/\/ifan.ucad.sn\/en\/wp-json\/wp\/v2\/comments?post=232"}],"version-history":[{"count":19,"href":"https:\/\/ifan.ucad.sn\/en\/wp-json\/wp\/v2\/pages\/232\/revisions"}],"predecessor-version":[{"id":8555,"href":"https:\/\/ifan.ucad.sn\/en\/wp-json\/wp\/v2\/pages\/232\/revisions\/8555"}],"wp:attachment":[{"href":"https:\/\/ifan.ucad.sn\/en\/wp-json\/wp\/v2\/media?parent=232"}],"curies":[{"name":"wp","href":"https:\/\/api.w.org\/{rel}","templated":true}]}}