{"id":234,"date":"2021-01-13T14:06:50","date_gmt":"2021-01-13T13:06:50","guid":{"rendered":"http:\/\/testsites.ucad.sn\/?page_id=234"},"modified":"2022-02-25T13:13:26","modified_gmt":"2022-02-25T12:13:26","slug":"botanique-botanique","status":"publish","type":"page","link":"https:\/\/ifan.ucad.sn\/en\/botanique-botanique\/","title":{"rendered":"Botanique &#8211; Botanique"},"content":{"rendered":"\n<div class=\"wp-block-columns is-layout-flex wp-container-core-columns-is-layout-9d6595d7 wp-block-columns-is-layout-flex\">\n<div class=\"wp-block-column is-layout-flow wp-block-column-is-layout-flow\" style=\"flex-basis:66.66%\">\n<p><\/p>\n\n\n\n<p>C&#8217;est en 1941, cinq ans apr\u00e8s la cr\u00e9ation de l&#8217;Institut Fran\u00e7ais d&#8217;Afrique Noire, IFAN (actuellement Institut Fondamental d&#8217;Afrique Noire Cheikh Anta Diop, IFAN Ch. A. Diop), que Monsieur le Professeur Paul JAEGER, alors titulaire de la chaire de Botanique \u00e0 la Facult\u00e9 de Pharmacie de l&#8217;Universit\u00e9 (Louis Pasteur depuis les ann\u00e9es 1960) de Strasbourg, assura la direction du D\u00e9partement (aujourd&#8217;hui Laboratoire) de Botanique de cet Institut.<\/p>\n\n\n\n<p>Il fut remplac\u00e9 \u00e0 ce poste en 1952 par Monsieur le Professeur Albert PITOT, lequel y fut remplac\u00e9 \u00e0 son tour vers 1957 par Monsieur le Professeur Jacques Georges ADAM, Ing\u00e9nieur des Eaux, For\u00eats et P\u00eaches.<\/p>\n\n\n\n<p>De 1967 en juillet 2000, ce Laboratoire&nbsp; a \u00e9t\u00e9 dirig\u00e9 par Monsieur le Professeur Antoine NONGONIERMA, du D\u00e9partement&nbsp; de Biologie V\u00e9g\u00e9tale de la Facult\u00e9 des Sciences et Techniques de l&#8217;Universit\u00e9 Cheikh Anta Diop de Dakar. Depuis ao\u00fbt 2000 il est dirig\u00e9 par le Dr Mathieu Charg\u00e9 de Recherches au dit laboratoire.<\/p>\n\n\n\n<p>Il faut aussi noter que Monsieur Antoine NAEG\u00c9L\u00c9 a travaill\u00e9 dans ce Laboratoire de 1955 \u00e0 1961 comme Assistant de Recherche. D\u2019autres chercheurs comme James CHILLOU, Guy Edouard ROBERTY,&nbsp; SCHNEIDER, R. SCHNELL etc., ont \u00e9galement s\u00e9journ\u00e9 dans ce Laboratoire.<\/p>\n\n\n\n<hr class=\"wp-block-separator hr-10 is-style-default\"\/>\n\n\n\n<hr class=\"wp-block-separator hr-10\"\/>\n<\/div>\n\n\n\n<div class=\"wp-block-column is-layout-flow wp-block-column-is-layout-flow\" style=\"flex-basis:33.33%\">\n<div>\n  <ul class=\"menu-menu-principal sommaire-ifan\">\n       <li><a href=\"https:\/\/ifan.ucad.sn\/botanique-presentation\/\">Pr\u00e9sentation<\/a><\/li>\n<li><a class=\"active\" href=\"https:\/\/ifan.ucad.sn\/botanique-botanique\/\">Botanique<\/a>\n<ul>\n<li><a href=\"https:\/\/ifan.ucad.sn\/botanique-membres\/\">Membres<\/a><\/li>\n<\/ul><\/li>\n<li><a href=\"https:\/\/ifan.ucad.sn\/carbone-14\/\">Carbone 14<\/a>\n<ul>\n<li><a href=\"https:\/\/ifan.ucad.sn\/carbone-14-membres\/\">Membres<\/a><\/li>\n<\/ul>\n<\/li>\n<li><a href=\"https:\/\/ifan.ucad.sn\/geologie\/\">G\u00e9ologie<\/a>\n<ul>\n<li><a href=\"https:\/\/ifan.ucad.sn\/geologie-membres\/\">Membres<\/a><\/li>\n<\/ul>\n<\/li>\n<\/ul>\n<\/div>\n<\/div>\n<\/div>\n\n\n\n<h4 class=\"wp-block-heading\"><\/h4>\n\n\n\n<p><\/p>\n","protected":false},"excerpt":{"rendered":"<p>C&#8217;est en 1941, cinq ans apr\u00e8s la cr\u00e9ation de l&#8217;Institut Fran\u00e7ais d&#8217;Afrique Noire, IFAN (actuellement Institut Fondamental d&#8217;Afrique Noire Cheikh Anta Diop, IFAN Ch. A. Diop), que Monsieur le Professeur Paul JAEGER, alors titulaire de la chaire de Botanique \u00e0 la Facult\u00e9 de Pharmacie de l&#8217;Universit\u00e9 (Louis Pasteur depuis les ann\u00e9es 1960) de Strasbourg, assura [&hellip;]<\/p>\n","protected":false},"author":1,"featured_media":0,"parent":0,"menu_order":0,"comment_status":"closed","ping_status":"closed","template":"templates\/template-page-full-width.php","meta":{"_monsterinsights_skip_tracking":false,"_monsterinsights_sitenote_active":false,"_monsterinsights_sitenote_note":"","_monsterinsights_sitenote_category":0,"footnotes":""},"class_list":["post-234","page","type-page","status-publish","hentry"],"_links":{"self":[{"href":"https:\/\/ifan.ucad.sn\/en\/wp-json\/wp\/v2\/pages\/234","targetHints":{"allow":["GET"]}}],"collection":[{"href":"https:\/\/ifan.ucad.sn\/en\/wp-json\/wp\/v2\/pages"}],"about":[{"href":"https:\/\/ifan.ucad.sn\/en\/wp-json\/wp\/v2\/types\/page"}],"author":[{"embeddable":true,"href":"https:\/\/ifan.ucad.sn\/en\/wp-json\/wp\/v2\/users\/1"}],"replies":[{"embeddable":true,"href":"https:\/\/ifan.ucad.sn\/en\/wp-json\/wp\/v2\/comments?post=234"}],"version-history":[{"count":20,"href":"https:\/\/ifan.ucad.sn\/en\/wp-json\/wp\/v2\/pages\/234\/revisions"}],"predecessor-version":[{"id":2019,"href":"https:\/\/ifan.ucad.sn\/en\/wp-json\/wp\/v2\/pages\/234\/revisions\/2019"}],"wp:attachment":[{"href":"https:\/\/ifan.ucad.sn\/en\/wp-json\/wp\/v2\/media?parent=234"}],"curies":[{"name":"wp","href":"https:\/\/api.w.org\/{rel}","templated":true}]}}