{"id":326,"date":"2021-01-18T16:46:22","date_gmt":"2021-01-18T15:46:22","guid":{"rendered":"https:\/\/ifan.ifa-dev.com\/?page_id=326"},"modified":"2021-01-19T17:02:26","modified_gmt":"2021-01-19T16:02:26","slug":"le-parrain","status":"publish","type":"page","link":"https:\/\/ifan.ucad.sn\/en\/le-parrain\/","title":{"rendered":"Le parrain Cheikh Anta DIOP"},"content":{"rendered":"\n<figure class=\"wp-block-gallery alignright columns-1 is-cropped wp-block-gallery-1 is-layout-flex wp-block-gallery-is-layout-flex\"><ul class=\"blocks-gallery-grid\"><li class=\"blocks-gallery-item\"><figure><img loading=\"lazy\" decoding=\"async\" width=\"402\" height=\"413\" src=\"https:\/\/ifan.ifa-dev.com\/wp-content\/uploads\/2021\/01\/Le-parraint.jpg\" alt=\"\" data-id=\"330\" data-full-url=\"https:\/\/ifan.ifa-dev.com\/wp-content\/uploads\/2021\/01\/Le-parraint.jpg\" data-link=\"https:\/\/ifan.ifa-dev.com\/le-parrain\/le-parraint\/\" class=\"wp-image-330\" srcset=\"https:\/\/ifan.ucad.sn\/wp-content\/uploads\/2021\/01\/Le-parraint.jpg 402w, https:\/\/ifan.ucad.sn\/wp-content\/uploads\/2021\/01\/Le-parraint-292x300.jpg 292w\" sizes=\"auto, (max-width: 402px) 100vw, 402px\" \/><\/figure><\/li><\/ul><\/figure>\n\n\n\n<p class=\"has-drop-cap\"><strong>CHEIKH ANTA DIOP&nbsp;<\/strong>na\u00eet en 1923 \u00e0 Caytou, un petit village du S\u00e9n\u00e9gal. L&#8217;Afrique est sous la domination coloniale europ\u00e9enne qui a pris le relai de la traite n\u00e9gri\u00e8re atlantique commenc\u00e9e au 16e si\u00e8cle. La violence dont l&#8217;Afrique est l&#8217;objet, n&#8217;est pas de nature exclusivement militaire, politique et \u00e9conomique. Th\u00e9oriciens (Voltaire, Hume, Hegel, Gobineau, L\u00e9vy Bruhl, etc.) et institutions d&#8217;Europe (l&#8217;Institut d&#8217;Ethnologie de France cr\u00e9\u00e9 en 1925 par L. L\u00e9vy Bruhl, par exemple), s&#8217;appliquent \u00e0 l\u00e9gitimer au plan moral et philosophique l&#8217;inf\u00e9riorit\u00e9 intellectuelle d\u00e9cr\u00e9t\u00e9e du N\u00e8gre. La vision d&#8217;une Afrique anhistorique et atemporelle, dont les habitants, les N\u00e8gres, n&#8217;ont jamais \u00e9t\u00e9 responsables, par d\u00e9finition, d&#8217;un seul fait de civilisation, s&#8217;impose d\u00e9sormais dans les \u00e9crits et s&#8217;ancre dans les consciences. L&#8217;\u00c9gypte est ainsi arbitrairement rattach\u00e9e \u00e0 l&#8217;Orient et au monde m\u00e9diterran\u00e9en g\u00e9ographiquement, anthropologiquement et culturellement.<\/p>\n\n\n\n<p>C&#8217;est donc dans un contexte singuli\u00e8rement hostile et obscurantiste que Cheikh Anta Diop est conduit \u00e0 remettre en cause, par une investigation scientifique m\u00e9thodique, les fondements m\u00eames de la culture occidentale relatifs \u00e0 la gen\u00e8se de l&#8217;humanit\u00e9 et de la civilisation. La renaissance de l&#8217;Afrique, qui implique la restauration de la conscience historique, lui appara\u00eet comme une t\u00e2che incontournable \u00e0 laquelle il consacrera sa vie.<\/p>\n\n\n\n<p>C\u2019est ainsi qu\u2019il s&#8217;attache, d\u00e8s ses \u00e9tudes secondaires \u00e0 Dakar et St Louis du S\u00e9n\u00e9gal, \u00e0 se doter d&#8217;une formation pluridisciplinaire en sciences humaines et en sciences exactes, nourrie par des lectures extr\u00eamement nombreuses et vari\u00e9es. S&#8217;il acquiert une remarquable ma\u00eetrise de la culture europ\u00e9enne, il n&#8217;en est pas moins profond\u00e9ment enracin\u00e9 dans sa propre culture. Sa parfaite connaissance du wolof, sa langue maternelle, se r\u00e9v\u00e8lera \u00eatre l&#8217;une des principales cl\u00e9s qui lui ouvrira les portes de la civilisation pharaonique. Par ailleurs, l&#8217;enseignement coranique le familiarise avec le monde arabo-musulman.<\/p>\n\n\n\n<p>\u00c0 partir des connaissances accumul\u00e9es et assimil\u00e9es sur les cultures africaine, arabo-musulmane et europ\u00e9enne, Cheikh Anta Diop \u00e9labore des contributions majeures dans diff\u00e9rents domaines. L&#8217;ensemble se pr\u00e9sente comme une \u0153uvre coh\u00e9rente et puissante qui fait de Cheikh Anta Diop un savant et un humaniste.<\/p>\n","protected":false},"excerpt":{"rendered":"<p>CHEIKH ANTA DIOP&nbsp;na\u00eet en 1923 \u00e0 Caytou, un petit village du S\u00e9n\u00e9gal. L&#8217;Afrique est sous la domination coloniale europ\u00e9enne qui a pris le relai de la traite n\u00e9gri\u00e8re atlantique commenc\u00e9e au 16e si\u00e8cle. La violence dont l&#8217;Afrique est l&#8217;objet, n&#8217;est pas de nature exclusivement militaire, politique et \u00e9conomique. Th\u00e9oriciens (Voltaire, Hume, Hegel, Gobineau, L\u00e9vy Bruhl, [&hellip;]<\/p>\n","protected":false},"author":1,"featured_media":0,"parent":0,"menu_order":0,"comment_status":"closed","ping_status":"closed","template":"templates\/template-page-full-width.php","meta":{"_monsterinsights_skip_tracking":false,"_monsterinsights_sitenote_active":false,"_monsterinsights_sitenote_note":"","_monsterinsights_sitenote_category":0,"footnotes":""},"class_list":["post-326","page","type-page","status-publish","hentry"],"_links":{"self":[{"href":"https:\/\/ifan.ucad.sn\/en\/wp-json\/wp\/v2\/pages\/326","targetHints":{"allow":["GET"]}}],"collection":[{"href":"https:\/\/ifan.ucad.sn\/en\/wp-json\/wp\/v2\/pages"}],"about":[{"href":"https:\/\/ifan.ucad.sn\/en\/wp-json\/wp\/v2\/types\/page"}],"author":[{"embeddable":true,"href":"https:\/\/ifan.ucad.sn\/en\/wp-json\/wp\/v2\/users\/1"}],"replies":[{"embeddable":true,"href":"https:\/\/ifan.ucad.sn\/en\/wp-json\/wp\/v2\/comments?post=326"}],"version-history":[{"count":3,"href":"https:\/\/ifan.ucad.sn\/en\/wp-json\/wp\/v2\/pages\/326\/revisions"}],"predecessor-version":[{"id":477,"href":"https:\/\/ifan.ucad.sn\/en\/wp-json\/wp\/v2\/pages\/326\/revisions\/477"}],"wp:attachment":[{"href":"https:\/\/ifan.ucad.sn\/en\/wp-json\/wp\/v2\/media?parent=326"}],"curies":[{"name":"wp","href":"https:\/\/api.w.org\/{rel}","templated":true}]}}