{"id":44,"date":"2021-01-11T10:53:53","date_gmt":"2021-01-11T09:53:53","guid":{"rendered":"http:\/\/testsites.ucad.sn\/?page_id=44"},"modified":"2022-02-15T11:03:54","modified_gmt":"2022-02-15T10:03:54","slug":"contact","status":"publish","type":"page","link":"https:\/\/ifan.ucad.sn\/en\/contact\/","title":{"rendered":"Contact"},"content":{"rendered":"\n<h2 class=\"wp-block-heading\">Nous contacter<\/h2>\n\n\n\n<hr class=\"wp-block-separator\"\/>\n\n\n\n<div class=\"wp-block-columns is-layout-flex wp-container-core-columns-is-layout-9d6595d7 wp-block-columns-is-layout-flex\">\n<div class=\"wp-block-column is-layout-flow wp-block-column-is-layout-flow\" style=\"flex-basis:66.66%\">\n<div class=\"wp-block-contact-form-7-contact-form-selector\"><div role=\"form\" class=\"wpcf7\" id=\"wpcf7-f186-o1\" lang=\"fr-FR\" dir=\"ltr\">\n<div class=\"screen-reader-response\"><p role=\"status\" aria-live=\"polite\" aria-atomic=\"true\"><\/p> <ul><\/ul><\/div>\n<form action=\"\/en\/wp-json\/wp\/v2\/pages\/44#wpcf7-f186-o1\" method=\"post\" class=\"wpcf7-form init\" novalidate=\"novalidate\" data-status=\"init\">\n<div style=\"display: none;\">\n<input type=\"hidden\" name=\"_wpcf7\" value=\"186\" \/>\n<input type=\"hidden\" name=\"_wpcf7_version\" value=\"5.5.1\" \/>\n<input type=\"hidden\" name=\"_wpcf7_locale\" value=\"fr_FR\" \/>\n<input type=\"hidden\" name=\"_wpcf7_unit_tag\" value=\"wpcf7-f186-o1\" \/>\n<input type=\"hidden\" name=\"_wpcf7_container_post\" value=\"0\" \/>\n<input type=\"hidden\" name=\"_wpcf7_posted_data_hash\" value=\"\" \/>\n<input type=\"hidden\" name=\"lang\" value=\"en\" \/>\n<\/div>\n<p><label> Votre nom<br \/>\n    <span class=\"wpcf7-form-control-wrap your-name\"><input type=\"text\" name=\"your-name\" value=\"\" size=\"40\" class=\"wpcf7-form-control wpcf7-text wpcf7-validates-as-required\" aria-required=\"true\" aria-invalid=\"false\" \/><\/span> <\/label><\/p>\n<p><label> Votre adresse de messagerie<br \/>\n    <span class=\"wpcf7-form-control-wrap your-email\"><input type=\"email\" name=\"your-email\" value=\"\" size=\"40\" class=\"wpcf7-form-control wpcf7-text wpcf7-email wpcf7-validates-as-required wpcf7-validates-as-email\" aria-required=\"true\" aria-invalid=\"false\" \/><\/span> <\/label><\/p>\n<p><label> Objet<br \/>\n    <span class=\"wpcf7-form-control-wrap your-subject\"><input type=\"text\" name=\"your-subject\" value=\"\" size=\"40\" class=\"wpcf7-form-control wpcf7-text wpcf7-validates-as-required\" aria-required=\"true\" aria-invalid=\"false\" \/><\/span> <\/label><\/p>\n<p><label> Votre message (facultatif)<br \/>\n    <span class=\"wpcf7-form-control-wrap your-message\"><textarea name=\"your-message\" cols=\"40\" rows=\"10\" class=\"wpcf7-form-control wpcf7-textarea\" aria-invalid=\"false\"><\/textarea><\/span> <\/label><\/p>\n<p><input type=\"submit\" value=\"Envoyer\" class=\"wpcf7-form-control has-spinner wpcf7-submit\" \/><\/p>\n<input type='hidden' class='wpcf7-pum' value='{\"closepopup\":false,\"closedelay\":0,\"openpopup\":false,\"openpopup_id\":0}' \/><div class=\"wpcf7-response-output\" aria-hidden=\"true\"><\/div><\/form><\/div><\/div>\n<\/div>\n\n\n\n<div class=\"wp-block-column is-layout-flow wp-block-column-is-layout-flow\" style=\"flex-basis:33.33%\">\n<p><strong>Adresse <\/strong>:<\/p>\n\n\n\n<p class=\"has-small-font-size\">IFAN Cheikh Anta DIOP<\/p>\n\n\n\n<p class=\"has-small-font-size\">Corniche Ouest &#8211; <\/p>\n\n\n\n<p class=\"has-small-font-size\">Universit\u00e9 Cheikh Anta DIOP<\/p>\n\n\n\n<p class=\"has-small-font-size\"><strong>Boite postale<\/strong> :&nbsp;BP 206 Dakar-Fann<\/p>\n\n\n\n<p class=\"has-small-font-size\"><strong>T\u00e9l\u00e9phone <\/strong>:&nbsp;+221 33 824 16 52<\/p>\n\n\n\n<p class=\"has-small-font-size\"><strong>Mail institutionnel<\/strong> :&nbsp;ifan@ucad.edu.sn<\/p>\n\n\n\n<iframe src=\"https:\/\/www.google.com\/maps\/embed?pb=!1m18!1m12!1m3!1d3859.5122063147064!2d-17.470060185158772!3d14.683601889749628!2m3!1f0!2f0!3f0!3m2!1i1024!2i768!4f13.1!3m3!1m2!1s0xec17287fd7415ed%3A0x9fbe248ec7b80795!2sInstitut%20Fondamental%20d&#39;Afrique%20Noire!5e0!3m2!1sfr!2ssn!4v1610363666600!5m2!1sfr!2ssn\"  frameborder=\"0\" style=\"border:5;\" allowfullscreen=\"\" aria-hidden=\"false\" tabindex=\"0\"><\/iframe>\n<\/div>\n<\/div>\n\n\n<ul class=\"wp-block-latest-posts__list wp-block-latest-posts\"><li><a class=\"wp-block-latest-posts__post-title\" href=\"https:\/\/ifan.ucad.sn\/en\/faire-de-leau-un-moteur-de-desenclavement-chercheurs-et-acteurs-locaux-reunis-a-lifan\/\">Faire de l\u2019eau un moteur de d\u00e9senclavement : chercheurs et acteurs locaux r\u00e9unis \u00e0 l\u2019IFAN<\/a><\/li>\n<li><a class=\"wp-block-latest-posts__post-title\" href=\"https:\/\/ifan.ucad.sn\/en\/lambassadrice-de-la-republique-federale-de-suisse-en-visite-a-lifan\/\">L\u2019Ambassadrice\u00a0de la R\u00e9publique f\u00e9d\u00e9rale de Suisse en visite \u00e0 l\u2019IFAN<\/a><\/li>\n<li><a class=\"wp-block-latest-posts__post-title\" href=\"https:\/\/ifan.ucad.sn\/en\/portraits-de-femmes-professionnelles-de-lifan-ucad\/\">Portraits de femmes professionnelles de l\u2019IFAN \u2013 UCAD<\/a><\/li>\n<li><a class=\"wp-block-latest-posts__post-title\" href=\"https:\/\/ifan.ucad.sn\/en\/rokhaya-cisse-experte-reconnue-en-sciences-sociales-et-fatou-sene-administratice-au-coeur-de-laccueil\/\">Rokhaya Ciss\u00e9 experte reconnue en sciences sociales et Fatou S\u00e8ne administratice au c\u0153ur de l&#8217;accueil<\/a><\/li>\n<li><a class=\"wp-block-latest-posts__post-title\" href=\"https:\/\/ifan.ucad.sn\/en\/khady-diouf-goudiaby-masoxna-sene-mbaye-deux-parcours-deux-contributions\/\">Khady DIOUF GOUDIABY \/ Masoxna S\u00e8ne Mbaye : deux parcours, deux contributions<\/a><\/li>\n<\/ul>","protected":false},"excerpt":{"rendered":"<p>Nous contacter Adresse : IFAN Cheikh Anta DIOP Corniche Ouest &#8211; Universit\u00e9 Cheikh Anta DIOP Boite postale :&nbsp;BP 206 Dakar-Fann T\u00e9l\u00e9phone :&nbsp;+221 33 824 16 52 Mail institutionnel :&nbsp;ifan@ucad.edu.sn<\/p>\n","protected":false},"author":1,"featured_media":0,"parent":0,"menu_order":0,"comment_status":"closed","ping_status":"closed","template":"templates\/template-page-full-width.php","meta":{"_monsterinsights_skip_tracking":false,"_monsterinsights_sitenote_active":false,"_monsterinsights_sitenote_note":"","_monsterinsights_sitenote_category":0,"footnotes":""},"class_list":["post-44","page","type-page","status-publish","hentry"],"_links":{"self":[{"href":"https:\/\/ifan.ucad.sn\/en\/wp-json\/wp\/v2\/pages\/44","targetHints":{"allow":["GET"]}}],"collection":[{"href":"https:\/\/ifan.ucad.sn\/en\/wp-json\/wp\/v2\/pages"}],"about":[{"href":"https:\/\/ifan.ucad.sn\/en\/wp-json\/wp\/v2\/types\/page"}],"author":[{"embeddable":true,"href":"https:\/\/ifan.ucad.sn\/en\/wp-json\/wp\/v2\/users\/1"}],"replies":[{"embeddable":true,"href":"https:\/\/ifan.ucad.sn\/en\/wp-json\/wp\/v2\/comments?post=44"}],"version-history":[{"count":14,"href":"https:\/\/ifan.ucad.sn\/en\/wp-json\/wp\/v2\/pages\/44\/revisions"}],"predecessor-version":[{"id":1768,"href":"https:\/\/ifan.ucad.sn\/en\/wp-json\/wp\/v2\/pages\/44\/revisions\/1768"}],"wp:attachment":[{"href":"https:\/\/ifan.ucad.sn\/en\/wp-json\/wp\/v2\/media?parent=44"}],"curies":[{"name":"wp","href":"https:\/\/api.w.org\/{rel}","templated":true}]}}