{"id":498,"date":"2021-01-20T11:41:43","date_gmt":"2021-01-20T10:41:43","guid":{"rendered":"https:\/\/ifan.ifa-dev.com\/?page_id=498"},"modified":"2022-08-11T11:21:54","modified_gmt":"2022-08-11T09:21:54","slug":"biologie-marine","status":"publish","type":"page","link":"https:\/\/ifan.ucad.sn\/en\/biologie-marine\/","title":{"rendered":"Biologie marine"},"content":{"rendered":"\n<div class=\"wp-block-columns is-layout-flex wp-container-core-columns-is-layout-9d6595d7 wp-block-columns-is-layout-flex\">\n<div class=\"wp-block-column is-layout-flow wp-block-column-is-layout-flow\" style=\"flex-basis:66.66%\">\n<p class=\"justify-text\">Les trois missions de l&#8217;\u00e9quipe LABEP-AO sont : (1) la recherche, (2) la formation et (3) l&#8217;expertise. <\/p>\n\n\n\n<p class=\"justify-text\">La <strong>recherche<\/strong> se fait autour du montage et de la conduite de projets de recherche communs, avec des th\u00e9matiques concernant les traits de vie (croissance, reproduction et r\u00e9gime alimentaire), la distribution g\u00e9ographique et la connectivit\u00e9 des populations.<\/p>\n\n\n\n<p>La <strong>formation<\/strong> se fait \u00e0 travers l\u2019encadrement de stagiaires universitaires (Masters et Doctorats), mais aussi de chercheurs et techniciens des diff\u00e9rentes institutions r\u00e9gionales sur des techniques d\u2019analyses sp\u00e9cifiques.<\/p>\n\n\n\n<p><strong>L\u2019expertise<\/strong> sera assur\u00e9e \u00e0 travers la fourniture des donn\u00e9es biologiques n\u00e9cessaires \u00e0 la gestion des populations naturelles de poissons, exploit\u00e9es ou non..<\/p>\n<\/div>\n\n\n\n<div class=\"wp-block-column is-layout-flow wp-block-column-is-layout-flow\" style=\"flex-basis:33.33%\">\n<div>\n  <ul class=\"menu-menu-principal sommaire-ifan\">\n       <li><a href=\"https:\/\/ifan.ucad.sn\/biologie-animale\/\">Pr\u00e9sentation<\/a><\/li>\n<li><a class=\"active\" href=\"#\">Biologie marine<\/a>\n<ul>\n<li><a href=\"https:\/\/ifan.ucad.sn\/biologie-marine-membres\/\">Membres<\/a><\/li>\n<\/ul><\/li>\n<li><a href=\"https:\/\/ifan.ucad.sn\/zoologie-des-vertebres-terrestre\/\">Zoologie  des Vert\u00e9br\u00e9s Terrestres <\/a>\n<ul>\n<li><a href=\"https:\/\/ifan.ucad.sn\/zoologie-des-vertebres-terrestres-membres\/\">Membres<\/a><\/li>\n<\/ul>\n<\/li>\n<li><a href=\"https:\/\/ifan.ucad.sn\/zoologie-des-invertebres-terrestres\/\">Zoologie  des Invert\u00e9br\u00e9s Terrestres <\/a>\n<ul>\n<li><a href=\"https:\/\/ifan.ucad.sn\/zoologie-des-invertebres-terrestres-membres\/\">Membres<\/a><\/li>\n<\/ul>\n<\/li>\n<li><a href=\"https:\/\/ifan.ucad.sn\/biologie-animale-le-laboratoire-de-traitement-des-eaux-usees\/\">Traitement des Eaux Us\u00e9es<\/a>\n<ul>\n<li><a href=\"https:\/\/ifan.ucad.sn\/lateu-membres\">Membres<\/a><\/li>\n\n<\/ul>\n<\/div>\n<\/div>\n<\/div>\n","protected":false},"excerpt":{"rendered":"<p>Les trois missions de l&#8217;\u00e9quipe LABEP-AO sont : (1) la recherche, (2) la formation et (3) l&#8217;expertise. La recherche se fait autour du montage et de la conduite de projets de recherche communs, avec des th\u00e9matiques concernant les traits de vie (croissance, reproduction et r\u00e9gime alimentaire), la distribution g\u00e9ographique et la connectivit\u00e9 des populations. La [&hellip;]<\/p>\n","protected":false},"author":1,"featured_media":0,"parent":0,"menu_order":0,"comment_status":"closed","ping_status":"closed","template":"templates\/template-page-full-width.php","meta":{"_monsterinsights_skip_tracking":false,"_monsterinsights_sitenote_active":false,"_monsterinsights_sitenote_note":"","_monsterinsights_sitenote_category":0,"footnotes":""},"class_list":["post-498","page","type-page","status-publish","hentry"],"_links":{"self":[{"href":"https:\/\/ifan.ucad.sn\/en\/wp-json\/wp\/v2\/pages\/498","targetHints":{"allow":["GET"]}}],"collection":[{"href":"https:\/\/ifan.ucad.sn\/en\/wp-json\/wp\/v2\/pages"}],"about":[{"href":"https:\/\/ifan.ucad.sn\/en\/wp-json\/wp\/v2\/types\/page"}],"author":[{"embeddable":true,"href":"https:\/\/ifan.ucad.sn\/en\/wp-json\/wp\/v2\/users\/1"}],"replies":[{"embeddable":true,"href":"https:\/\/ifan.ucad.sn\/en\/wp-json\/wp\/v2\/comments?post=498"}],"version-history":[{"count":13,"href":"https:\/\/ifan.ucad.sn\/en\/wp-json\/wp\/v2\/pages\/498\/revisions"}],"predecessor-version":[{"id":3943,"href":"https:\/\/ifan.ucad.sn\/en\/wp-json\/wp\/v2\/pages\/498\/revisions\/3943"}],"wp:attachment":[{"href":"https:\/\/ifan.ucad.sn\/en\/wp-json\/wp\/v2\/media?parent=498"}],"curies":[{"name":"wp","href":"https:\/\/api.w.org\/{rel}","templated":true}]}}