{"id":500,"date":"2021-01-20T11:46:34","date_gmt":"2021-01-20T10:46:34","guid":{"rendered":"https:\/\/ifan.ifa-dev.com\/?page_id=500"},"modified":"2022-02-25T13:57:31","modified_gmt":"2022-02-25T12:57:31","slug":"zoologie-des-invertebres-terrestres","status":"publish","type":"page","link":"https:\/\/ifan.ucad.sn\/en\/zoologie-des-invertebres-terrestres\/","title":{"rendered":"Zoologie des Invert\u00e9br\u00e9s terrestres"},"content":{"rendered":"\n<div class=\"wp-block-columns is-layout-flex wp-container-core-columns-is-layout-9d6595d7 wp-block-columns-is-layout-flex\">\n<div class=\"wp-block-column is-layout-flow wp-block-column-is-layout-flow\" style=\"flex-basis:66.66%\">\n<p class=\"justify-text\"><\/p>\n<\/div>\n\n\n\n<div class=\"wp-block-column is-layout-flow wp-block-column-is-layout-flow\" style=\"flex-basis:33.33%\">\n<div>\n  <ul class=\"menu-menu-principal sommaire-ifan\">\n       <li><a href=\"https:\/\/ifan.ucad.sn\/biologie-animale\/\">Pr\u00e9sentation<\/a><\/li>\n<li><a href=\"https:\/\/ifan.ucad.sn\/biologie-marine\/\">Biologie marine<\/a>\n<ul>\n<li><a href=\"https:\/\/ifan.ucad.sn\/biologie-marine-membres\/\">Membres<\/a><\/li>\n<\/ul><\/li>\n<li><a href=\"https:\/\/ifan.ucad.sn\/zoologie-des-vertebres-terrestre\/\">Zoologie  des Vert\u00e9br\u00e9s Terrestres <\/a>\n<ul>\n<li><a href=\"https:\/\/ifan.ucad.sn\/zoologie-des-vertebres-terrestres-membres\/\">Membres<\/a><\/li>\n<\/ul>\n<\/li>\n<li><a class=\"active\" href=\"#\">Zoologie  des Invert\u00e9br\u00e9s Terrestres <\/a>\n<ul>\n<li><a href=\"https:\/\/ifan.ucad.sn\/zoologie-des-invertebres-terrestres-membres\/\">Membres<\/a><\/li>\n<\/ul>\n<\/li>\n<li><a href=\"https:\/\/ifan.ucad.sn\/biologie-animale-le-laboratoire-de-traitement-des-eaux-usees\/\">Traitement des Eaux Us\u00e9es<\/a>\n<ul>\n<li><a href=\"https:\/\/ifan.ucad.sn\/lartes-membres\/\">Membres<\/a><\/li><\/ul>\n<\/li>\n<\/ul>\n<\/div>\n<\/div>\n<\/div>\n","protected":false},"excerpt":{"rendered":"<p>Pr\u00e9sentation Biologie marine Membres Zoologie des Vert\u00e9br\u00e9s Terrestres Membres Zoologie des Invert\u00e9br\u00e9s Terrestres Membres Traitement des Eaux Us\u00e9es Membres<\/p>\n","protected":false},"author":1,"featured_media":0,"parent":0,"menu_order":0,"comment_status":"closed","ping_status":"closed","template":"templates\/template-page-full-width.php","meta":{"_monsterinsights_skip_tracking":false,"_monsterinsights_sitenote_active":false,"_monsterinsights_sitenote_note":"","_monsterinsights_sitenote_category":0,"footnotes":""},"class_list":["post-500","page","type-page","status-publish","hentry"],"_links":{"self":[{"href":"https:\/\/ifan.ucad.sn\/en\/wp-json\/wp\/v2\/pages\/500","targetHints":{"allow":["GET"]}}],"collection":[{"href":"https:\/\/ifan.ucad.sn\/en\/wp-json\/wp\/v2\/pages"}],"about":[{"href":"https:\/\/ifan.ucad.sn\/en\/wp-json\/wp\/v2\/types\/page"}],"author":[{"embeddable":true,"href":"https:\/\/ifan.ucad.sn\/en\/wp-json\/wp\/v2\/users\/1"}],"replies":[{"embeddable":true,"href":"https:\/\/ifan.ucad.sn\/en\/wp-json\/wp\/v2\/comments?post=500"}],"version-history":[{"count":13,"href":"https:\/\/ifan.ucad.sn\/en\/wp-json\/wp\/v2\/pages\/500\/revisions"}],"predecessor-version":[{"id":2034,"href":"https:\/\/ifan.ucad.sn\/en\/wp-json\/wp\/v2\/pages\/500\/revisions\/2034"}],"wp:attachment":[{"href":"https:\/\/ifan.ucad.sn\/en\/wp-json\/wp\/v2\/media?parent=500"}],"curies":[{"name":"wp","href":"https:\/\/api.w.org\/{rel}","templated":true}]}}