{"id":54,"date":"2021-01-11T10:56:29","date_gmt":"2021-01-11T09:56:29","guid":{"rendered":"http:\/\/testsites.ucad.sn\/?page_id=54"},"modified":"2025-03-26T15:12:09","modified_gmt":"2025-03-26T14:12:09","slug":"biologie-animale","status":"publish","type":"page","link":"https:\/\/ifan.ucad.sn\/en\/biologie-animale\/","title":{"rendered":"Biologie animale"},"content":{"rendered":"\n<div class=\"wp-block-columns is-layout-flex wp-container-core-columns-is-layout-9d6595d7 wp-block-columns-is-layout-flex\">\n<div class=\"wp-block-column is-layout-flow wp-block-column-is-layout-flow\" style=\"flex-basis:66.66%\">\n<p>Chef de d\u00e9partement :\u00a0<a href=\"https:\/\/ifan.ucad.sn\/wp-content\/uploads\/2021\/03\/Khady-Diouf-Goudiaby.jpg\" data-type=\"attachment\" data-id=\"678\" target=\"_blank\" rel=\"noreferrer noopener\">Pr Khady Diouf GOUDIABY<\/a><br>Adresse mail :\u00a0<strong><a href=\"mailto:biologie-animale.ifan@ucad.edu.sn\">biologie-animale.ifan@ucad.edu.sn<\/a><\/strong><br>T\u00e9l\u00e9phone :<strong>\u00a033 825 98 90<\/strong><\/p>\n\n\n\n<p><\/p>\n\n\n\n<p>Le D\u00e9partement&nbsp; de Biologie animale regroupe&nbsp;<strong>quatre (04) Laboratoires :<\/strong><\/p>\n\n\n\n<ul class=\"wp-block-list\">\n<li><strong><a href=\"https:\/\/ifan.ucad.com\/biologie-marine\/\" data-type=\"URL\" data-id=\"https:\/\/ifan.ucad.com\/biologie-marine\/\">Le laboratoire de Biologie marine<\/a><\/strong><\/li>\n\n\n\n<li><strong><a href=\"https:\/\/ifan.ucad.sn\/zoologie-des-invertebres-terrestres\/\" data-type=\"URL\" data-id=\"https:\/\/ifan.ucad.sn\/zoologie-des-invertebres-terrestres\/\">Le laboratoire de Zoologie des Invert\u00e9br\u00e9s terrestres<\/a>,<\/strong><\/li>\n\n\n\n<li><strong><a href=\"https:\/\/ifan.ucad.sn\/zoologie-des-invertebres-terrestres\/\" data-type=\"URL\" data-id=\"https:\/\/ifan.ucad.sn\/zoologie-des-invertebres-terrestres\/\">Le laboratoire de Zoologie des Vert\u00e9br\u00e9s terrestres<\/a>,<\/strong><\/li>\n\n\n\n<li><strong><a href=\"https:\/\/ifan.ucad.sn\/biologie-animale-le-laboratoire-de-traitement-des-eaux-usees\/\" data-type=\"URL\" data-id=\"https:\/\/ifan.ucad.sn\/biologie-animale-le-laboratoire-de-traitement-des-eaux-usees\/\">Le laboratoire de Traitement des eaux us\u00e9es<\/a>.<\/strong><\/li>\n<\/ul>\n<\/div>\n\n\n\n<div class=\"wp-block-column is-layout-flow wp-block-column-is-layout-flow\" style=\"flex-basis:33.33%\">\n<div>\n  <ul class=\"menu-menu-principal sommaire-ifan\">\n       <li><a class=\"active\" href=\"#\">Pr\u00e9sentation<\/a><\/li>\n<li><a href=\"https:\/\/ifan.ucad.sn\/biologie-marine\/\">Biologie marine<\/a>\n<ul>\n<li><a href=\"https:\/\/ifan.ucad.sn\/biologie-marine-membres\/\">Membres<\/a><\/li>\n<\/ul><\/li>\n<li><a href=\"https:\/\/ifan.ucad.sn\/zoologie-des-invertebres-terrestres\">Zoologie  des Vert\u00e9br\u00e9s Terrestres <\/a>\n<ul>\n<li><a href=\"https:\/\/ifan.ucad.sn\/zoologie-des-vertebres-terrestres-membres\/\">Membres<\/a><\/li>\n<\/ul>\n<\/li>\n<li><a href=\"https:\/\/ifan.ucad.sn\/zoologie-des-invertebres-terrestres\">Zoologie  des Invert\u00e9br\u00e9s Terrestres <\/a>\n<ul>\n<li><a href=\"https:\/\/ifan.ucad.sn\/zoologie-des-invertebres-terrestres-membres\/\">Membres<\/a><\/li>\n<\/ul>\n<\/li>\n<li><a href=\"https:\/\/ifan.ucad.sn\/biologie-animale-le-laboratoire-de-traitement-des-eaux-usees\/\">Traitement des Eaux Us\u00e9es<\/a>\n<ul>\n<li><a href=\"https:\/\/ifan.ucad.sn\/lateu-membres\">Membres<\/a><\/li>\n<\/ul>\n<\/li>\n<\/ul>\n<\/div>\n\n\n\n<p><\/p>\n<\/div>\n<\/div>\n","protected":false},"excerpt":{"rendered":"<p>Chef de d\u00e9partement :\u00a0Pr Khady Diouf GOUDIABYAdresse mail :\u00a0biologie-animale.ifan@ucad.edu.snT\u00e9l\u00e9phone :\u00a033 825 98 90 Le D\u00e9partement&nbsp; de Biologie animale regroupe&nbsp;quatre (04) Laboratoires : Pr\u00e9sentation Biologie marine Membres Zoologie des Vert\u00e9br\u00e9s Terrestres Membres Zoologie des Invert\u00e9br\u00e9s Terrestres Membres Traitement des Eaux Us\u00e9es Membres<\/p>\n","protected":false},"author":1,"featured_media":0,"parent":0,"menu_order":0,"comment_status":"closed","ping_status":"closed","template":"templates\/template-page-full-width.php","meta":{"_monsterinsights_skip_tracking":false,"_monsterinsights_sitenote_active":false,"_monsterinsights_sitenote_note":"","_monsterinsights_sitenote_category":0,"footnotes":""},"class_list":["post-54","page","type-page","status-publish","hentry"],"_links":{"self":[{"href":"https:\/\/ifan.ucad.sn\/en\/wp-json\/wp\/v2\/pages\/54","targetHints":{"allow":["GET"]}}],"collection":[{"href":"https:\/\/ifan.ucad.sn\/en\/wp-json\/wp\/v2\/pages"}],"about":[{"href":"https:\/\/ifan.ucad.sn\/en\/wp-json\/wp\/v2\/types\/page"}],"author":[{"embeddable":true,"href":"https:\/\/ifan.ucad.sn\/en\/wp-json\/wp\/v2\/users\/1"}],"replies":[{"embeddable":true,"href":"https:\/\/ifan.ucad.sn\/en\/wp-json\/wp\/v2\/comments?post=54"}],"version-history":[{"count":25,"href":"https:\/\/ifan.ucad.sn\/en\/wp-json\/wp\/v2\/pages\/54\/revisions"}],"predecessor-version":[{"id":8340,"href":"https:\/\/ifan.ucad.sn\/en\/wp-json\/wp\/v2\/pages\/54\/revisions\/8340"}],"wp:attachment":[{"href":"https:\/\/ifan.ucad.sn\/en\/wp-json\/wp\/v2\/media?parent=54"}],"curies":[{"name":"wp","href":"https:\/\/api.w.org\/{rel}","templated":true}]}}