{"id":541,"date":"2021-01-25T14:23:24","date_gmt":"2021-01-25T13:23:24","guid":{"rendered":"https:\/\/ifan.ifa-dev.com\/?page_id=541"},"modified":"2021-01-25T14:23:28","modified_gmt":"2021-01-25T13:23:28","slug":"parcours-du-directeur","status":"publish","type":"page","link":"https:\/\/ifan.ucad.sn\/en\/parcours-du-directeur\/","title":{"rendered":"Parcours du Directeur"},"content":{"rendered":"\n<p id=\"block-f8a621a0-bc02-46c5-b5a6-8893f590a6f6\"><strong>Pr Abdoulaye Ba\u00efla Ndiaye<\/strong><\/p>\n\n\n\n<p id=\"block-ea05d285-c458-440e-87c5-63f5bd19f5c2\">Nomm\u00e9&nbsp;&nbsp; Directeur&nbsp;&nbsp; de&nbsp;&nbsp; l\u2019Institut&nbsp;&nbsp; fondamental&nbsp; d\u2019Afrique&nbsp; noire&nbsp; de&nbsp; Dakar, IFAN, depuis janvier 2020,&nbsp;<strong>Abdoulaye Ba\u00efla NDIAYE<\/strong>&nbsp;a eu \u00e0 appr\u00e9hender&nbsp;&nbsp;&nbsp; de&nbsp;&nbsp;&nbsp; nombreuses&nbsp;&nbsp;&nbsp; responsabilit\u00e9s&nbsp; administratives&nbsp;&nbsp;&nbsp;&nbsp; dont&nbsp; la&nbsp; plus&nbsp; r\u00e9cente&nbsp; remonte&nbsp; au&nbsp; septembre&nbsp; 2019,&nbsp; date&nbsp; \u00e0&nbsp; laquelle&nbsp; il&nbsp;&nbsp; a&nbsp;&nbsp; \u00e9t\u00e9&nbsp;&nbsp; charg\u00e9&nbsp;&nbsp; de&nbsp;&nbsp; diriger&nbsp;&nbsp; la&nbsp;&nbsp; Recherche&nbsp;&nbsp;&nbsp; et&nbsp;&nbsp;&nbsp; l\u2019Innovation&nbsp;&nbsp;&nbsp; \u00e0&nbsp;&nbsp;&nbsp; l\u2019Universit\u00e9&nbsp; Cheikh&nbsp; Anta&nbsp; Diop&nbsp; de&nbsp; Dakar,&nbsp;&nbsp;&nbsp;&nbsp; UCAD.&nbsp;&nbsp;&nbsp;&nbsp;<\/p>\n\n\n\n<p id=\"block-34ee57f0-ee9a-43b8-ac85-c42346bfb4f5\">Docteur en&nbsp; Biologie animale et sp\u00e9cialiste de l\u2019entomologie plus pr\u00e9cis\u00e9ment, il fut&nbsp;&nbsp; Chef&nbsp;&nbsp; du&nbsp;&nbsp; D\u00e9partement&nbsp;&nbsp; de&nbsp;&nbsp; Biologie animale de l\u2019IFAN-Ch. A. Diop (janvier 2016 &#8211; janvier 2020) et&nbsp; a&nbsp; \u00e9t\u00e9&nbsp; aussi&nbsp; membre&nbsp; fondateur&nbsp; et&nbsp; Secr\u00e9taire&nbsp; g\u00e9n\u00e9ral&nbsp; de&nbsp; la&nbsp; Soci\u00e9t\u00e9 entomologique du S\u00e9n\u00e9gal.<\/p>\n\n\n\n<p id=\"block-a5f76aae-0bc1-49e3-a517-1a6397229b90\">Le&nbsp; Professeur&nbsp; Ndiaye&nbsp; est&nbsp; \u00e9galement&nbsp; membre&nbsp; de&nbsp; la&nbsp; Soci\u00e9t\u00e9&nbsp; entomologique&nbsp; de&nbsp; France&nbsp; et&nbsp; de&nbsp; l\u2019AAIS&nbsp; (African&nbsp; Association&nbsp; of&nbsp; Insect Scientists) dont il est le point focal pour le S\u00e9n\u00e9gal.<\/p>\n\n\n\n<p id=\"block-6d403743-9096-4051-8672-f4dbafe5a0ec\">Ma\u00eetre&nbsp;&nbsp; de&nbsp;&nbsp; recherche&nbsp;&nbsp; au&nbsp;&nbsp; Conseil&nbsp;&nbsp; africain&nbsp;&nbsp; et&nbsp;&nbsp; malgache&nbsp;&nbsp; pour&nbsp; l\u2019Enseignement sup\u00e9rieur (CAMES), ses activit\u00e9s de recherche et d\u2019enseignement&nbsp;&nbsp; sont&nbsp;&nbsp; articul\u00e9es&nbsp;&nbsp; essentiellement&nbsp;&nbsp; autour&nbsp;&nbsp; de&nbsp;&nbsp; la&nbsp;&nbsp;&nbsp;&nbsp;&nbsp;&nbsp;&nbsp;&nbsp;&nbsp; diversit\u00e9 et de l\u2019\u00e9cologie des termites de l\u2019Afrique de l\u2019Ouest, de la diversit\u00e9 et de l\u2019\u00e9cologie des fourmis du S\u00e9n\u00e9gal, de l\u2019impact de la macrofaune terrestre sur la fertilit\u00e9 des sols en zone s\u00e8che du nord du&nbsp; S\u00e9n\u00e9gal,&nbsp; mais&nbsp; aussi&nbsp; autour&nbsp; de&nbsp; la&nbsp; valorisation&nbsp; des&nbsp; d\u00e9chets&nbsp; organiques&nbsp;&nbsp; domestiques&nbsp;&nbsp; par&nbsp;&nbsp; la&nbsp;&nbsp; production&nbsp;&nbsp; de&nbsp;&nbsp; prot\u00e9ines,&nbsp;&nbsp; de&nbsp;&nbsp; compost et de m\u00e9thane.<\/p>\n","protected":false},"excerpt":{"rendered":"<p>Pr Abdoulaye Ba\u00efla Ndiaye Nomm\u00e9&nbsp;&nbsp; Directeur&nbsp;&nbsp; de&nbsp;&nbsp; l\u2019Institut&nbsp;&nbsp; fondamental&nbsp; d\u2019Afrique&nbsp; noire&nbsp; de&nbsp; Dakar, IFAN, depuis janvier 2020,&nbsp;Abdoulaye Ba\u00efla NDIAYE&nbsp;a eu \u00e0 appr\u00e9hender&nbsp;&nbsp;&nbsp; de&nbsp;&nbsp;&nbsp; nombreuses&nbsp;&nbsp;&nbsp; responsabilit\u00e9s&nbsp; administratives&nbsp;&nbsp;&nbsp;&nbsp; dont&nbsp; la&nbsp; plus&nbsp; r\u00e9cente&nbsp; remonte&nbsp; au&nbsp; septembre&nbsp; 2019,&nbsp; date&nbsp; \u00e0&nbsp; laquelle&nbsp; il&nbsp;&nbsp; a&nbsp;&nbsp; \u00e9t\u00e9&nbsp;&nbsp; charg\u00e9&nbsp;&nbsp; de&nbsp;&nbsp; diriger&nbsp;&nbsp; la&nbsp;&nbsp; Recherche&nbsp;&nbsp;&nbsp; et&nbsp;&nbsp;&nbsp; l\u2019Innovation&nbsp;&nbsp;&nbsp; \u00e0&nbsp;&nbsp;&nbsp; l\u2019Universit\u00e9&nbsp; Cheikh&nbsp; Anta&nbsp; Diop&nbsp; de&nbsp; Dakar,&nbsp;&nbsp;&nbsp;&nbsp; UCAD.&nbsp;&nbsp;&nbsp;&nbsp; [&hellip;]<\/p>\n","protected":false},"author":1,"featured_media":0,"parent":0,"menu_order":0,"comment_status":"closed","ping_status":"closed","template":"","meta":{"_monsterinsights_skip_tracking":false,"_monsterinsights_sitenote_active":false,"_monsterinsights_sitenote_note":"","_monsterinsights_sitenote_category":0,"footnotes":""},"class_list":["post-541","page","type-page","status-publish","hentry"],"_links":{"self":[{"href":"https:\/\/ifan.ucad.sn\/en\/wp-json\/wp\/v2\/pages\/541","targetHints":{"allow":["GET"]}}],"collection":[{"href":"https:\/\/ifan.ucad.sn\/en\/wp-json\/wp\/v2\/pages"}],"about":[{"href":"https:\/\/ifan.ucad.sn\/en\/wp-json\/wp\/v2\/types\/page"}],"author":[{"embeddable":true,"href":"https:\/\/ifan.ucad.sn\/en\/wp-json\/wp\/v2\/users\/1"}],"replies":[{"embeddable":true,"href":"https:\/\/ifan.ucad.sn\/en\/wp-json\/wp\/v2\/comments?post=541"}],"version-history":[{"count":1,"href":"https:\/\/ifan.ucad.sn\/en\/wp-json\/wp\/v2\/pages\/541\/revisions"}],"predecessor-version":[{"id":542,"href":"https:\/\/ifan.ucad.sn\/en\/wp-json\/wp\/v2\/pages\/541\/revisions\/542"}],"wp:attachment":[{"href":"https:\/\/ifan.ucad.sn\/en\/wp-json\/wp\/v2\/media?parent=541"}],"curies":[{"name":"wp","href":"https:\/\/api.w.org\/{rel}","templated":true}]}}