{"id":611,"date":"2021-01-27T13:30:47","date_gmt":"2021-01-27T12:30:47","guid":{"rendered":"https:\/\/ifan.ifa-dev.com\/?page_id=611"},"modified":"2021-01-27T13:30:49","modified_gmt":"2021-01-27T12:30:49","slug":"sciences-humaines-archeologie-membres","status":"publish","type":"page","link":"https:\/\/ifan.ucad.sn\/en\/sciences-humaines-archeologie-membres\/","title":{"rendered":"Sciences Humaines &#8211; Arch\u00e9ologie &#8211; Membres"},"content":{"rendered":"\n<div class=\"wp-block-columns is-layout-flex wp-container-core-columns-is-layout-9d6595d7 wp-block-columns-is-layout-flex\">\n<div class=\"wp-block-column is-layout-flow wp-block-column-is-layout-flow\" style=\"flex-basis:66.66%\"><\/div>\n\n\n\n<div class=\"wp-block-column is-layout-flow wp-block-column-is-layout-flow\" style=\"flex-basis:33.33%\">\n<div>\n  <ul class=\"menu-menu-principal sommaire-ifan\">\n       <li><a href=\"https:\/\/ifan.ifa-dev.com\/sciences-humaines\/\">Pr\u00e9sentation<\/a><\/li>\n<li><a href=\"https:\/\/ifan.ifa-dev.com\/geographie\/\">G\u00e9ograhie<\/a>\n<ul>\n<li>Membres<\/li>\n<li>Publications<\/li>\n<\/ul><\/li>\n<li><a class=\"active\" href=\"https:\/\/ifan.ifa-dev.com\/archeologie\/\">Arch\u00e9ologie<\/a>\n<ul>\n<li><a href=\"#\">Membres<\/a><\/li>\n<li>Publications<\/li>\n<\/ul>\n<\/li>\n<li><a href=\"https:\/\/ifan.ifa-dev.com\/histoire\/\">Histoire<\/a>\n<ul>\n<li>Membres<\/li>\n<li>Publications<\/li>\n<\/ul>\n<\/li>\n<li><a href=\"https:\/\/ifan.ifa-dev.com\/sociologie\/\">Sociologie<\/a>\n<ul>\n<li>Membres<\/li>\n<li>Publications<\/li>\n<\/ul>\n<\/li>\n<li><a href=\"https:\/\/ifan.ifa-dev.com\/antropologie-physique\/\">Antropologie physique<\/a>\n<ul>\n<li>Membres<\/li>\n<li>Publications<\/li>\n<\/ul>\n<\/li>\n<\/ul>\n<\/div>\n<\/div>\n<\/div>\n","protected":false},"excerpt":{"rendered":"<p>Pr\u00e9sentation G\u00e9ograhie Membres Publications Arch\u00e9ologie Membres Publications Histoire Membres Publications Sociologie Membres Publications Antropologie physique Membres Publications<\/p>\n","protected":false},"author":1,"featured_media":0,"parent":0,"menu_order":0,"comment_status":"closed","ping_status":"closed","template":"templates\/template-page-full-width.php","meta":{"_monsterinsights_skip_tracking":false,"_monsterinsights_sitenote_active":false,"_monsterinsights_sitenote_note":"","_monsterinsights_sitenote_category":0,"footnotes":""},"class_list":["post-611","page","type-page","status-publish","hentry"],"_links":{"self":[{"href":"https:\/\/ifan.ucad.sn\/en\/wp-json\/wp\/v2\/pages\/611","targetHints":{"allow":["GET"]}}],"collection":[{"href":"https:\/\/ifan.ucad.sn\/en\/wp-json\/wp\/v2\/pages"}],"about":[{"href":"https:\/\/ifan.ucad.sn\/en\/wp-json\/wp\/v2\/types\/page"}],"author":[{"embeddable":true,"href":"https:\/\/ifan.ucad.sn\/en\/wp-json\/wp\/v2\/users\/1"}],"replies":[{"embeddable":true,"href":"https:\/\/ifan.ucad.sn\/en\/wp-json\/wp\/v2\/comments?post=611"}],"version-history":[{"count":1,"href":"https:\/\/ifan.ucad.sn\/en\/wp-json\/wp\/v2\/pages\/611\/revisions"}],"predecessor-version":[{"id":613,"href":"https:\/\/ifan.ucad.sn\/en\/wp-json\/wp\/v2\/pages\/611\/revisions\/613"}],"wp:attachment":[{"href":"https:\/\/ifan.ucad.sn\/en\/wp-json\/wp\/v2\/media?parent=611"}],"curies":[{"name":"wp","href":"https:\/\/api.w.org\/{rel}","templated":true}]}}