{"id":6249,"date":"2023-03-20T09:48:11","date_gmt":"2023-03-20T08:48:11","guid":{"rendered":"https:\/\/ifan.ucad.sn\/?page_id=6249"},"modified":"2023-03-20T09:48:57","modified_gmt":"2023-03-20T08:48:57","slug":"citations-de-cheikh-anta-diop","status":"publish","type":"page","link":"https:\/\/ifan.ucad.sn\/en\/citations-de-cheikh-anta-diop\/","title":{"rendered":"CITATIONS DE CHEIKH ANTA DIOP"},"content":{"rendered":"\n<p><strong>CITATIONS DE CHEIKH ANTA DIOP<\/strong><br><br>1) \u00ab Formez-vous, armez-vous de sciences jusqu\u2019aux dents (\u2026) et arrachez votre patrimoine culturel. \u00bb<\/p>\n\n\n\n<p>2) \u00ab&nbsp;Voici donc qu\u2019il ne suffit plus d\u2019\u00eatre noir de la t\u00eate aux pieds et d\u2019avoir les cheveux cr\u00e9pus pour \u00eatre un N\u00e8gre&nbsp;\u00bb<\/p>\n\n\n\n<p><br><br>3) \u00ab La facilit\u00e9 avec laquelle nous renon\u00e7ons, souvent, \u00e0 notre culture ne s\u2019explique que par notre ignorance de celle-ci, et non par une attitude progressiste adopt\u00e9e en connaissance de cause. \u00bb<br><br>4) \u00ab Nous aspirons tous au triomphe de la notion d\u2019esp\u00e8ce humaine dans les esprits et dans les consciences, de sorte que l\u2019histoire particuli\u00e8re de telle ou telle race s\u2019efface devant celle de l\u2019homme tout court. \u00bb<br><br>5) \u00ab ll faut veiller \u00e0 ce que l\u2019Afrique ne fasse pas les frais du progr\u00e8s humain. (..) froidement \u00e9cras\u00e9e par la roue de l\u2019histoire.(\u2026) On ne saurait \u00e9chapper aux n\u00e9cessit\u00e9s du moment historique auquel on appartient\u201d.<br><br>6) \u00ab Le poison culturel savamment inocul\u00e9 d\u00e8s la plus tendre enfance, est devenu partie int\u00e9grante de notre substance et se manifeste dans tous nos jugements. \u00bb<\/p>\n\n\n\n<p>7) \u00ab&nbsp;L\u2019ignorance de l\u2019histoire de son peuple est une forme de servitude.&nbsp;\u00bb<\/p>\n\n\n\n<p>8) \u00ab&nbsp;La culture est la m\u00e9moire de tout un peuple.&nbsp;\u00bb<\/p>\n\n\n\n<p>9) \u00ab&nbsp;Nous aspirons tous au triomphe de la notion d\u2019esp\u00e8ce humaine dans les esprits et dans les consciences, de sorte que l\u2019histoire particuli\u00e8re de telle ou telle race s\u2019efface devant celle de l\u2019homme tout court&nbsp;\u00bb<\/p>\n\n\n\n<p>10) \u00ab&nbsp;Il devient donc indispensable que les africains se penchent sur leur propre histoire et leur propre histoire et leur civilisation et \u00e9tudient celles-ci pour mieux se connaitre&nbsp;: arriver ainsi par la v\u00e9ritable connaissance de leur pass\u00e9, \u00e0 rendre p\u00e9rim\u00e9es , grotesques et d\u00e9sormais inoffensives ces armes culturelles&nbsp;\u00bb<\/p>\n\n\n\n<p>11) \u00ab<em>\u00a0<\/em>La n\u00e9gation de l\u2019histoire et des r\u00e9alisations intellectuelles des peuples africains noirs est le meurtre culturel, mental, qui a d\u00e9j\u00e0 pr\u00e9c\u00e9d\u00e9 et pr\u00e9par\u00e9 le g\u00e9nocide ici et l\u00e0 dans le monde.<strong>\u00a0\u00bb<\/strong><\/p>\n","protected":false},"excerpt":{"rendered":"<p>CITATIONS DE CHEIKH ANTA DIOP 1) \u00ab Formez-vous, armez-vous de sciences jusqu\u2019aux dents (\u2026) et arrachez votre patrimoine culturel. \u00bb 2) \u00ab&nbsp;Voici donc qu\u2019il ne suffit plus d\u2019\u00eatre noir de la t\u00eate aux pieds et d\u2019avoir les cheveux cr\u00e9pus pour \u00eatre un N\u00e8gre&nbsp;\u00bb 3) \u00ab La facilit\u00e9 avec laquelle nous renon\u00e7ons, souvent, \u00e0 notre culture [&hellip;]<\/p>\n","protected":false},"author":1,"featured_media":0,"parent":0,"menu_order":0,"comment_status":"closed","ping_status":"closed","template":"","meta":{"_monsterinsights_skip_tracking":false,"_monsterinsights_sitenote_active":false,"_monsterinsights_sitenote_note":"","_monsterinsights_sitenote_category":0,"footnotes":""},"class_list":["post-6249","page","type-page","status-publish","hentry"],"_links":{"self":[{"href":"https:\/\/ifan.ucad.sn\/en\/wp-json\/wp\/v2\/pages\/6249","targetHints":{"allow":["GET"]}}],"collection":[{"href":"https:\/\/ifan.ucad.sn\/en\/wp-json\/wp\/v2\/pages"}],"about":[{"href":"https:\/\/ifan.ucad.sn\/en\/wp-json\/wp\/v2\/types\/page"}],"author":[{"embeddable":true,"href":"https:\/\/ifan.ucad.sn\/en\/wp-json\/wp\/v2\/users\/1"}],"replies":[{"embeddable":true,"href":"https:\/\/ifan.ucad.sn\/en\/wp-json\/wp\/v2\/comments?post=6249"}],"version-history":[{"count":2,"href":"https:\/\/ifan.ucad.sn\/en\/wp-json\/wp\/v2\/pages\/6249\/revisions"}],"predecessor-version":[{"id":6251,"href":"https:\/\/ifan.ucad.sn\/en\/wp-json\/wp\/v2\/pages\/6249\/revisions\/6251"}],"wp:attachment":[{"href":"https:\/\/ifan.ucad.sn\/en\/wp-json\/wp\/v2\/media?parent=6249"}],"curies":[{"name":"wp","href":"https:\/\/api.w.org\/{rel}","templated":true}]}}