{"id":680,"date":"2021-03-03T10:40:07","date_gmt":"2021-03-03T09:40:07","guid":{"rendered":"https:\/\/ifan.ifa-dev.com\/?page_id=680"},"modified":"2022-02-18T09:26:08","modified_gmt":"2022-02-18T08:26:08","slug":"biologie-marine-membres","status":"publish","type":"page","link":"https:\/\/ifan.ucad.sn\/en\/biologie-marine-membres\/","title":{"rendered":"Biologie Marine &#8211; Membres"},"content":{"rendered":"\n<div class=\"wp-block-columns is-layout-flex wp-container-core-columns-is-layout-9d6595d7 wp-block-columns-is-layout-flex\">\n<div class=\"wp-block-column is-layout-flow wp-block-column-is-layout-flow\" style=\"flex-basis:66.66%\">\n<div class=\"tmm tmm_biologie-animale-biologie-marine\"><div class=\"tmm_3_columns tmm_wrap tmm_theme_f\"><span class=\"tmm_two_containers_tablet\"><\/span><div class=\"tmm_container\"><div class=\"tmm_member\" style=\"border-top:#003e74 solid 5px;\"><a target=\"_blank\" href=\"https:\/\/ifan.ucad.sn\/professeur-youssouph-diatta\" title=\"Youssouph DIATTA\"><div class=\"tmm_photo tmm_pic_biologie-animale-biologie-marine_0\" style=\"background: url(https:\/\/ifan.ucad.sn\/wp-content\/uploads\/2021\/01\/cropped-cropped-logo-3.png); margin-left: auto; margin-right:auto; background-size:cover !important;\"><\/div><\/a><div class=\"tmm_textblock\"><div class=\"tmm_names\"><span class=\"tmm_fname\">Youssouph<\/span> <span class=\"tmm_lname\">DIATTA<\/span><\/div><div class=\"tmm_job\">Directeur de recherche assimil\u00e9<br \/><br \/><\/div><div class=\"tmm_scblock\"><a class=\"tmm_sociallink\" href=\"mailto:youssouph.diatta@ucad.edu.sn\" title=\"Email\"><img decoding=\"async\" alt=\"Email\" src=\"https:\/\/ifan.ucad.sn\/wp-content\/plugins\/team-members\/inc\/img\/links\/email.png\"\/><\/a><a target=\"_blank\" class=\"tmm_sociallink\" href=\"https:\/\/ifan.ucad.sn\/professeur-youssouph-diatta\/\" title=\"\"><img decoding=\"async\" alt=\"\" src=\"https:\/\/ifan.ucad.sn\/wp-content\/plugins\/team-members\/inc\/img\/links\/website.png\"\/><\/a><\/div><\/div><\/div><div class=\"tmm_member\" style=\"border-top:#003e74 solid 5px;\"><div class=\"tmm_photo tmm_pic_biologie-animale-biologie-marine_1\" style=\"background: url(https:\/\/ifan.ucad.sn\/wp-content\/uploads\/2021\/03\/Khady-Diouf-Goudiaby.jpg); margin-left: auto; margin-right:auto; background-size:cover !important;\"><\/div><div class=\"tmm_textblock\"><div class=\"tmm_names\"><span class=\"tmm_fname\">Khady DIOUF<\/span> <span class=\"tmm_lname\">GOUDIABY<\/span><\/div><div class=\"tmm_job\">Ma\u00eetre Assistant<br \/><br \/><br \/><\/div><div class=\"tmm_scblock\"><a target=\"_blank\" class=\"tmm_sociallink\" href=\"#\" title=\"\"><img decoding=\"async\" alt=\"\" src=\"https:\/\/ifan.ucad.sn\/wp-content\/plugins\/team-members\/inc\/img\/links\/website.png\"\/><\/a><\/div><\/div><\/div><span class=\"tmm_two_containers_tablet\"><\/span><div class=\"tmm_member\" style=\"border-top:#003e74 solid 5px;\"><div class=\"tmm_photo tmm_pic_biologie-animale-biologie-marine_2\" style=\"background: url(https:\/\/ifan.ucad.sn\/wp-content\/uploads\/2021\/03\/Abdoulaye-BA.jpg); margin-left: auto; margin-right:auto; background-size:cover !important;\"><\/div><div class=\"tmm_textblock\"><div class=\"tmm_names\"><span class=\"tmm_fname\">Ablaye<\/span> <span class=\"tmm_lname\">BA<\/span><\/div><div class=\"tmm_job\">Ma\u00eetre Assistant<br \/><br \/><br \/><\/div><div class=\"tmm_scblock\"><a target=\"_blank\" class=\"tmm_sociallink\" href=\"#\" title=\"\"><img decoding=\"async\" alt=\"\" src=\"https:\/\/ifan.ucad.sn\/wp-content\/plugins\/team-members\/inc\/img\/links\/website.png\"\/><\/a><\/div><\/div><\/div><\/div><span class=\"tmm_columns_containers_desktop\"><\/span><div class=\"tmm_container\"><div class=\"tmm_member\" style=\"border-top:#003e74 solid 5px;\"><div class=\"tmm_photo tmm_pic_biologie-animale-biologie-marine_3\" style=\"background: url(https:\/\/ifan.ucad.sn\/wp-content\/uploads\/2021\/01\/cropped-cropped-logo-3.png); margin-left: auto; margin-right:auto; background-size:cover !important;\"><\/div><div class=\"tmm_textblock\"><div class=\"tmm_names\"><span class=\"tmm_fname\">Yacine<\/span> <span class=\"tmm_lname\">NDIOUR<\/span><\/div><div class=\"tmm_job\">Ing\u00e9nieur Biologiste des p\u00eaches<br \/><\/div><div class=\"tmm_scblock\"><\/div><\/div><\/div><div style=\"clear:both;\"><\/div><\/div><\/div><\/div>\n<\/div>\n\n\n\n<div class=\"wp-block-column is-layout-flow wp-block-column-is-layout-flow\" style=\"flex-basis:33.33%\">\n<div>\n  <ul class=\"menu-menu-principal sommaire-ifan\">\n       <li><a href=\"https:\/\/ifan.ucad.sn\/biologie-animale\/\">Pr\u00e9sentation<\/a><\/li>\n<li><a href=\"#\">Biologie marine<\/a>\n<ul>\n<li><a class=\"active\" href=\"https:\/\/ifan.ucad.sn\/biologie-marine-membres\/\">Membres<\/a><\/li>\n<\/ul><\/li>\n<li><a href=\"#\">Zoologie  des Vert\u00e9br\u00e9s Terrestres <\/a>\n<ul>\n<li><a href=\"https:\/\/ifan.ucad.sn\/zoologie-des-vertebres-terrestres-membres\/\">Membres<\/a><\/li>\n<\/ul>\n<\/li>\n<li><a href=\"#\">Zoologie  des Invert\u00e9br\u00e9s Terrestres <\/a>\n<ul>\n<li><a href=\"https:\/\/ifan.ucad.sn\/zoologie-des-invertebres-terrestres-membres\/\">Membres<\/a><\/li>\n<\/ul>\n<\/li>\n<li><a href=\"https:\/\/ifan.ucad.sn\/biologie-animale-le-laboratoire-de-traitement-des-eaux-usees\/\">Traitement des Eaux Us\u00e9es<\/a>\n<ul>\n<li><a href=\"https:\/\/ifan.ucad.sn\/lartes-membres\/\">Membres<\/a><\/li>\n<\/ul>\n<\/li>\n\n<\/ul>\n<\/div>\n<\/div>\n<\/div>\n\n\n\n<p><\/p>\n","protected":false},"excerpt":{"rendered":"<p>Pr\u00e9sentation Biologie marine Membres Zoologie des Vert\u00e9br\u00e9s Terrestres Membres Zoologie des Invert\u00e9br\u00e9s Terrestres Membres Traitement des Eaux Us\u00e9es Membres<\/p>\n","protected":false},"author":1,"featured_media":0,"parent":0,"menu_order":0,"comment_status":"closed","ping_status":"closed","template":"templates\/template-page-full-width.php","meta":{"_monsterinsights_skip_tracking":false,"_monsterinsights_sitenote_active":false,"_monsterinsights_sitenote_note":"","_monsterinsights_sitenote_category":0,"footnotes":""},"class_list":["post-680","page","type-page","status-publish","hentry"],"_links":{"self":[{"href":"https:\/\/ifan.ucad.sn\/en\/wp-json\/wp\/v2\/pages\/680","targetHints":{"allow":["GET"]}}],"collection":[{"href":"https:\/\/ifan.ucad.sn\/en\/wp-json\/wp\/v2\/pages"}],"about":[{"href":"https:\/\/ifan.ucad.sn\/en\/wp-json\/wp\/v2\/types\/page"}],"author":[{"embeddable":true,"href":"https:\/\/ifan.ucad.sn\/en\/wp-json\/wp\/v2\/users\/1"}],"replies":[{"embeddable":true,"href":"https:\/\/ifan.ucad.sn\/en\/wp-json\/wp\/v2\/comments?post=680"}],"version-history":[{"count":9,"href":"https:\/\/ifan.ucad.sn\/en\/wp-json\/wp\/v2\/pages\/680\/revisions"}],"predecessor-version":[{"id":1852,"href":"https:\/\/ifan.ucad.sn\/en\/wp-json\/wp\/v2\/pages\/680\/revisions\/1852"}],"wp:attachment":[{"href":"https:\/\/ifan.ucad.sn\/en\/wp-json\/wp\/v2\/media?parent=680"}],"curies":[{"name":"wp","href":"https:\/\/api.w.org\/{rel}","templated":true}]}}