{"id":699,"date":"2021-03-03T11:36:54","date_gmt":"2021-03-03T10:36:54","guid":{"rendered":"https:\/\/ifan.ifa-dev.com\/?page_id=699"},"modified":"2022-02-15T11:51:50","modified_gmt":"2022-02-15T10:51:50","slug":"zoologie-des-invertebres-terrestres-membres","status":"publish","type":"page","link":"https:\/\/ifan.ucad.sn\/en\/zoologie-des-invertebres-terrestres-membres\/","title":{"rendered":"Zoologie des Invert\u00e9br\u00e9s terrestres &#8211; Membres"},"content":{"rendered":"\n<div class=\"wp-block-columns is-layout-flex wp-container-core-columns-is-layout-9d6595d7 wp-block-columns-is-layout-flex\">\n<div class=\"wp-block-column is-layout-flow wp-block-column-is-layout-flow\" style=\"flex-basis:66.66%\">\n<div class=\"tmm tmm_zoologie-des-invertebres-terrestres-membres\"><div class=\"tmm_3_columns tmm_wrap tmm_theme_f\"><span class=\"tmm_two_containers_tablet\"><\/span><div class=\"tmm_container\"><div class=\"tmm_member\" style=\"border-top:#003e74 solid 5px;\"><div class=\"tmm_photo tmm_pic_zoologie-des-invertebres-terrestres-membres_0\" style=\"background: url(https:\/\/ifan.ucad.sn\/wp-content\/uploads\/2021\/03\/Directeur-de-lIFAN.jpg); margin-left: auto; margin-right:auto; background-size:cover !important;\"><\/div><div class=\"tmm_textblock\"><div class=\"tmm_names\"><span class=\"tmm_fname\">Abdoulaye Baila <\/span> <span class=\"tmm_lname\">NDIAYE<\/span><\/div><div class=\"tmm_job\">Ma\u00eetre   de   recherche <br \/><br \/><\/div><div class=\"tmm_scblock\"><\/div><\/div><\/div><div class=\"tmm_member\" style=\"border-top:#003e74 solid 5px;\"><div class=\"tmm_photo tmm_pic_zoologie-des-invertebres-terrestres-membres_1\" style=\"background: url(https:\/\/ifan.ucad.sn\/wp-content\/uploads\/2021\/01\/cropped-cropped-logo-3.png); margin-left: auto; margin-right:auto; background-size:cover !important;\"><\/div><div class=\"tmm_textblock\"><div class=\"tmm_names\"><span class=\"tmm_fname\">Abdoul Aziz <\/span> <span class=\"tmm_lname\">NIANG<\/span><\/div><div class=\"tmm_job\"><br \/><br \/><\/div><div class=\"tmm_scblock\"><\/div><\/div><\/div><span class=\"tmm_two_containers_tablet\"><\/span><div class=\"tmm_member\" style=\"border-top:#003e74 solid 5px;\"><div class=\"tmm_photo tmm_pic_zoologie-des-invertebres-terrestres-membres_2\" style=\"background: url(https:\/\/ifan.ucad.sn\/wp-content\/uploads\/2021\/01\/cropped-cropped-logo-3.png); margin-left: auto; margin-right:auto; background-size:cover !important;\"><\/div><div class=\"tmm_textblock\"><div class=\"tmm_names\"><span class=\"tmm_fname\">Mouhamadou Moustapha<\/span> <span class=\"tmm_lname\">NDIAYE<\/span><\/div><div class=\"tmm_job\">Doctorant en Entomologie <br \/><\/div><div class=\"tmm_scblock\"><\/div><\/div><\/div><\/div><span class=\"tmm_columns_containers_desktop\"><\/span><div class=\"tmm_container\"><div class=\"tmm_member\" style=\"border-top:#003e74 solid 5px;\"><div class=\"tmm_photo tmm_pic_zoologie-des-invertebres-terrestres-membres_3\" style=\"background: url(https:\/\/ifan.ucad.sn\/wp-content\/uploads\/2021\/01\/cropped-cropped-logo-3.png); margin-left: auto; margin-right:auto; background-size:cover !important;\"><\/div><div class=\"tmm_textblock\"><div class=\"tmm_names\"><span class=\"tmm_fname\">Amy<\/span> <span class=\"tmm_lname\">MBODJ<\/span><\/div><div class=\"tmm_job\">Technicienne Sup\u00e9rieure en Entomologie<\/div><div class=\"tmm_scblock\"><\/div><\/div><\/div><div style=\"clear:both;\"><\/div><\/div><\/div><\/div>\n<\/div>\n\n\n\n<div class=\"wp-block-column is-layout-flow wp-block-column-is-layout-flow\" style=\"flex-basis:33.33%\">\n<div>\n  <ul class=\"menu-menu-principal sommaire-ifan\">\n       <li><a href=\"https:\/\/ifan.ucad.sn\/biologie-animale\/\">Pr\u00e9sentation<\/a><\/li>\n<li><a href=\"https:\/\/ifan.ucad.sn\/biologie-marine\/\">Biologie marine<\/a>\n<ul>\n<li><a href=\"https:\/\/ifan.ucad.sn\/biologie-marine-membres\/\">Membres<\/a><\/li>\n<\/ul><\/li>\n<li><a href=\"https:\/\/ifan.ucad.sn\/zoologie-des-vertebres-terrestre\/\">Zoologie  des Vert\u00e9br\u00e9s Terrestres <\/a>\n<ul>\n<li><a href=\"https:\/\/ifan.ucad.sn\/zoologie-des-vertebres-terrestres-membres\/\">Membres<\/a><\/li>\n<\/ul>\n<\/li>\n<li><a href=\"#\">Zoologie  des Invert\u00e9br\u00e9s Terrestres <\/a>\n<ul>\n<li><a href=\"#\" class=\"active\">Membres<\/a><\/li>\n<\/ul>\n<\/li>\n<li><a href=\"https:\/\/ifan.ucad.sn\/biologie-animale-le-laboratoire-de-traitement-des-eaux-usees\/\">Traitement des Eaux Us\u00e9es<\/a>\n<ul>\n<li>Membres<\/li>\n<\/ul>\n<\/li>\n<\/ul>\n<\/div>\n<\/div>\n<\/div>\n","protected":false},"excerpt":{"rendered":"<p>Pr\u00e9sentation Biologie marine Membres Zoologie des Vert\u00e9br\u00e9s Terrestres Membres Zoologie des Invert\u00e9br\u00e9s Terrestres Membres Traitement des Eaux Us\u00e9es Membres<\/p>\n","protected":false},"author":1,"featured_media":0,"parent":0,"menu_order":0,"comment_status":"closed","ping_status":"closed","template":"templates\/template-page-full-width.php","meta":{"_monsterinsights_skip_tracking":false,"_monsterinsights_sitenote_active":false,"_monsterinsights_sitenote_note":"","_monsterinsights_sitenote_category":0,"footnotes":""},"class_list":["post-699","page","type-page","status-publish","hentry"],"_links":{"self":[{"href":"https:\/\/ifan.ucad.sn\/en\/wp-json\/wp\/v2\/pages\/699","targetHints":{"allow":["GET"]}}],"collection":[{"href":"https:\/\/ifan.ucad.sn\/en\/wp-json\/wp\/v2\/pages"}],"about":[{"href":"https:\/\/ifan.ucad.sn\/en\/wp-json\/wp\/v2\/types\/page"}],"author":[{"embeddable":true,"href":"https:\/\/ifan.ucad.sn\/en\/wp-json\/wp\/v2\/users\/1"}],"replies":[{"embeddable":true,"href":"https:\/\/ifan.ucad.sn\/en\/wp-json\/wp\/v2\/comments?post=699"}],"version-history":[{"count":6,"href":"https:\/\/ifan.ucad.sn\/en\/wp-json\/wp\/v2\/pages\/699\/revisions"}],"predecessor-version":[{"id":1772,"href":"https:\/\/ifan.ucad.sn\/en\/wp-json\/wp\/v2\/pages\/699\/revisions\/1772"}],"wp:attachment":[{"href":"https:\/\/ifan.ucad.sn\/en\/wp-json\/wp\/v2\/media?parent=699"}],"curies":[{"name":"wp","href":"https:\/\/api.w.org\/{rel}","templated":true}]}}