{"id":8658,"date":"2026-01-28T11:07:44","date_gmt":"2026-01-28T10:07:44","guid":{"rendered":"https:\/\/ifan.ucad.sn\/?page_id=8658"},"modified":"2026-01-28T11:37:25","modified_gmt":"2026-01-28T10:37:25","slug":"dr-awa-diop","status":"publish","type":"page","link":"https:\/\/ifan.ucad.sn\/en\/dr-awa-diop\/","title":{"rendered":"Dr Awa Diop"},"content":{"rendered":"\t\t<div data-elementor-type=\"wp-page\" data-elementor-id=\"8658\" class=\"elementor elementor-8658\">\n\t\t\t\t\t\t\t\t\t<section class=\"elementor-section elementor-top-section elementor-element elementor-element-c167802 elementor-section-boxed elementor-section-height-default elementor-section-height-default\" data-id=\"c167802\" data-element_type=\"section\">\n\t\t\t\t\t\t<div class=\"elementor-container elementor-column-gap-default\">\n\t\t\t\t\t<div class=\"elementor-column elementor-col-100 elementor-top-column elementor-element elementor-element-806ef17\" data-id=\"806ef17\" data-element_type=\"column\">\n\t\t\t<div class=\"elementor-widget-wrap elementor-element-populated\">\n\t\t\t\t\t\t\t\t<div class=\"elementor-element elementor-element-4762c60 elementor-widget elementor-widget-heading\" data-id=\"4762c60\" data-element_type=\"widget\" data-widget_type=\"heading.default\">\n\t\t\t\t<div class=\"elementor-widget-container\">\n\t\t\t<h2 class=\"elementor-heading-title elementor-size-default\">Docteur Awa DIOP<\/h2>\t\t<\/div>\n\t\t\t\t<\/div>\n\t\t\t\t\t<\/div>\n\t\t<\/div>\n\t\t\t\t\t\t\t<\/div>\n\t\t<\/section>\n\t\t\t\t<section class=\"elementor-section elementor-top-section elementor-element elementor-element-e658a58 elementor-section-boxed elementor-section-height-default elementor-section-height-default\" data-id=\"e658a58\" data-element_type=\"section\">\n\t\t\t\t\t\t<div class=\"elementor-container elementor-column-gap-default\">\n\t\t\t\t\t<div class=\"elementor-column elementor-col-33 elementor-top-column elementor-element elementor-element-d53bf18\" data-id=\"d53bf18\" data-element_type=\"column\">\n\t\t\t<div class=\"elementor-widget-wrap elementor-element-populated\">\n\t\t\t\t\t\t\t\t<div class=\"elementor-element elementor-element-f8d6af9 elementor-invisible elementor-widget elementor-widget-image\" data-id=\"f8d6af9\" data-element_type=\"widget\" data-settings=\"{&quot;_animation&quot;:&quot;fadeIn&quot;}\" data-widget_type=\"image.default\">\n\t\t\t\t<div class=\"elementor-widget-container\">\n\t\t\t\t\t\t\t\t\t\t\t\t\t\t\t<img loading=\"lazy\" decoding=\"async\" width=\"768\" height=\"768\" src=\"https:\/\/ifan.ucad.sn\/wp-content\/uploads\/2026\/01\/dr-awa-diop-768x768.png\" class=\"attachment-medium_large size-medium_large wp-image-8661\" alt=\"\" srcset=\"https:\/\/ifan.ucad.sn\/wp-content\/uploads\/2026\/01\/dr-awa-diop-768x768.png 768w, https:\/\/ifan.ucad.sn\/wp-content\/uploads\/2026\/01\/dr-awa-diop-300x300.png 300w, https:\/\/ifan.ucad.sn\/wp-content\/uploads\/2026\/01\/dr-awa-diop-150x150.png 150w, https:\/\/ifan.ucad.sn\/wp-content\/uploads\/2026\/01\/dr-awa-diop.png 800w\" sizes=\"auto, (max-width: 768px) 100vw, 768px\" \/>\t\t\t\t\t\t\t\t\t\t\t\t\t\t\t<\/div>\n\t\t\t\t<\/div>\n\t\t\t\t\t<\/div>\n\t\t<\/div>\n\t\t\t\t<div class=\"elementor-column elementor-col-33 elementor-top-column elementor-element elementor-element-39690c2\" data-id=\"39690c2\" data-element_type=\"column\">\n\t\t\t<div class=\"elementor-widget-wrap\">\n\t\t\t\t\t\t\t\t\t<\/div>\n\t\t<\/div>\n\t\t\t\t<div class=\"elementor-column elementor-col-33 elementor-top-column elementor-element elementor-element-3960dff\" data-id=\"3960dff\" data-element_type=\"column\">\n\t\t\t<div class=\"elementor-widget-wrap elementor-element-populated\">\n\t\t\t\t\t\t\t\t<div class=\"elementor-element elementor-element-660ea4c elementor-widget elementor-widget-text-editor\" data-id=\"660ea4c\" data-element_type=\"widget\" data-widget_type=\"text-editor.default\">\n\t\t\t\t<div class=\"elementor-widget-container\">\n\t\t\t\t\t\t\t<p><span style=\"color: #000000;\"><strong>Titulaire d\u2019un doctorat en sociologie de l\u2019Universit\u00e9 de Bordeaux<\/strong>, <strong>Awa Diop<\/strong> est <strong>chercheure \u00e0 l\u2019Institut Fondamental d\u2019Afrique Noire (IFAN\u2013Ch. A. Diop)<\/strong> de l\u2019Universit\u00e9 Cheikh Anta Diop de Dakar. Ses recherches portent sur une <strong>sociologie du genre mettant l\u2019accent sur les rapports de pouvoir, les pratiques et transformations sociales \u00e0 l\u2019\u0153uvre dans le S\u00e9n\u00e9gal contemporain<\/strong>. Elle s\u2019int\u00e9resse sp\u00e9cifiquement aux tensions qui traversent les pratiques contemporaines autour des corps f\u00e9minins, des f\u00e9minit\u00e9s s\u00e9n\u00e9galaises dans un contexte de circulation de nouveaux mod\u00e8les globaux. \u00c0 travers une analyse des qualit\u00e9s associ\u00e9es aux corps f\u00e9minins et leur mise en visibilit\u00e9, Awa interroge la mani\u00e8re dont les femmes n\u00e9gocient, remettent en question\u00a0\u00a0 et r\u00e9inventent les mod\u00e8les f\u00e9minins dominants. Ses analyses sont attentives \u00e0 la pr\u00e9sence de nouvelles dynamiques concurrentes qui red\u00e9finissent les r\u00f4les sociaux, les attentes normatives ainsi que les espaces de libert\u00e9.<\/span><\/p><p><span style=\"color: #000000;\">Awa Diop s\u2019int\u00e9resse \u00e9galement \u00e0 l\u2019<strong>\u00e9volution actuelle des rapports de genre<\/strong> dans un contexte social marqu\u00e9 \u00e0 la fois par l\u2019influence de l\u2019islam et\u00a0 de mouvements conservateurs. En parall\u00e8le, elle analyse aussi <strong>l\u2019\u00e9tat des mobilisations f\u00e9ministes contemporaine<\/strong>s.<\/span><\/p><p><span style=\"color: #000000;\">Les travaux de Awa Diop se situent dans la perspective d\u2019une analyse fine des transformations multiples\u00a0\u00a0 qui fa\u00e7onnent les exp\u00e9riences et les identit\u00e9s des individus dans la soci\u00e9t\u00e9 s\u00e9n\u00e9galaise contemporaine. Son approche reste attentive \u00e0 la recomposition des normes et des imaginaires du f\u00e9minin dans un contexte soumis \u00e0 de profondes mutations.<\/span><\/p>\t\t\t\t\t\t<\/div>\n\t\t\t\t<\/div>\n\t\t\t\t\t<\/div>\n\t\t<\/div>\n\t\t\t\t\t\t\t<\/div>\n\t\t<\/section>\n\t\t\t\t<section class=\"elementor-section elementor-top-section elementor-element elementor-element-c8115fe elementor-section-boxed elementor-section-height-default elementor-section-height-default\" data-id=\"c8115fe\" data-element_type=\"section\">\n\t\t\t\t\t\t<div class=\"elementor-container elementor-column-gap-default\">\n\t\t\t\t\t<div class=\"elementor-column elementor-col-100 elementor-top-column elementor-element elementor-element-b302fc4\" data-id=\"b302fc4\" data-element_type=\"column\">\n\t\t\t<div class=\"elementor-widget-wrap elementor-element-populated\">\n\t\t\t\t\t\t\t\t<div class=\"elementor-element elementor-element-9f1bf1c elementor-invisible elementor-widget elementor-widget-accordion\" data-id=\"9f1bf1c\" data-element_type=\"widget\" data-settings=\"{&quot;_animation&quot;:&quot;fadeIn&quot;}\" data-widget_type=\"accordion.default\">\n\t\t\t\t<div class=\"elementor-widget-container\">\n\t\t\t\t\t<div class=\"elementor-accordion\">\n\t\t\t\t\t\t\t<div class=\"elementor-accordion-item\">\n\t\t\t\t\t<div id=\"elementor-tab-title-1661\" class=\"elementor-tab-title\" data-tab=\"1\" role=\"button\" aria-controls=\"elementor-tab-content-1661\" aria-expanded=\"false\">\n\t\t\t\t\t\t\t\t\t\t\t\t\t<span class=\"elementor-accordion-icon elementor-accordion-icon-left\" aria-hidden=\"true\">\n\t\t\t\t\t\t\t\t\t\t\t\t\t\t\t<span class=\"elementor-accordion-icon-closed\"><i class=\"fas fa-plus\"><\/i><\/span>\n\t\t\t\t\t\t\t\t<span class=\"elementor-accordion-icon-opened\"><i class=\"fas fa-minus\"><\/i><\/span>\n\t\t\t\t\t\t\t\t\t\t\t\t\t\t<\/span>\n\t\t\t\t\t\t\t\t\t\t\t\t<a class=\"elementor-accordion-title\" tabindex=\"0\">Publications<\/a>\n\t\t\t\t\t<\/div>\n\t\t\t\t\t<div id=\"elementor-tab-content-1661\" class=\"elementor-tab-content elementor-clearfix\" data-tab=\"1\" role=\"region\" aria-labelledby=\"elementor-tab-title-1661\"><h4><span style=\"color: #000000;\">Ouvrages et dossiers scientifiques<\/span><\/h4><ul><li><span style=\"color: #000000;\">S. Ngom<strong>,<\/strong> <strong>A. DIOP<\/strong>, Selly BA et al, <em>Femmes en mouvement au S\u00e9n\u00e9gal, Engagements, evolutions et recompositions des collectifs de femmes de l&#8217;ind\u00e9pendance \u00e0 nos jours<\/em><\/span><\/li><\/ul><h4><span style=\"color: #000000;\"><span style=\"text-decoration: underline;\">Articles dans des revues scientifiques et chapitres d\u2019ouvrages<\/span>.<\/span><\/h4><ul><li><span style=\"color: #000000;\">\u00ab\u00a0<em>Discours religieux public et rapports de genre au S\u00e9n\u00e9gal<\/em>\u00a0\u00bb in Saliou Ngom (dir) <em>Masculinit\u00e9s et rapports sociaux de sexes. Comprendre les enjeux \u00e9galitaires dans le S\u00e9n\u00e9gal contemporain<\/em>, M\u00e9moires de l\u2019IFAN, 96, d\u00e9cembre 2024, PP 113-122.<\/span><\/li><li><span style=\"color: #000000;\">\u00ab\u00a0<em>Le f\u00e9minisme s\u00e9n\u00e9galais \u00e0 l\u2019\u00e9preuve d\u2019autres perspectives f\u00e9ministes dans un contexte de globalisation<\/em>\u00a0\u00bb, (avec Selly Ba) in Bedi Almoravid et Gabriel Ndour (dir)<em>Le combat f\u00e9ministe en Afrique de l\u2019ouest, pendant et apr\u00e8s l\u2019\u00e8re coloniale<\/em>, Institute for Epistemological Studies, 2023, PP 227-245<\/span><\/li><li><span style=\"color: #000000;\">\u00ab <em>Rapports priv\u00e9s \u2013 silence public: le cas du S\u00e9n\u00e9gal<\/em>\u00bb in <em>Negotiating the Religious in<\/em> <em>Everyday Life in the Islamic World<\/em> , Volume 19, G\u00f6ttingen Series in Social and Cultural Anthropology, G\u00f6ttingen University Press, 2021, pp.217-226<\/span><\/li><li><span style=\"color: #000000;\">\u00ab\u00a0<em>C\u2019est elle qui doit tout g\u00e9rer, c\u2019est lui qui doit tout payer: articulation vie familiale et vie professionnelle des femmes \u00e0 Dakar<\/em>\u00a0\u00bb, (Avec M\u00e9lanie Jacquemin, Laure Mogu\u00e9rou et Fatou Bintou Dial) in Anne.E. Calv\u00e8s, Fatou Bintou Dial et Richard Marcoux (dir) <em>Nouvelles dynamiques familiales en Afrique,<\/em> Presses de l\u2019Universit\u00e9 du Qu\u00e9b\u00e9c, 2018, pp. 147-179.<\/span><\/li><li><span style=\"color: #000000;\">\u00ab\u00a0<em>Des figures f\u00e9minines \u00ab scandaleuses \u00bb au S\u00e9n\u00e9gal : une tension entre subjectivation transgressive et conformisme aux valeurs culturelles fondamentales<\/em>\u00a0\u00bb, in Fatou Sow (dir) <em>Genre et Fondamentalismes Codesria<\/em>, 2018, pp.213-232.<\/span><\/li><li><span style=\"color: #000000;\">\u00ab\u00a0<em>Femmes et sph\u00e8re publique au S\u00e9n\u00e9gal : arr\u00eat sur une visibilit\u00e9 \u00e0 bifurcation. Quelle perspective pour les questions de genre ?\u00a0<\/em>\u00bb in Arnaud Alessandrin (dir) <em>Aux Fronti\u00e8res du genre<\/em> Collection \u00ab Logiques sociales \u00bb, Harmattan 2011, pp.35-51<\/span><\/li><\/ul><\/div>\n\t\t\t\t<\/div>\n\t\t\t\t\t\t\t<div class=\"elementor-accordion-item\">\n\t\t\t\t\t<div id=\"elementor-tab-title-1662\" class=\"elementor-tab-title\" data-tab=\"2\" role=\"button\" aria-controls=\"elementor-tab-content-1662\" aria-expanded=\"false\">\n\t\t\t\t\t\t\t\t\t\t\t\t\t<span class=\"elementor-accordion-icon elementor-accordion-icon-left\" aria-hidden=\"true\">\n\t\t\t\t\t\t\t\t\t\t\t\t\t\t\t<span class=\"elementor-accordion-icon-closed\"><i class=\"fas fa-plus\"><\/i><\/span>\n\t\t\t\t\t\t\t\t<span class=\"elementor-accordion-icon-opened\"><i class=\"fas fa-minus\"><\/i><\/span>\n\t\t\t\t\t\t\t\t\t\t\t\t\t\t<\/span>\n\t\t\t\t\t\t\t\t\t\t\t\t<a class=\"elementor-accordion-title\" tabindex=\"0\">Communications<\/a>\n\t\t\t\t\t<\/div>\n\t\t\t\t\t<div id=\"elementor-tab-content-1662\" class=\"elementor-tab-content elementor-clearfix\" data-tab=\"2\" role=\"region\" aria-labelledby=\"elementor-tab-title-1662\"><ul><li><span style=\"color: #000000;\"><em>Mont\u00e9e des discours populistes et restriction des libert\u00e9s d\u2019expression<\/em>, <strong>Panel au Forum sur la d\u00e9mocratie organis\u00e9e par Guediawaye Hip Hop, Dakar<\/strong>, 10 mai 2025.<\/span><\/li><li><span style=\"color: #000000;\"><em>R\u00e9ussir l\u2019\u00e9quilibre vie professionnelle-vie familiale\u00a0: un facteur de bien \u00eatre pour les femmes<\/em>, <strong>Journ\u00e9e d\u2019\u00e9changes organis\u00e9e par le Codesria<\/strong>, Dakar, 07 mars 2025<\/span><\/li><li><span style=\"color: #000000;\"><em>Concilier travail et famille<\/em>, Discussions scientifiques organis\u00e9es par l\u2019<strong>ONG World Vision<\/strong> \u00e0 l\u2019occasion de la journ\u00e9e internationale des droits des femmes, Dakar, 10 mars 2025.<\/span><\/li><li><span style=\"color: #000000;\"><em>Comment la recherche f\u00e9ministe en Afrique et dans les communaut\u00e9s noires peut-elle contribuer \u00e0 la construction de mouvements sociaux plus inclusifs et \u00e9galitaires ?<\/em> Panel \u00e0 l\u2019occasion du <strong>Festival F\u00e9ministe, Jgen women global entrepreneurship<\/strong>, Dakar, Aout 2023<\/span><\/li><li><span style=\"color: #000000;\"><em>Quels enjeux m\u00e9thodologiques pour une recherche sur l&#8217;homosexualit\u00e9 au S\u00e9n\u00e9gal, ACFAS\u00a0Colloque \u00ab\u00a0Recherche d\u2019ici, cadre d\u2019ailleurs : les enjeux de la recherche sur le genre en Afrique\u00a0\u00bb<\/em> <strong>Universit\u00e9 de Montr\u00e9al<\/strong>, 08 mai 2023. Participation en ligne<\/span><\/li><li><span style=\"color: #000000;\">\u201c<em>Speak healing justice with our words in context of Africa<\/em>\u201d, Panel organis\u00e9 par <strong>urgenrt Actions Fund Africa-Republik Feminist<\/strong>, Navaisha, 29 novembre 2022<\/span><\/li><li><span style=\"color: #000000;\"><em>Souffrance sociale et exp\u00e9rience de gu\u00e9rison collective chez des groupes vuln\u00e9rables au S\u00e9n\u00e9gal<\/em>, Panel de chercheurs ouest-africains, <strong>Universit\u00e9 de Kansas<\/strong>, 20 octobre 2022. Particpation en ligne<\/span><\/li><li><span style=\"color: #000000;\"><em>Surench\u00e8re m\u00e9diatique autour de mod\u00e8les de r\u00e9ussite individualis\u00e9s au S\u00e9n\u00e9gal, E-jicom (\u00c9cole Sup\u00e9rieure de Journalisme<\/em>, des M\u00e9tiers de l\u2019Internet et de la Communication) Dakar, 25 novembre 2021<\/span><\/li><li><span style=\"color: #000000;\"><em>Dynamiques migratoires au S\u00e9n\u00e9gal\u00a0: Esquisse d\u2019une approche nouvelle, Table ronde organis\u00e9 par \u00ab\u00a0Pencum Warc<\/em>\u00a0\u00bb, Dakar, 21 octobre 2021<\/span><\/li><li><span style=\"color: #000000;\">\u00ab <em>Femmes \u00e0 tout vivre. Lorsque la sutura r\u00e9git la vie <\/em>\u00bb, Communication \u00e0 l\u2019occasion de <strong>la Nuit des id\u00e9es, <em>Etre Vivant <\/em>Institut fran\u00e7ais<\/strong>, Saint Louis , 30 janvier 2020.<\/span><\/li><li><span style=\"color: #000000;\"><em>L\u2019affaire du voile \u00e0 L\u2019institution Sainte Jeanne d\u2019Arc de Dakar: que nous dit la pluralit\u00e9 des mobilisations m\u00e9diatiques sur le rapport des S\u00e9n\u00e9galais \u00e0 la religion et la la\u00efcit\u00e9?<\/em> Journ\u00e9e d\u2019\u00e9tude \u00ab\u00a0<em>De l\u2019interdiction du voile islamique dans les \u00e9coles priv\u00e9es catholiques\u00a0\u00bb<\/em>, Unit\u00e9 de Recherche en Ing\u00e9nierie Culturelle et en Anthropologie (URICA) en collaboration avec le Centre de Recherche Ouest Africain (WARC), Dakar, 11 d\u00e9cembre 2019.<\/span><\/li><li><span style=\"color: #000000;\"><em>Keynote \u00ab\u00a0Dialogue interg\u00e9n\u00e9rationnel sur le f\u00e9minisme au S\u00e9n\u00e9gal\u00a0\u00bb<\/em>, <strong>Rencontre organis\u00e9e par la Fondation Heinrich B\u00f6ll<\/strong>, Dakar, 05 novembre 2019<\/span><\/li><li><span style=\"color: #000000;\"><em>De \u00ab nouveaux \u00bb corps f\u00e9minins au S\u00e9n\u00e9gal !<\/em> <strong>Congr\u00e8s International des Recherches F\u00e9ministes dans la Francophonie<\/strong>, Universit\u00e9 Paris Nanterre du 27 au 31 ao\u00fbt 2018.<\/span><\/li><li><span style=\"color: #000000;\"><em>Diversit\u00e9 et Inclusion en Entreprise<\/em>, Atelier th\u00e9matique, <strong>Yali Regional Leadership Center. West Africa<\/strong>. Dakar. 8 mars 2017.<\/span><\/li><li><span style=\"color: #000000;\"><em>C\u2019est elle qui doit tout g\u00e9rer, c\u2019est lui qui doit tout payer (Avec M\u00e9lanie Jacquemin et Laure Moguerou)<\/em>, <strong>Atelier-colloque d\u2019hiver du Groupe interuniversitaire d&#8217;\u00e9tudes et de recherches sur les soci\u00e9t\u00e9s africaines<\/strong>, Dakar, 18-20 d\u00e9cembre 2016.<\/span><\/li><li><span style=\"color: #000000;\"><em>Une d\u00e9construction des imaginaires de la r\u00e9ussite sociale au S\u00e9n\u00e9gal<\/em>, <strong>Les Causeries du laboratoire de linguistique de l&#8217;IFAN<\/strong>, Dakar, 19 mai 2016.<\/span><\/li><li><span style=\"color: #000000;\"><em>Comment faire une enqu\u00eate de terrain au sein de la communaut\u00e9 mouride du S\u00e9n\u00e9gal lorsqu\u2019on est une femme c\u00e9libataire<\/em>?, <strong>Journ\u00e9e d\u2019\u00e9tude \u00ab M\u00e9thodes et enqu\u00eates de terrain \u00e0 l\u2019\u00e9preuve du genre \u00bb<\/strong>, Institut d\u2019Etudes Politiques de Bordeaux, 24 mai 2012.<\/span><\/li><li><span style=\"color: #000000;\"><em>Parcours d\u2019int\u00e9gration de jeunes immigr\u00e9es s\u00e9n\u00e9galaises \u00e0 Bordeaux<\/em>, Colloque \u00ab Transmissions, appartenances et insertions \u00bb, Bordeaux, 2-5 avril 2012.<\/span><\/li><li><span style=\"color: #000000;\"><em>Le corps f\u00e9minin, en tant qu\u2019espace de contr\u00f4le social et objet de sensibilit\u00e9 nationaliste, \u00e0 l\u2019\u00e9preuve des innovations f\u00e9minines<\/em>, S\u00e9minaire\u00a0 Interculturalit\u00e9 \u00ab Le corps dans tous ses \u00e9tats \u00bb, AMI (Accompagnement Psychologique et M\u00e9diation Interculturelle) Bordeaux. Mai 2011.<\/span><\/li><li><span style=\"color: #000000;\"><em>Une nouvelle r\u00e9sistance aux assignations de genre via un processus de d\u00e9placement des normes par le bas : le cas des figures f\u00e9minines de la d\u00e9viance au S\u00e9n\u00e9gal<\/em>. <strong>IV congr\u00e8s de L\u2019Association Fran\u00e7aise de Sociologie<\/strong>, Grenoble, 5-8 juillet 2011.<\/span><\/li><li><span style=\"color: #000000;\"><em>Place des femmes au S\u00e9n\u00e9gal : acquis et reconfigurations<\/em>, <strong>Colloque \u00ab Femme en Francophonie \u00bb Angers<\/strong>, 15 juin 2010.<\/span><\/li><li><span style=\"color: #000000;\"><em>Corps nationalis\u00e9 vs nouvelle f\u00e9minit\u00e9 controvers\u00e9e : l&#8217;exemple des femmes &#8220;scandaleuses&#8221; au S\u00e9n\u00e9gal<\/em>. <strong>Journ\u00e9e d\u2019\u00e9tude <em>Les fronti\u00e8res du genre<\/em><\/strong><\/span><\/li><\/ul><p><span style=\"color: #000000;\">\u00a0\u00a0\u00a0\u00a0\u00a0 Universit\u00e9 Bordeaux II. 01 avril 2010.<\/span><\/p><ul><li><span style=\"color: #000000;\"><em>Quand le chercheur est ce qu\u2019il \u00e9tudie : pour une posture relativiste dans les recherches en SHS (avec Arnaud Alessandrin, doctorant en sociologie)<\/em>, <strong>Journ\u00e9e d\u2019\u00e9tude, \u00ab la posture du chercheur en SHS : une construction en \u00e9quilibre entre r\u00e9flexivit\u00e9 et contraintes \u00bb Association Lyonnaise des Etudiants Chercheurs en Sciences de l&#8217;Information et de la Communication<\/strong>, 17 juin 2010.<\/span><\/li><li><span style=\"color: #000000;\"><em>Ces nouvelles pratiques f\u00e9minines qui g\u00eanent le r\u00e9f\u00e9rentiel s\u00e9n\u00e9galais !<\/em> <strong>Journ\u00e9e de l\u2019\u00e9cole Doctorale des Sciences Sociales<\/strong>, Soci\u00e9t\u00e9, Sant\u00e9, D\u00e9cision de l\u2019universit\u00e9 Bordeaux II, 31 mai 2009.<\/span><\/li><li><span style=\"color: #000000;\"><em>Comment nommer les logiques d\u2019action des femmes transgressives du S\u00e9n\u00e9gal ? <\/em>Maison des femmes de Bordeaux, 29 octobre 2009.<\/span><\/li><\/ul><\/div>\n\t\t\t\t<\/div>\n\t\t\t\t\t\t\t<div class=\"elementor-accordion-item\">\n\t\t\t\t\t<div id=\"elementor-tab-title-1663\" class=\"elementor-tab-title\" data-tab=\"3\" role=\"button\" aria-controls=\"elementor-tab-content-1663\" aria-expanded=\"false\">\n\t\t\t\t\t\t\t\t\t\t\t\t\t<span class=\"elementor-accordion-icon elementor-accordion-icon-left\" aria-hidden=\"true\">\n\t\t\t\t\t\t\t\t\t\t\t\t\t\t\t<span class=\"elementor-accordion-icon-closed\"><i class=\"fas fa-plus\"><\/i><\/span>\n\t\t\t\t\t\t\t\t<span class=\"elementor-accordion-icon-opened\"><i class=\"fas fa-minus\"><\/i><\/span>\n\t\t\t\t\t\t\t\t\t\t\t\t\t\t<\/span>\n\t\t\t\t\t\t\t\t\t\t\t\t<a class=\"elementor-accordion-title\" tabindex=\"0\">Rapports de recherche et d'\u00e9valuation<\/a>\n\t\t\t\t\t<\/div>\n\t\t\t\t\t<div id=\"elementor-tab-content-1663\" class=\"elementor-tab-content elementor-clearfix\" data-tab=\"3\" role=\"region\" aria-labelledby=\"elementor-tab-title-1663\"><ul><li><span style=\"color: #000000;\"><strong>Rapport relatif \u00e0 la production d\u2019une bo\u00eete \u00e0 outils pour le suivi des affaires scolaires et des protiques d&#8217;\u00e9galit\u00e9 de genre pour les comit\u00e9s de gestion scolaire (CGS) du Mali<\/strong>, Unesco 2019<\/span><\/li><li><span style=\"color: #000000;\"><strong>Rapport de recherche sur la justice de gu\u00e9rison, Urgent Action Fund Africa<\/strong>, 2020<\/span><\/li><li><span style=\"color: #000000;\"><strong>Rapport interm\u00e9diaire d\u2019une recherche visant \u00e0 recenser et caract\u00e9riser les diff\u00e9rentes formes de justices traditionnelles auxquelles ont recours les populations sah\u00e9liennes dans les pays du G5 Sahel et au S\u00e9n\u00e9gal<\/strong>, IRD 2021<\/span><\/li><li><span style=\"color: #000000;\"><strong>Rapport d\u2019\u00e9laboration strat\u00e9gie genre du Projet de D\u00e9veloppement Economique de la Casamance<\/strong>, 2021<\/span><\/li><li><span style=\"color: #000000;\"><strong>Rapport sur les d\u00e9signations locales de la justice r\u00e9paratrice<\/strong>, Urgent Action Fund 2022<\/span><\/li><li><span style=\"color: #000000;\"><strong>Rapport relatif \u00e0 l\u2019\u00e9laboration d\u2019un plan d\u2019action genre<\/strong>, Projet DISS\u2019EAU, GRET 2023<\/span><\/li><\/ul><\/div>\n\t\t\t\t<\/div>\n\t\t\t\t\t\t\t\t<\/div>\n\t\t\t\t<\/div>\n\t\t\t\t<\/div>\n\t\t\t\t\t<\/div>\n\t\t<\/div>\n\t\t\t\t\t\t\t<\/div>\n\t\t<\/section>\n\t\t\t\t\t\t\t<\/div>\n\t\t","protected":false},"excerpt":{"rendered":"<p>Docteur Awa DIOP Titulaire d\u2019un doctorat en sociologie de l\u2019Universit\u00e9 de Bordeaux, Awa Diop est chercheure \u00e0 l\u2019Institut Fondamental d\u2019Afrique Noire (IFAN\u2013Ch. A. Diop) de l\u2019Universit\u00e9 Cheikh Anta Diop de Dakar. Ses recherches portent sur une sociologie du genre mettant l\u2019accent sur les rapports de pouvoir, les pratiques et transformations sociales \u00e0 l\u2019\u0153uvre dans le [&hellip;]<\/p>\n","protected":false},"author":1,"featured_media":0,"parent":0,"menu_order":0,"comment_status":"closed","ping_status":"closed","template":"elementor_header_footer","meta":{"_monsterinsights_skip_tracking":false,"_monsterinsights_sitenote_active":false,"_monsterinsights_sitenote_note":"","_monsterinsights_sitenote_category":0,"footnotes":""},"class_list":["post-8658","page","type-page","status-publish","hentry"],"_links":{"self":[{"href":"https:\/\/ifan.ucad.sn\/en\/wp-json\/wp\/v2\/pages\/8658","targetHints":{"allow":["GET"]}}],"collection":[{"href":"https:\/\/ifan.ucad.sn\/en\/wp-json\/wp\/v2\/pages"}],"about":[{"href":"https:\/\/ifan.ucad.sn\/en\/wp-json\/wp\/v2\/types\/page"}],"author":[{"embeddable":true,"href":"https:\/\/ifan.ucad.sn\/en\/wp-json\/wp\/v2\/users\/1"}],"replies":[{"embeddable":true,"href":"https:\/\/ifan.ucad.sn\/en\/wp-json\/wp\/v2\/comments?post=8658"}],"version-history":[{"count":7,"href":"https:\/\/ifan.ucad.sn\/en\/wp-json\/wp\/v2\/pages\/8658\/revisions"}],"predecessor-version":[{"id":8675,"href":"https:\/\/ifan.ucad.sn\/en\/wp-json\/wp\/v2\/pages\/8658\/revisions\/8675"}],"wp:attachment":[{"href":"https:\/\/ifan.ucad.sn\/en\/wp-json\/wp\/v2\/media?parent=8658"}],"curies":[{"name":"wp","href":"https:\/\/api.w.org\/{rel}","templated":true}]}}