{"id":8687,"date":"2026-01-28T13:14:56","date_gmt":"2026-01-28T12:14:56","guid":{"rendered":"https:\/\/ifan.ucad.sn\/?page_id=8687"},"modified":"2026-01-28T13:40:36","modified_gmt":"2026-01-28T12:40:36","slug":"dr-amy-kebe","status":"publish","type":"page","link":"https:\/\/ifan.ucad.sn\/en\/dr-amy-kebe\/","title":{"rendered":"Dr Amy KEBE"},"content":{"rendered":"\t\t<div data-elementor-type=\"wp-page\" data-elementor-id=\"8687\" class=\"elementor elementor-8687\">\n\t\t\t\t\t\t\t\t\t<section class=\"elementor-section elementor-top-section elementor-element elementor-element-95aab51 elementor-section-boxed elementor-section-height-default elementor-section-height-default\" data-id=\"95aab51\" data-element_type=\"section\">\n\t\t\t\t\t\t<div class=\"elementor-container elementor-column-gap-default\">\n\t\t\t\t\t<div class=\"elementor-column elementor-col-100 elementor-top-column elementor-element elementor-element-2250489\" data-id=\"2250489\" data-element_type=\"column\">\n\t\t\t<div class=\"elementor-widget-wrap elementor-element-populated\">\n\t\t\t\t\t\t\t\t<div class=\"elementor-element elementor-element-7406cd8 elementor-widget elementor-widget-heading\" data-id=\"7406cd8\" data-element_type=\"widget\" data-widget_type=\"heading.default\">\n\t\t\t\t<div class=\"elementor-widget-container\">\n\t\t\t<h2 class=\"elementor-heading-title elementor-size-default\">Docteur Amy KEBE<\/h2>\t\t<\/div>\n\t\t\t\t<\/div>\n\t\t\t\t\t<\/div>\n\t\t<\/div>\n\t\t\t\t\t\t\t<\/div>\n\t\t<\/section>\n\t\t\t\t<section class=\"elementor-section elementor-top-section elementor-element elementor-element-e8b5b04 elementor-section-boxed elementor-section-height-default elementor-section-height-default\" data-id=\"e8b5b04\" data-element_type=\"section\">\n\t\t\t\t\t\t<div class=\"elementor-container elementor-column-gap-default\">\n\t\t\t\t\t<div class=\"elementor-column elementor-col-33 elementor-top-column elementor-element elementor-element-c18c54f\" data-id=\"c18c54f\" data-element_type=\"column\">\n\t\t\t<div class=\"elementor-widget-wrap elementor-element-populated\">\n\t\t\t\t\t\t\t\t<div class=\"elementor-element elementor-element-fe6c01a elementor-invisible elementor-widget elementor-widget-image\" data-id=\"fe6c01a\" data-element_type=\"widget\" data-settings=\"{&quot;_animation&quot;:&quot;fadeIn&quot;}\" data-widget_type=\"image.default\">\n\t\t\t\t<div class=\"elementor-widget-container\">\n\t\t\t\t\t\t\t\t\t\t\t\t\t\t\t<img loading=\"lazy\" decoding=\"async\" width=\"768\" height=\"512\" src=\"https:\/\/ifan.ucad.sn\/wp-content\/uploads\/2026\/01\/dr-amy-kebe-1-768x512.jpg\" class=\"attachment-medium_large size-medium_large wp-image-8695\" alt=\"\" srcset=\"https:\/\/ifan.ucad.sn\/wp-content\/uploads\/2026\/01\/dr-amy-kebe-1-768x512.jpg 768w, https:\/\/ifan.ucad.sn\/wp-content\/uploads\/2026\/01\/dr-amy-kebe-1-300x200.jpg 300w, https:\/\/ifan.ucad.sn\/wp-content\/uploads\/2026\/01\/dr-amy-kebe-1-1024x683.jpg 1024w, https:\/\/ifan.ucad.sn\/wp-content\/uploads\/2026\/01\/dr-amy-kebe-1.jpg 1080w\" sizes=\"auto, (max-width: 768px) 100vw, 768px\" \/>\t\t\t\t\t\t\t\t\t\t\t\t\t\t\t<\/div>\n\t\t\t\t<\/div>\n\t\t\t\t\t<\/div>\n\t\t<\/div>\n\t\t\t\t<div class=\"elementor-column elementor-col-33 elementor-top-column elementor-element elementor-element-601466b\" data-id=\"601466b\" data-element_type=\"column\">\n\t\t\t<div class=\"elementor-widget-wrap\">\n\t\t\t\t\t\t\t\t\t<\/div>\n\t\t<\/div>\n\t\t\t\t<div class=\"elementor-column elementor-col-33 elementor-top-column elementor-element elementor-element-882f742\" data-id=\"882f742\" data-element_type=\"column\">\n\t\t\t<div class=\"elementor-widget-wrap elementor-element-populated\">\n\t\t\t\t\t\t\t\t<div class=\"elementor-element elementor-element-7e1d532 elementor-drop-cap-yes elementor-drop-cap-view-default elementor-widget elementor-widget-text-editor\" data-id=\"7e1d532\" data-element_type=\"widget\" data-settings=\"{&quot;drop_cap&quot;:&quot;yes&quot;}\" data-widget_type=\"text-editor.default\">\n\t\t\t\t<div class=\"elementor-widget-container\">\n\t\t\t\t\t\t\t<p><span style=\"color: #000000;\"><strong>Dr Amy K\u00e9b\u00e9 Man\u00e9<\/strong> est <strong>ma\u00eetresse de conf\u00e9rences titulaire au D\u00e9partement d\u2019anglais de l\u2019Universit\u00e9 Cheikh Anta Diop de Dakar<\/strong> et <strong>chercheure affili\u00e9e au <a href=\"https:\/\/ifan.ucad.sn\/antropologie-culturelle\/\">Laboratoire d\u2019Anthropologie Culturelle (LAC-IFAN)<\/a><\/strong>, o\u00f9 elle conduit des recherches interrogeant <strong>les relations entre genre, pouvoir, politiques publiques et dynamiques culturelles<\/strong>. Sp\u00e9cialiste des <strong>\u00e9tudes de genre<\/strong>, des <strong>f\u00e9minismes transnationaux<\/strong>, de la <strong>gouvernance inclusive et des th\u00e9ories postcoloniales<\/strong>, elle mobilise une approche interdisciplinaire articulant critique litt\u00e9raire, anthropologie culturelle et sociologie politique.<\/span><\/p><p><span style=\"color: #000000;\">Titulaire d\u2019un <strong>doctorat en \u00e9tudes anglaises de l\u2019Universit\u00e9 de Montr\u00e9al<\/strong>, compl\u00e9t\u00e9 par <strong>un DEA et une Ma\u00eetrise consacr\u00e9s \u00e0 la condition f\u00e9minine en Afrique \u00e0 l\u2019UCA<\/strong>D, elle a \u00e9galement enseign\u00e9 et men\u00e9 des recherches au Canada et aux \u00c9tats-Unis avant de rejoindre l\u2019IFAN. Ses travaux portent sur les subjectivit\u00e9s f\u00e9minines et diasporiques, les repr\u00e9sentations du corps noir dans les litt\u00e9ratures afro-diasporiques, les in\u00e9galit\u00e9s institutionnelles et les transformations li\u00e9es \u00e0 la transition \u00e9nerg\u00e9tique en Afrique.<\/span><\/p><p><span style=\"color: #000000;\">Elle a dirig\u00e9 ou contribu\u00e9 \u00e0 des programmes de recherche et d\u2019expertise pour plusieurs institutions, notamment les minist\u00e8res s\u00e9n\u00e9galais des Finances, de l\u2019\u00c9nergie et de la Microfinance, ainsi qu\u2019ONU Femmes, l\u2019Union Africaine, l\u2019OMVS et l\u2019OSS. Auteure de nombreux articles et contributions scientifiques, elle pr\u00e9pare un ouvrage consacr\u00e9 aux esth\u00e9tiques et m\u00e9moires du corps f\u00e9minin noir. Elle enseigne la <strong>th\u00e9orie postcoloniale<\/strong>, les<strong> \u00e9tudes f\u00e9ministes et les litt\u00e9ratures diasporiques<\/strong>, et intervient r\u00e9guli\u00e8rement dans des colloques internationaux sur les transformations sociales et culturelles en Afrique.<\/span><\/p>\t\t\t\t\t\t<\/div>\n\t\t\t\t<\/div>\n\t\t\t\t\t<\/div>\n\t\t<\/div>\n\t\t\t\t\t\t\t<\/div>\n\t\t<\/section>\n\t\t\t\t<section class=\"elementor-section elementor-top-section elementor-element elementor-element-d6958bb elementor-section-boxed elementor-section-height-default elementor-section-height-default\" data-id=\"d6958bb\" data-element_type=\"section\">\n\t\t\t\t\t\t<div class=\"elementor-container elementor-column-gap-default\">\n\t\t\t\t\t<div class=\"elementor-column elementor-col-100 elementor-top-column elementor-element elementor-element-3ba2749\" data-id=\"3ba2749\" data-element_type=\"column\">\n\t\t\t<div class=\"elementor-widget-wrap elementor-element-populated\">\n\t\t\t\t\t\t\t\t<div class=\"elementor-element elementor-element-bb9f84a elementor-invisible elementor-widget elementor-widget-accordion\" data-id=\"bb9f84a\" data-element_type=\"widget\" data-settings=\"{&quot;_animation&quot;:&quot;fadeIn&quot;}\" data-widget_type=\"accordion.default\">\n\t\t\t\t<div class=\"elementor-widget-container\">\n\t\t\t\t\t<div class=\"elementor-accordion\">\n\t\t\t\t\t\t\t<div class=\"elementor-accordion-item\">\n\t\t\t\t\t<div id=\"elementor-tab-title-1961\" class=\"elementor-tab-title\" data-tab=\"1\" role=\"button\" aria-controls=\"elementor-tab-content-1961\" aria-expanded=\"false\">\n\t\t\t\t\t\t\t\t\t\t\t\t\t<span class=\"elementor-accordion-icon elementor-accordion-icon-left\" aria-hidden=\"true\">\n\t\t\t\t\t\t\t\t\t\t\t\t\t\t\t<span class=\"elementor-accordion-icon-closed\"><i class=\"fas fa-plus\"><\/i><\/span>\n\t\t\t\t\t\t\t\t<span class=\"elementor-accordion-icon-opened\"><i class=\"fas fa-minus\"><\/i><\/span>\n\t\t\t\t\t\t\t\t\t\t\t\t\t\t<\/span>\n\t\t\t\t\t\t\t\t\t\t\t\t<a class=\"elementor-accordion-title\" tabindex=\"0\">Communications<\/a>\n\t\t\t\t\t<\/div>\n\t\t\t\t\t<div id=\"elementor-tab-content-1961\" class=\"elementor-tab-content elementor-clearfix\" data-tab=\"1\" role=\"region\" aria-labelledby=\"elementor-tab-title-1961\"><h4><span style=\"color: #000000;\"><strong>CONF\u00c9RENCES RECENTES<\/strong><\/span><\/h4><ul><li><span style=\"color: #000000;\"><em>Int\u00e9grer l\u2019\u00e9galit\u00e9 de genre et l\u2019\u00e9thique dans l\u2019usage de l\u2019IA pour la formation des enseignants en Afrique francophone<\/em>, Formation des enseignants et Intelligence artificielle (IA) dans l\u2019espace francophone : innovations p\u00e9dagogiques, inclusion et qualit\u00e9 \u00bb RUFIFESE &#8211; 2025\u00a0\u00a0 R\u00e9seau Universitaire Francophone pour l&#8217;Innovation p\u00e9dagogique,7 Novembre 2025, Dakar, S\u00e9n\u00e9gal<\/span><\/li><li><span style=\"color: #000000;\"><em>Women, Waste, and Energy: Exploring Feminist Pathways in Africa\u2019s Green Fuel Future\u201d, <\/em>International Conference on Circular Economy, Renewable Energies and Green Hydrogen in Africa (ICERA 2025), 21-22 October 2025 Windhoek, Namibia<\/span><\/li><li><span style=\"color: #000000;\"><em>\u00a0<\/em><em>Repenser les Normes de Gestion dans l\u2019Entrepreneuriat F\u00e9minin\u00a0: Tensions, Adaptations et R\u00e9sistances en Contexte Ouest\u2011africain<\/em><em>, <\/em><a style=\"color: #000000;\" href=\"https:\/\/www.linkedin.com\/in\/fisedaf-finance-solidaire-entrepreneuriat-durable-afrique-95021737b\/\">FISEDAF <\/a>2025 <em>Le Consortium r\u00e9gional pour la recherche en \u00e9conomie g\u00e9n\u00e9rationnelle (CREG, <\/em><em>Montpellier Business School Le 08-09 octobre 2025<\/em><\/span><\/li><li><span style=\"color: #000000;\"><em>Interculturalit\u00e9, Transnationalisme et Maternit\u00e9 Entrav\u00e9e : Dynamiques de D\u00e9placement dans les \u0152uvres de Marlene Nourbese Philip, <\/em><em>L\u2019interculturel : entre Traditions, H\u00e9ritages, Modernit\u00e9s et Circulations XX<\/em><em>\u1d49 Congres Association Internationale pour la Recherche Interculturelle (ARIC), en collaboration avec la FLSH\u00a0 8-9-10-11 juillet 2025, <\/em>Cheikh Anta Diop University of Dakar<\/span><\/li><li><span style=\"color: #000000;\"><em>Gender and Climate Governance, Addressing Women\u2019s Role in Sustainable Energy Transition Trends<\/em>, WASCAL (Centre Ouest-Africain de Service Scientifique sur le Changement Climatique et l\u2019Utilisation Adapt\u00e9e\u00a0des Terres), Cheikh Anta Diop University of Dakar (Dakar, 2024).<\/span><\/li><li><span style=\"color: #000000;\"><em>Green Hydrogen Economy: Paving the Way for a Just and Inclusive Energy Transition<\/em><\/span><br \/><span style=\"color: #000000;\">The second International Conference on Circular Economy, Renewable Energy and Green Hydrogen (ICERA 2024) (Lom\u00e9, 2024).<\/span><\/li><li><span style=\"color: #000000;\"><em>Reversing Gender Disparities in the Energy Transition: Empowering Women in STEM<\/em><\/span><br \/><span style=\"color: #000000;\">The African Conference of Women Engineers and Scientists (ACWES) (Kigali, 2024).<\/span><\/li><\/ul><h4><span style=\"color: #000000;\"><strong>Panels\/Ateliers\/Tables Rondes\/Formation<\/strong><\/span><\/h4><ul><li><span style=\"color: #000000;\"><em>Participation au panel sur la construction et la mesure des indicateurs de genre dans les politiques publiques et le suivi-\u00e9valuation sensible au genre, Direction de l\u2019Equite et de l\u2019Egalite du Genre, (DEEG), Minist\u00e8re de la Famille et des Solidarit\u00e9s Dakar, septembre 2025<\/em><\/span><\/li><li><span style=\"color: #000000;\"><em>Invit\u00e9e du CRDI pour contribuer aux discussions sur l\u2019int\u00e9gration du genre et de la justice sociale dans les transitions agro\u00e9cologiques et les politiques de s\u00e9curit\u00e9 alimentaire \u00e0 l\u2019Atelier r\u00e9gional sur la transformation des syst\u00e8mes alimentaires en Afrique et au Moyen-Orient \u2013 CRDI (Canada) H\u00f4tel Royal Horizon Baobab, Somone, 18\u201320 novembre 2025<\/em><\/span><\/li><li><span style=\"color: #000000;\"><em>Organisatrice de l\u2019atelier : \u00ab Int\u00e9gration du Genre dans la GIRE : Le Cas du PGIRE II \u00bb<\/em>, Organisation pour la Mise en Valeur du Fleuve S\u00e9n\u00e9gal, Dakar, 8 mars 2022.<\/span><\/li><li><span style=\"color: #000000;\">Atelier: <em>Gender and Integrated Water Resources Management (IWRM)<\/em>, 9\u00e8me Forum Mondial de l\u2019Eau Dakar, 21 mars 2022.<\/span><\/li><li><span style=\"color: #000000;\">Atelier de formation en genre : <em>Renforcement des capacit\u00e9s Environnementales &amp; Sociales des producteurs de Foyers Am\u00e9lior\u00e9s (FA) au S\u00e9n\u00e9gal<\/em>, Mbour, 28 mars 2022.<\/span><\/li><li><span style=\"color: #000000;\">Conf\u00e9rence: <em>\u201cWhere is This?\u201d Theorizing Place, Gender, Race and Transnationalism in Dionne Brand\u2019s In Another Place not Here<\/em>, English Department, Cheikh Anta Diop University of Dakar, Senegal, Translation Symposium Conference, Africa and her diasporas, 14-18 juin 2022.<\/span><\/li><li><span style=\"color: #000000;\">Atelier: <em>Salzburg Global Seminar Defining America: New Writing, New Voices, New Directions<\/em>, Salzbourg, Autriche, 27 septembre &#8211; 01 octobre 2014.<\/span><\/li><li><span style=\"color: #000000;\">Workshop Organiser: <em>Pour l&#8217;am\u00e9lioration de la transformation sociale selon le genre; quelles options politiques, strat\u00e9giques institutionnelles propices?<\/em> World Social Forum, Dakar, 8 f\u00e9vrier 2011.<\/span><\/li><li><span style=\"color: #000000;\">Workshop: <em>\u201cLe Marketing Social, une Strat\u00e9gie parmi d\u2019autres pour Am\u00e9liorer la Condition F\u00e9minine\u201d<\/em>, World Social Forum, Dakar, 8 f\u00e9vrier 2011.<\/span><\/li><li><span style=\"color: #000000;\">Panel Chair: <em>\u201cMigrants Sans-papiers\u201d<\/em>, Panel propos\u00e9 par le Comit\u00e9 Sant\u00e9 Migrants de Montr\u00e9al au 12e Congr\u00e8s national de Metropolis, IMMIGRATION ET DIVERSIT\u00c9, Montr\u00e9al, 18-21 mars 2010.<\/span><\/li><li><span style=\"color: #000000;\">Panel Chair: <em>\u201cThe Author as Visitor\u201d<\/em>, Association of Canadian and Quebec Literatures (ACQL), Congress of The Humanities and Social Sciences, Saskatchewan University, Saskatoon, 28 mai 2007.<\/span><\/li><li><span style=\"color: #000000;\">Panel Chair: <em>\u201cCanLit and the Americas: Nation and Exile\u201d<\/em>, TransCanada Two: Literature, Institutions, Citizenship, University of Guelph, Ontario, 11-14 octobre 2007.<\/span><\/li><li><span style=\"color: #000000;\">Round Table: <em>\u201cCriteria Families Use in Deciding Whether to Migrate to Canada\u201d<\/em>, organized by Citizenship and Immigration Canada, 11th National Metropolis Conference, Calgary, 19-22 mars 2009.<\/span><\/li><li><span style=\"color: #000000;\">Workshop: <em>\u201cWhere is This?\u201d Historicising Geography, Respatializing History in Dionne Brand\u2019s In Another Place not Here<\/em>, University of Guelph &amp; Universit\u00e9 de Montr\u00e9al, janvier 2007.<\/span><\/li><li><span style=\"color: #000000;\">Workshop: <em>\u201cCaribbean Canadian Women Writers: Theorizing Transnationality and Postmodernity\u201d<\/em>, University of Guelph &amp; Universit\u00e9 de Montr\u00e9al, mai 2006.<\/span><\/li><li><span style=\"color: #000000;\">Workshop: <em>\u201cWomen and Dictatorship in Somalia\u201d<\/em>, Foreign Language Association, Maine, USA, mars 2001.<\/span><\/li><li><span style=\"color: #000000;\">Workshop: <em>\u201cFemale Circumcision and Infibulation in the Somali Society\u201d<\/em>, Foreign Language Association, Maine, USA, mars 2002.<\/span><\/li><li><span style=\"color: #000000;\">Training: <em>Training of Trainers Workshop of the AU Peace Support Operations<\/em>, Nazareth, Ethiopia, 2 &#8211; 4 octobre 2011.<\/span><\/li><li><span style=\"color: #000000;\">Training: <em>Regional Workshop Enhancing Capacity of African Countries to Eradicate Violence Against Women<\/em>, Addis Ababa, Ethiopia, 05-07 octobre 2011.<\/span><\/li><li><span style=\"color: #000000;\">Training: <em>Workshop on the Finalization of the Report of the Panel of the Wise on the African Efforts to Mitigate the Impact of Armed Conflicts on Women and Children<\/em>, Dakar, S\u00e9n\u00e9gal, 24-25 octobre 2011.<\/span><\/li><li><span style=\"color: #000000;\">Training: <em>Gestion ax\u00e9e sur les r\u00e9sultats et indicateurs de performance<\/em>, Casablanca, 3-14 d\u00e9cembre 2012.<\/span><\/li><\/ul><h4><span style=\"color: #000000;\"><strong>Conf\u00e9rences Acad\u00e9miques <\/strong><\/span><\/h4><ul><li><span style=\"color: #000000;\"><em>\u201cTaking Care into Consideration: Local and Transnational Implications for Families, Children, and Youth\u201d<\/em>, Metropolis Conference, Montreal, Qu\u00e9bec, 18-21 mars 2010.<\/span><\/li><li><span style=\"color: #000000;\"><em>\u201cMigration to the Global North: Gender, Class, and Domestic Labour in Dionne Brand&#8217;s In Another Place not Here\u201d<\/em>, Midwest Modern Language Association convention, St. Louis, Missouri, 12-15 novembre 2010.<\/span><\/li><li><span style=\"color: #000000;\"><em>\u201cMarginal Citizenships: Female Migrant Labour in Globalization\u201d<\/em>, Atlantic Metropolis Centre of Excellence, Halifax, avril 2009.<\/span><\/li><li><span style=\"color: #000000;\"><em>\u201cDi Brandt\/Dionne Brand and Surprises of Open-Ended Collaboration\u201d<\/em>, Mount Allison University, Sackville, juillet 2009.<\/span><\/li><li><span style=\"color: #000000;\"><em>\u201cCaribbean Canadian Women Writers: Theorizing Diaspora, Transnationality and Female Migrant Labour,\u201d<\/em> Saskatchewan University, Saskatoon, Mai 2007.<\/span><\/li><li><span style=\"color: #000000;\"><em>\u201cTransnationality and Female Migrant Labour in Diasporic Women\u2019s Writing\u201d<\/em>, Toronto, mars 2007.<\/span><\/li><li><span style=\"color: #000000;\"><em>\u201cEngendering Diaspora and the &#8216;Nation&#8217;\u201d<\/em>, Congress of the Canadian Association of Latin American and Caribbean Studies (CALACS), Calgary, Septembre 2006.<\/span><\/li><\/ul><\/div>\n\t\t\t\t<\/div>\n\t\t\t\t\t\t\t<div class=\"elementor-accordion-item\">\n\t\t\t\t\t<div id=\"elementor-tab-title-1962\" class=\"elementor-tab-title\" data-tab=\"2\" role=\"button\" aria-controls=\"elementor-tab-content-1962\" aria-expanded=\"false\">\n\t\t\t\t\t\t\t\t\t\t\t\t\t<span class=\"elementor-accordion-icon elementor-accordion-icon-left\" aria-hidden=\"true\">\n\t\t\t\t\t\t\t\t\t\t\t\t\t\t\t<span class=\"elementor-accordion-icon-closed\"><i class=\"fas fa-plus\"><\/i><\/span>\n\t\t\t\t\t\t\t\t<span class=\"elementor-accordion-icon-opened\"><i class=\"fas fa-minus\"><\/i><\/span>\n\t\t\t\t\t\t\t\t\t\t\t\t\t\t<\/span>\n\t\t\t\t\t\t\t\t\t\t\t\t<a class=\"elementor-accordion-title\" tabindex=\"0\">Publications<\/a>\n\t\t\t\t\t<\/div>\n\t\t\t\t\t<div id=\"elementor-tab-content-1962\" class=\"elementor-tab-content elementor-clearfix\" data-tab=\"2\" role=\"region\" aria-labelledby=\"elementor-tab-title-1962\"><h4><span style=\"color: #000000;\"><strong>Articles scientifiques et chapitres d\u2019ouvrages <\/strong><\/span><\/h4><ul><li><span style=\"color: #000000;\"><strong>Kebe, Amy.<\/strong> \u201cGreen Hydrogen Economy: Paving the Way for a Just and Inclusive Energy Transition.\u201d <em>African Green Transition through Innovative Pathways<\/em>, edited by Mona-Maria Narra and Satyanarayana Narra, 1st ed., World Sustainability Series, Springer, 2024. ISBN 978-3-031-87042-2.<\/span><\/li><li><span style=\"color: #000000;\">\u201cPostmodern Caribbean Subjectivities: Challenging Feminist and Diasporic Discourses in Dionne Brand&#8217;s No Burden to Carry.\u201d <em>Across Disciplinary Boundaries Publication of ITECOM Academy<\/em>, Number 1, May 2011.<\/span><\/li><li><span style=\"color: #000000;\"><strong>Amy Kebe<\/strong>, BA, MA, PhD, Stephanie Bouris, BSc, Anita Gagnon, RN, MPH, PhD, Lisa Merry, RN, MSc, &#8220;Dual Country Motherhood: Mothering Here and Mothering There: International Migration and Postbirth Mental Health,&#8221; <em>Obstetrics and Gynecology International<\/em>, vol. 2012, Article ID 593413, 6 pages, 2012. doi:10.1155\/2012\/593413.<\/span><\/li><li><span style=\"color: #000000;\">\u201cRewriting Gender and the Nation in Makeda Silvera\u2019s Silenced and The Heart Does Not Bend.\u201d <em>Beyond the Canebrakes: West Indian Women Writers in Canada<\/em>. Trenton, NJ: Africa World Press. Emily Williams: 279-303, 2008.<\/span><\/li><li><span style=\"color: #000000;\">\u201cTheories of Gendered Diasporas: Writing Woman and the Nation in Dionne Brand&#8217;s No Burden to Carry\u201d <em>Proceedings of the 2005 and 2006 Graduate Student Conferences in Comparative Canadian Literature<\/em>, Sherbrooke University, Les \u00c9ditions Topeda Hill, Coaticook, (Qu\u00e9bec), March 2009.<\/span><\/li><li><span style=\"color: #000000;\">Guest Editor of <em>Montreal\u2019s Multicultural Magazine<\/em> Second Issue: <em>Living In-Between-Spaces<\/em> (forthcoming) 2009.<\/span><\/li><li><span style=\"color: #000000;\">Profiling Essay: \u201cMigration to Canada: A History of (Dis) locations,\u201d <em>Montreal\u2019s Multicultural Magazine<\/em> Second Issue (forthcoming) 2009: 1-6.<\/span><\/li><li><span style=\"color: #000000;\">\u201cNi D\u2019ici, Ni D\u2019ailleurs, la Musique du S\u00e9n\u00e9gal Dans l\u2019Entre-deux : Interview avec Zale Idrissa Seck,\u201d <em>Montreal\u2019s Multicultural Magazine<\/em> Second Issue 2009: 1-10.<\/span><\/li><li><span style=\"color: #000000;\">\u201cThe Abdication\u201d <em>The Soleil Dakar<\/em>, Senegal, Fall 2000, pp 1-10.<\/span><\/li><li><span style=\"color: #000000;\">\u201cThe Psychoanalytic Approach\u201d <em>The Soleil Dakar<\/em>, Senegal, Summer 2000, pp 1-8.<\/span><\/li><li><span style=\"color: #000000;\">\u201cIt Ain\u2019t Home\u2026Yet\u201d: Overcoming Displacement and Homelessness in Rural Nova Scotia.\u201d <em>Is Atlantic Canada a Home Away from Home for Immigrants?<\/em> Evangelia Tastsoglou and Barbara Cottrell, book to be published in 2012 by Fernwood Press. In Progress.<\/span><\/li><li><span style=\"color: #000000;\">\u201cMigratory Feminism(s): Feminist Transnational Linkages Across Barriers.\u201d <em>Feminism and Migration: Cross-cultural Engagements<\/em>. Proceedings of the \u201cCriteria Families Use in Deciding Whether to Migrate to Canada\u201d roundtable during the 2009 Metropolis conference in Calgary.<\/span><\/li><\/ul><\/div>\n\t\t\t\t<\/div>\n\t\t\t\t\t\t\t\t<\/div>\n\t\t\t\t<\/div>\n\t\t\t\t<\/div>\n\t\t\t\t\t<\/div>\n\t\t<\/div>\n\t\t\t\t\t\t\t<\/div>\n\t\t<\/section>\n\t\t\t\t\t\t\t<\/div>\n\t\t","protected":false},"excerpt":{"rendered":"<p>Docteur Amy KEBE Dr Amy K\u00e9b\u00e9 Man\u00e9 est ma\u00eetresse de conf\u00e9rences titulaire au D\u00e9partement d\u2019anglais de l\u2019Universit\u00e9 Cheikh Anta Diop de Dakar et chercheure affili\u00e9e au Laboratoire d\u2019Anthropologie Culturelle (LAC-IFAN), o\u00f9 elle conduit des recherches interrogeant les relations entre genre, pouvoir, politiques publiques et dynamiques culturelles. Sp\u00e9cialiste des \u00e9tudes de genre, des f\u00e9minismes transnationaux, de [&hellip;]<\/p>\n","protected":false},"author":1,"featured_media":0,"parent":0,"menu_order":0,"comment_status":"closed","ping_status":"closed","template":"elementor_header_footer","meta":{"_monsterinsights_skip_tracking":false,"_monsterinsights_sitenote_active":false,"_monsterinsights_sitenote_note":"","_monsterinsights_sitenote_category":0,"footnotes":""},"class_list":["post-8687","page","type-page","status-publish","hentry"],"_links":{"self":[{"href":"https:\/\/ifan.ucad.sn\/en\/wp-json\/wp\/v2\/pages\/8687","targetHints":{"allow":["GET"]}}],"collection":[{"href":"https:\/\/ifan.ucad.sn\/en\/wp-json\/wp\/v2\/pages"}],"about":[{"href":"https:\/\/ifan.ucad.sn\/en\/wp-json\/wp\/v2\/types\/page"}],"author":[{"embeddable":true,"href":"https:\/\/ifan.ucad.sn\/en\/wp-json\/wp\/v2\/users\/1"}],"replies":[{"embeddable":true,"href":"https:\/\/ifan.ucad.sn\/en\/wp-json\/wp\/v2\/comments?post=8687"}],"version-history":[{"count":10,"href":"https:\/\/ifan.ucad.sn\/en\/wp-json\/wp\/v2\/pages\/8687\/revisions"}],"predecessor-version":[{"id":8702,"href":"https:\/\/ifan.ucad.sn\/en\/wp-json\/wp\/v2\/pages\/8687\/revisions\/8702"}],"wp:attachment":[{"href":"https:\/\/ifan.ucad.sn\/en\/wp-json\/wp\/v2\/media?parent=8687"}],"curies":[{"name":"wp","href":"https:\/\/api.w.org\/{rel}","templated":true}]}}